{"id":1049,"date":"2018-10-23T13:05:57","date_gmt":"2018-10-23T11:05:57","guid":{"rendered":"https:\/\/triton.u707.jussieu.fr\/hepatherWPpreprod\/?page_id=1049"},"modified":"2019-03-29T11:01:36","modified_gmt":"2019-03-29T10:01:36","slug":"methodologie","status":"publish","type":"page","link":"https:\/\/triton.iplesp.upmc.fr\/hepather_ANRS\/la-cohorte\/description-de-la-cohorte\/methodologie\/","title":{"rendered":"M\u00e9thodologie"},"content":{"rendered":"<p>La cohorte ANRS CO22 Hepather est constitu\u00e9e de patients atteints du virus de l&rsquo;h\u00e9patite B \u2013 VHB et\/ou du virus de l&rsquo;h\u00e9patite C chronique, aig\u00fce ou gu\u00e9rie.<\/p>\n<p>Il s&rsquo;agit d&rsquo;une \u00e9tude <b>observationnelle multicentrique<\/b> sous forme de partenariat public et priv\u00e9 avec un recueil prospectif de donn\u00e9es et la constitution de collections biologiques au sein de 38 centres experts en h\u00e9pathologie.<\/p>\n<p><\/p>\n<p>Les donn\u00e9es des patients sont collect\u00e9es lors d&rsquo;une premi\u00e8re <b>visite <\/b><b>d\u2019inclusion <\/b>et lors de visites de suivi annuelles. Le 18 juillet 2018, la commission nationale informatique et libert\u00e9 \u2013 CNIL, a autoris\u00e9 le chainage des donn\u00e9es avec celles du Syst\u00e8me National des Donn\u00e9es de Sant\u00e9 \u2013 SNDS, pour les personnes qui y auront consenti par \u00e9crit.<\/p>\n<p>La p\u00e9riode d&rsquo;inclusion qui a d\u00e9but\u00e9 le 06 ao\u00fbt 2012 et qui devait initialement s&rsquo;achever le 31 d\u00e9cembre 2015 est prolong\u00e9e au 30 juin 2018 en France et au 30 avril 2019 en Belgique suite \u00e0 l&rsquo;int\u00e9gration des patients issus des cohortes <strong>ANRS CO12 CIRVIR<\/strong> (Cohorte prospective multicentrique de patients atteints de cirrhose virale B et\/ou C non compliqu\u00e9e) et <strong>ANRS CO23 CUPILT<\/strong> (Observatoire des patients transplant\u00e9s h\u00e9patiques pr\u00e9sentant une r\u00e9cidive virale C trait\u00e9s par un agent antiviral direct). Le suivi s&rsquo;effectuera sur une dur\u00e9e moyenne de 7-8 ans.<\/p>\n<p>Sur les <b>25.000<\/b> patients attendus, <b>22.000 <\/b>patients environ participent \u00e0 l&rsquo;\u00e9tude \u00e0 ce jour, dont 14.660 patients atteints d&rsquo;une infection par VHC active ou pass\u00e9e et 6.257 patients atteints d&rsquo;une infection par VHB aigu\u00eb ou chronique.<\/p>\n<p>Parmi les informations collect\u00e9es sont recherch\u00e9s les \u00e9v\u00e9nements de sant\u00e9 particuliers comme l&rsquo;histoire de la maladie, les ant\u00e9c\u00e9dents m\u00e9dicaux, la charge virale \u00e0 l&rsquo;inclusion, la survenue de cirrhose ou cancer, les d\u00e9c\u00e8s, les maladies cardio-vasculaires, les traitements pris et les changements de traitement, la survenue de fibrose, de complications, de r\u00e9infections et Ev\u00e9nements Ind\u00e9sirables Graves \u2013 EIG.<\/p>\n<p>Un questionnaire sur la qualit\u00e9 de vie est \u00e9galement adress\u00e9 aux patients.<br \/>\nLes donn\u00e9es sont stock\u00e9es sur des serveurs <b>s\u00e9curis\u00e9s<\/b>.<\/p>\n<p>La cohorte ANRS CO22 Hepather constituera une plateforme de recherche pour r\u00e9pondre aux questions cl\u00e9s, comme la progression de la maladie et ses complications, et pour \u00e9valuer l&rsquo;innocuit\u00e9 et l&rsquo;efficacit\u00e9 des traitements antiviraux dans la vie r\u00e9elle.<\/p>\n<p>Cette \u00e9tude a \u00e9t\u00e9 autoris\u00e9e par le CPP Ile de France 3, l&rsquo;ANSM et la CNIL.<\/p>\n","protected":false},"excerpt":{"rendered":"<p>La cohorte ANRS CO22 Hepather est constitu\u00e9e de patients atteints du virus de l&rsquo;h\u00e9patite B \u2013 VHB et\/ou du virus de l&rsquo;h\u00e9patite C chronique, aig\u00fce ou gu\u00e9rie. Il s&rsquo;agit d&rsquo;une \u00e9tude observationnelle multicentrique sous forme de partenariat public et priv\u00e9 avec un recueil prospectif de donn\u00e9es et la constitution de collections biologiques au sein de [&hellip;]<\/p>\n","protected":false},"author":2,"featured_media":0,"parent":165,"menu_order":0,"comment_status":"closed","ping_status":"closed","template":"","meta":{"_bbp_topic_count":0,"_bbp_reply_count":0,"_bbp_total_topic_count":0,"_bbp_total_reply_count":0,"_bbp_voice_count":0,"_bbp_anonymous_reply_count":0,"_bbp_topic_count_hidden":0,"_bbp_reply_count_hidden":0,"_bbp_forum_subforum_count":0,"jetpack_post_was_ever_published":false,"footnotes":""},"class_list":["post-1049","page","type-page","status-publish","hentry"],"yoast_head":"<!-- This site is optimized with the Yoast SEO plugin v27.2 - https:\/\/yoast.com\/product\/yoast-seo-wordpress\/ -->\n<title>M\u00e9thodologie - ANRS CO22 HEPATHER<\/title>\n<meta name=\"robots\" content=\"index, follow, max-snippet:-1, max-image-preview:large, max-video-preview:-1\" \/>\n<link rel=\"canonical\" href=\"https:\/\/triton.iplesp.upmc.fr\/hepather_ANRS\/la-cohorte\/description-de-la-cohorte\/methodologie\/\" \/>\n<meta property=\"og:locale\" content=\"fr_FR\" \/>\n<meta property=\"og:type\" content=\"article\" \/>\n<meta property=\"og:title\" content=\"M\u00e9thodologie - ANRS CO22 HEPATHER\" \/>\n<meta property=\"og:description\" content=\"La cohorte ANRS CO22 Hepather est constitu\u00e9e de patients atteints du virus de l&rsquo;h\u00e9patite B \u2013 VHB et\/ou du virus de l&rsquo;h\u00e9patite C chronique, aig\u00fce ou gu\u00e9rie. Il s&rsquo;agit d&rsquo;une \u00e9tude observationnelle multicentrique sous forme de partenariat public et priv\u00e9 avec un recueil prospectif de donn\u00e9es et la constitution de collections biologiques au sein de [&hellip;]\" \/>\n<meta property=\"og:url\" content=\"https:\/\/triton.iplesp.upmc.fr\/hepather_ANRS\/la-cohorte\/description-de-la-cohorte\/methodologie\/\" \/>\n<meta property=\"og:site_name\" content=\"ANRS CO22 HEPATHER\" \/>\n<meta property=\"article:modified_time\" content=\"2019-03-29T10:01:36+00:00\" \/>\n<meta name=\"twitter:card\" content=\"summary_large_image\" \/>\n<meta name=\"twitter:label1\" content=\"Dur\u00e9e de lecture estim\u00e9e\" \/>\n\t<meta name=\"twitter:data1\" content=\"2 minutes\" \/>\n<script type=\"application\/ld+json\" class=\"yoast-schema-graph\">{\"@context\":\"https:\/\/schema.org\",\"@graph\":[{\"@type\":\"WebPage\",\"@id\":\"https:\/\/triton.iplesp.upmc.fr\/hepather_ANRS\/la-cohorte\/description-de-la-cohorte\/methodologie\/\",\"url\":\"https:\/\/triton.iplesp.upmc.fr\/hepather_ANRS\/la-cohorte\/description-de-la-cohorte\/methodologie\/\",\"name\":\"M\u00e9thodologie - ANRS CO22 HEPATHER\",\"isPartOf\":{\"@id\":\"https:\/\/triton.iplesp.upmc.fr\/hepather_ANRS\/#website\"},\"datePublished\":\"2018-10-23T11:05:57+00:00\",\"dateModified\":\"2019-03-29T10:01:36+00:00\",\"breadcrumb\":{\"@id\":\"https:\/\/triton.iplesp.upmc.fr\/hepather_ANRS\/la-cohorte\/description-de-la-cohorte\/methodologie\/#breadcrumb\"},\"inLanguage\":\"fr-FR\",\"potentialAction\":[{\"@type\":\"ReadAction\",\"target\":[\"https:\/\/triton.iplesp.upmc.fr\/hepather_ANRS\/la-cohorte\/description-de-la-cohorte\/methodologie\/\"]}]},{\"@type\":\"BreadcrumbList\",\"@id\":\"https:\/\/triton.iplesp.upmc.fr\/hepather_ANRS\/la-cohorte\/description-de-la-cohorte\/methodologie\/#breadcrumb\",\"itemListElement\":[{\"@type\":\"ListItem\",\"position\":1,\"name\":\"Accueil\",\"item\":\"https:\/\/triton.iplesp.upmc.fr\/hepather_ANRS\/\"},{\"@type\":\"ListItem\",\"position\":2,\"name\":\"La cohorte\",\"item\":\"https:\/\/triton.iplesp.upmc.fr\/hepather_ANRS\/la-cohorte\/\"},{\"@type\":\"ListItem\",\"position\":3,\"name\":\"Description de la cohorte\",\"item\":\"https:\/\/triton.iplesp.upmc.fr\/hepather_ANRS\/la-cohorte\/description-de-la-cohorte\/\"},{\"@type\":\"ListItem\",\"position\":4,\"name\":\"M\u00e9thodologie\"}]},{\"@type\":\"WebSite\",\"@id\":\"https:\/\/triton.iplesp.upmc.fr\/hepather_ANRS\/#website\",\"url\":\"https:\/\/triton.iplesp.upmc.fr\/hepather_ANRS\/\",\"name\":\"ANRS CO22 HEPATHER\",\"description\":\"\",\"publisher\":{\"@id\":\"https:\/\/triton.iplesp.upmc.fr\/hepather_ANRS\/#organization\"},\"potentialAction\":[{\"@type\":\"SearchAction\",\"target\":{\"@type\":\"EntryPoint\",\"urlTemplate\":\"https:\/\/triton.iplesp.upmc.fr\/hepather_ANRS\/?s={search_term_string}\"},\"query-input\":{\"@type\":\"PropertyValueSpecification\",\"valueRequired\":true,\"valueName\":\"search_term_string\"}}],\"inLanguage\":\"fr-FR\"},{\"@type\":\"Organization\",\"@id\":\"https:\/\/triton.iplesp.upmc.fr\/hepather_ANRS\/#organization\",\"name\":\"IPLESP UMRS 1136\",\"url\":\"https:\/\/triton.iplesp.upmc.fr\/hepather_ANRS\/\",\"logo\":{\"@type\":\"ImageObject\",\"inLanguage\":\"fr-FR\",\"@id\":\"https:\/\/triton.iplesp.upmc.fr\/hepather_ANRS\/#\/schema\/logo\/image\/\",\"url\":\"https:\/\/i0.wp.com\/triton.iplesp.upmc.fr\/hepather_ANRS\/wp-content\/uploads\/2019\/02\/logoTagline_anrs_white.png?fit=464%2C175&ssl=1\",\"contentUrl\":\"https:\/\/i0.wp.com\/triton.iplesp.upmc.fr\/hepather_ANRS\/wp-content\/uploads\/2019\/02\/logoTagline_anrs_white.png?fit=464%2C175&ssl=1\",\"width\":464,\"height\":175,\"caption\":\"IPLESP UMRS 1136\"},\"image\":{\"@id\":\"https:\/\/triton.iplesp.upmc.fr\/hepather_ANRS\/#\/schema\/logo\/image\/\"}}]}<\/script>\n<!-- \/ Yoast SEO plugin. -->","yoast_head_json":{"title":"M\u00e9thodologie - ANRS CO22 HEPATHER","robots":{"index":"index","follow":"follow","max-snippet":"max-snippet:-1","max-image-preview":"max-image-preview:large","max-video-preview":"max-video-preview:-1"},"canonical":"https:\/\/triton.iplesp.upmc.fr\/hepather_ANRS\/la-cohorte\/description-de-la-cohorte\/methodologie\/","og_locale":"fr_FR","og_type":"article","og_title":"M\u00e9thodologie - ANRS CO22 HEPATHER","og_description":"La cohorte ANRS CO22 Hepather est constitu\u00e9e de patients atteints du virus de l&rsquo;h\u00e9patite B \u2013 VHB et\/ou du virus de l&rsquo;h\u00e9patite C chronique, aig\u00fce ou gu\u00e9rie. Il s&rsquo;agit d&rsquo;une \u00e9tude observationnelle multicentrique sous forme de partenariat public et priv\u00e9 avec un recueil prospectif de donn\u00e9es et la constitution de collections biologiques au sein de [&hellip;]","og_url":"https:\/\/triton.iplesp.upmc.fr\/hepather_ANRS\/la-cohorte\/description-de-la-cohorte\/methodologie\/","og_site_name":"ANRS CO22 HEPATHER","article_modified_time":"2019-03-29T10:01:36+00:00","twitter_card":"summary_large_image","twitter_misc":{"Dur\u00e9e de lecture estim\u00e9e":"2 minutes"},"schema":{"@context":"https:\/\/schema.org","@graph":[{"@type":"WebPage","@id":"https:\/\/triton.iplesp.upmc.fr\/hepather_ANRS\/la-cohorte\/description-de-la-cohorte\/methodologie\/","url":"https:\/\/triton.iplesp.upmc.fr\/hepather_ANRS\/la-cohorte\/description-de-la-cohorte\/methodologie\/","name":"M\u00e9thodologie - ANRS CO22 HEPATHER","isPartOf":{"@id":"https:\/\/triton.iplesp.upmc.fr\/hepather_ANRS\/#website"},"datePublished":"2018-10-23T11:05:57+00:00","dateModified":"2019-03-29T10:01:36+00:00","breadcrumb":{"@id":"https:\/\/triton.iplesp.upmc.fr\/hepather_ANRS\/la-cohorte\/description-de-la-cohorte\/methodologie\/#breadcrumb"},"inLanguage":"fr-FR","potentialAction":[{"@type":"ReadAction","target":["https:\/\/triton.iplesp.upmc.fr\/hepather_ANRS\/la-cohorte\/description-de-la-cohorte\/methodologie\/"]}]},{"@type":"BreadcrumbList","@id":"https:\/\/triton.iplesp.upmc.fr\/hepather_ANRS\/la-cohorte\/description-de-la-cohorte\/methodologie\/#breadcrumb","itemListElement":[{"@type":"ListItem","position":1,"name":"Accueil","item":"https:\/\/triton.iplesp.upmc.fr\/hepather_ANRS\/"},{"@type":"ListItem","position":2,"name":"La cohorte","item":"https:\/\/triton.iplesp.upmc.fr\/hepather_ANRS\/la-cohorte\/"},{"@type":"ListItem","position":3,"name":"Description de la cohorte","item":"https:\/\/triton.iplesp.upmc.fr\/hepather_ANRS\/la-cohorte\/description-de-la-cohorte\/"},{"@type":"ListItem","position":4,"name":"M\u00e9thodologie"}]},{"@type":"WebSite","@id":"https:\/\/triton.iplesp.upmc.fr\/hepather_ANRS\/#website","url":"https:\/\/triton.iplesp.upmc.fr\/hepather_ANRS\/","name":"ANRS CO22 HEPATHER","description":"","publisher":{"@id":"https:\/\/triton.iplesp.upmc.fr\/hepather_ANRS\/#organization"},"potentialAction":[{"@type":"SearchAction","target":{"@type":"EntryPoint","urlTemplate":"https:\/\/triton.iplesp.upmc.fr\/hepather_ANRS\/?s={search_term_string}"},"query-input":{"@type":"PropertyValueSpecification","valueRequired":true,"valueName":"search_term_string"}}],"inLanguage":"fr-FR"},{"@type":"Organization","@id":"https:\/\/triton.iplesp.upmc.fr\/hepather_ANRS\/#organization","name":"IPLESP UMRS 1136","url":"https:\/\/triton.iplesp.upmc.fr\/hepather_ANRS\/","logo":{"@type":"ImageObject","inLanguage":"fr-FR","@id":"https:\/\/triton.iplesp.upmc.fr\/hepather_ANRS\/#\/schema\/logo\/image\/","url":"https:\/\/i0.wp.com\/triton.iplesp.upmc.fr\/hepather_ANRS\/wp-content\/uploads\/2019\/02\/logoTagline_anrs_white.png?fit=464%2C175&ssl=1","contentUrl":"https:\/\/i0.wp.com\/triton.iplesp.upmc.fr\/hepather_ANRS\/wp-content\/uploads\/2019\/02\/logoTagline_anrs_white.png?fit=464%2C175&ssl=1","width":464,"height":175,"caption":"IPLESP UMRS 1136"},"image":{"@id":"https:\/\/triton.iplesp.upmc.fr\/hepather_ANRS\/#\/schema\/logo\/image\/"}}]}},"jetpack_sharing_enabled":true,"jetpack_shortlink":"https:\/\/wp.me\/PaQKc4-gV","jetpack-related-posts":[{"id":165,"url":"https:\/\/triton.iplesp.upmc.fr\/hepather_ANRS\/la-cohorte\/description-de-la-cohorte\/","url_meta":{"origin":1049,"position":0},"title":"Description de la cohorte","author":"admin_fchau","date":"24 janvier 2018","format":false,"excerpt":"La cohorte ANRS CO22 Hepather a \u00e9t\u00e9 lanc\u00e9e \u00e0 l\u2019initiative de l\u2019ANRS - France Recherche Nord & Sud Sida-hiv H\u00e9patites, de l\u2019Inserm - Institut national de la sant\u00e9 et de la recherche m\u00e9dicale et de l\u2019Afef - Association Fran\u00e7aise pour l\u2019\u00c9tude du Foie. Elle consiste \u00e0 \u00e9tudier les h\u00e9patites B\u2026","rel":"","context":"Article similaire","block_context":{"text":"Article similaire","link":""},"img":{"alt_text":"","src":"","width":0,"height":0},"classes":[]},{"id":171,"url":"https:\/\/triton.iplesp.upmc.fr\/hepather_ANRS\/la-cohorte\/la-gouvernance\/","url_meta":{"origin":1049,"position":1},"title":"La gouvernance","author":"admin_fchau","date":"24 janvier 2018","format":false,"excerpt":"La gouvernance a pour mission de donner un avis sur toute question relative \u00e0 la d\u00e9ontologie, de d\u00e9finir ce qui peut constituer un conflit d\u2019int\u00e9r\u00eat, d'\u00e9valuer les dispositifs de gestion des liens d\u2019int\u00e9r\u00eat, d'\u00e9valuer les refus d\u2019acc\u00e8s \u00e0 la cohorte et de faire des recommandations pour am\u00e9liorer les r\u00e8gles d\u00e9ontologiques\u2026","rel":"","context":"Article similaire","block_context":{"text":"Article similaire","link":""},"img":{"alt_text":"gouvernance","src":"https:\/\/i0.wp.com\/triton.iplesp.upmc.fr\/hepather_ANRS\/wp-content\/uploads\/2019\/02\/gouvernance-1024x567.png?resize=350%2C200&ssl=1","width":350,"height":200,"srcset":"https:\/\/i0.wp.com\/triton.iplesp.upmc.fr\/hepather_ANRS\/wp-content\/uploads\/2019\/02\/gouvernance-1024x567.png?resize=350%2C200&ssl=1 1x, https:\/\/i0.wp.com\/triton.iplesp.upmc.fr\/hepather_ANRS\/wp-content\/uploads\/2019\/02\/gouvernance-1024x567.png?resize=525%2C300&ssl=1 1.5x"},"classes":[]},{"id":182,"url":"https:\/\/triton.iplesp.upmc.fr\/hepather_ANRS\/espace-patients\/comment-est-organisee-linclusion\/","url_meta":{"origin":1049,"position":2},"title":"Comment est organis\u00e9e l\u2019inclusion","author":"admin_fchau","date":"24 janvier 2018","format":false,"excerpt":"Pour participer \u00e0 la cohorte ANRS CO22 Hepather, un patient doit respecter les crit\u00e8res d\u2019\u00e9ligibilit\u00e9 suivant\u00a0: Crit\u00e8res d'inclusion : Patients ayant ou ayant eu une h\u00e9patite B : - h\u00e9patite B chronique d\u00e9finie par un HBsAg, antig\u00e8ne de surface du virus de l\u2019h\u00e9patite B, positif pendant au moins 6 mois,\u2026","rel":"","context":"Article similaire","block_context":{"text":"Article similaire","link":""},"img":{"alt_text":"","src":"","width":0,"height":0},"classes":[]},{"id":1475,"url":"https:\/\/triton.iplesp.upmc.fr\/hepather_ANRS\/la-cohorte\/description-de-la-cohorte\/recueil-de-donnees\/","url_meta":{"origin":1049,"position":3},"title":"Recueil de donn\u00e9es","author":"admin_ft","date":"30 octobre 2018","format":false,"excerpt":"Le recueil de donn\u00e9es se fait lors des consultations cliniques des patients. Le protocole pr\u00e9voit une visite d\u2019inclusion et une visite annuelle pendant 7 \u00e0 8 ans. Toutes les donn\u00e9es sont saisies et centralis\u00e9es dans une base de donn\u00e9es \u00e9lectronique (eCRF de l\u2019\u00e9tude). Lors de la visite d\u2019inclusion, un point\u2026","rel":"","context":"Article similaire","block_context":{"text":"Article similaire","link":""},"img":{"alt_text":"","src":"","width":0,"height":0},"classes":[]},{"id":1047,"url":"https:\/\/triton.iplesp.upmc.fr\/hepather_ANRS\/la-cohorte\/description-de-la-cohorte\/volontaires\/","url_meta":{"origin":1049,"position":4},"title":"Volontaires","author":"admin_ft","date":"23 octobre 2018","format":false,"excerpt":"Nombre de sujets pr\u00e9vus : L\u2019effectif pr\u00e9vu est de 25000 patients dont 15000 infect\u00e9s r\u00e9cents ou anciens par le VHC (dans la mesure du possible, moins de 10% des patients inclus avec r\u00e9ponse virologique soutenue \u00e0 l'inclusion et plus de 50% de patients na\u00effs de traitement dirig\u00e9 contre le VHC)\u2026","rel":"","context":"Article similaire","block_context":{"text":"Article similaire","link":""},"img":{"alt_text":"","src":"","width":0,"height":0},"classes":[]},{"id":1477,"url":"https:\/\/triton.iplesp.upmc.fr\/hepather_ANRS\/la-cohorte\/description-de-la-cohorte\/biobanque\/","url_meta":{"origin":1049,"position":5},"title":"Biobanque","author":"admin_ft","date":"30 octobre 2018","format":false,"excerpt":"Une biobanque est r\u00e9alis\u00e9e chez tous les patients inclus au moment de la visite d'inclusion. Il n'y a pas de pr\u00e9l\u00e8vements centralis\u00e9s et mis en biobanque pendant le suivi du patient. Cependant, dans certains cas de projets sp\u00e9cifiques et avec les accords r\u00e9glementaires n\u00e9cessaires, une biobanque de suivi peut \u00eatre\u2026","rel":"","context":"Article similaire","block_context":{"text":"Article similaire","link":""},"img":{"alt_text":"","src":"https:\/\/i0.wp.com\/triton.iplesp.upmc.fr\/hepather_ANRS\/wp-content\/uploads\/2022\/03\/visite_inclusion-360x239-1.png?resize=350%2C200&ssl=1","width":350,"height":200},"classes":[]}],"_links":{"self":[{"href":"https:\/\/triton.iplesp.upmc.fr\/hepather_ANRS\/wp-json\/wp\/v2\/pages\/1049","targetHints":{"allow":["GET"]}}],"collection":[{"href":"https:\/\/triton.iplesp.upmc.fr\/hepather_ANRS\/wp-json\/wp\/v2\/pages"}],"about":[{"href":"https:\/\/triton.iplesp.upmc.fr\/hepather_ANRS\/wp-json\/wp\/v2\/types\/page"}],"author":[{"embeddable":true,"href":"https:\/\/triton.iplesp.upmc.fr\/hepather_ANRS\/wp-json\/wp\/v2\/users\/2"}],"replies":[{"embeddable":true,"href":"https:\/\/triton.iplesp.upmc.fr\/hepather_ANRS\/wp-json\/wp\/v2\/comments?post=1049"}],"version-history":[{"count":1,"href":"https:\/\/triton.iplesp.upmc.fr\/hepather_ANRS\/wp-json\/wp\/v2\/pages\/1049\/revisions"}],"predecessor-version":[{"id":2980,"href":"https:\/\/triton.iplesp.upmc.fr\/hepather_ANRS\/wp-json\/wp\/v2\/pages\/1049\/revisions\/2980"}],"up":[{"embeddable":true,"href":"https:\/\/triton.iplesp.upmc.fr\/hepather_ANRS\/wp-json\/wp\/v2\/pages\/165"}],"wp:attachment":[{"href":"https:\/\/triton.iplesp.upmc.fr\/hepather_ANRS\/wp-json\/wp\/v2\/media?parent=1049"}],"curies":[{"name":"wp","href":"https:\/\/api.w.org\/{rel}","templated":true}]}}