{"id":1475,"date":"2018-10-30T17:17:23","date_gmt":"2018-10-30T16:17:23","guid":{"rendered":"https:\/\/triton.u707.jussieu.fr\/hepatherWPpreprod\/?page_id=1475"},"modified":"2019-03-29T11:06:58","modified_gmt":"2019-03-29T10:06:58","slug":"recueil-de-donnees","status":"publish","type":"page","link":"https:\/\/triton.iplesp.upmc.fr\/hepather_ANRS\/la-cohorte\/description-de-la-cohorte\/recueil-de-donnees\/","title":{"rendered":"Recueil de donn\u00e9es"},"content":{"rendered":"<p>Le recueil de donn\u00e9es se fait lors des consultations cliniques des patients. Le protocole pr\u00e9voit une visite d\u2019inclusion et une visite annuelle pendant 7 \u00e0 8 ans. Toutes les donn\u00e9es sont saisies et centralis\u00e9es dans une base de donn\u00e9es \u00e9lectronique (eCRF de l\u2019\u00e9tude).<\/p>\n<p>Lors de la visite d\u2019inclusion, un point sur l\u2019historique clinique, th\u00e9rapeutique, biologique et comportementale ainsi que les donn\u00e9es socio-d\u00e9mographiques de qualit\u00e9 de vie sont r\u00e9alis\u00e9s ainsi qu\u2019un pr\u00e9l\u00e8vement sanguin et d\u2019urine. Ces pr\u00e9l\u00e8vements permettront la constitution d\u2019une biobanque centralis\u00e9e de divers \u00e9chantillons sanguins et d\u2019urines.<\/p>\n<p>Les visites annuelles permettent de suivre le patient au cours de son parcours de sant\u00e9 en recueillant des donn\u00e9es cliniques, biologiques, th\u00e9rapeutiques comportementales et de qualit\u00e9 de vie.<\/p>\n<p>Tous les \u00e9v\u00e9nements importants s\u00e9v\u00e8res survenant chez les patients inclus sont recueillis et document\u00e9s en temps r\u00e9el qu\u2019ils concernent des patients trait\u00e9s ou non trait\u00e9s.<\/p>\n<p>Les causes de d\u00e9c\u00e8s sont valid\u00e9es par un comit\u00e9 ad-hoc.<\/p>\n<p>En juillet 2018, apr\u00e8s plus de 3 ans d\u2019instruction, la Commission nationale de l\u2019informatique et des libert\u00e9s \u2013 CNIL a \u00e9mis un avis favorable pour que les donn\u00e9es de la cohorte soient cha\u00een\u00e9es avec celles du Syst\u00e8me National des Donn\u00e9es de Sant\u00e9 \u2013 SNDS.<\/p>\n<p>Ce cha\u00eenage fait l\u2019objet d\u2019un consentement sp\u00e9cifique de la part du patient et permet de r\u00e9cup\u00e9rer l\u2019ensemble des informations concernant les soins rembours\u00e9s ou non rembours\u00e9s qui lui ont \u00e9t\u00e9 administr\u00e9s, toutes les hospitalisations quelle qu\u2019en soit la cause, la cause m\u00e9dicale de d\u00e9c\u00e8s si un d\u00e9c\u00e8s est survenu, et ce \u00e0 partir du 1er janvier de l\u2019ann\u00e9e d\u2019inclusion.<\/p>\n<p>Ces donn\u00e9es seront disponibles vers la fin du 1er semestre 2019.<\/p>\n<p>Le cha\u00eenage permettra de fournir des informations sur des \u00e9v\u00e9nements autres que ceux li\u00e9s \u00e0 l\u2019h\u00e9patite ainsi que des informations sur les patients perdus de vue dans la cohorte.<\/p>\n","protected":false},"excerpt":{"rendered":"<p>Le recueil de donn\u00e9es se fait lors des consultations cliniques des patients. Le protocole pr\u00e9voit une visite d\u2019inclusion et une visite annuelle pendant 7 \u00e0 8 ans. Toutes les donn\u00e9es sont saisies et centralis\u00e9es dans une base de donn\u00e9es \u00e9lectronique (eCRF de l\u2019\u00e9tude). Lors de la visite d\u2019inclusion, un point sur l\u2019historique clinique, th\u00e9rapeutique, biologique [&hellip;]<\/p>\n","protected":false},"author":2,"featured_media":0,"parent":165,"menu_order":0,"comment_status":"closed","ping_status":"closed","template":"","meta":{"_bbp_topic_count":0,"_bbp_reply_count":0,"_bbp_total_topic_count":0,"_bbp_total_reply_count":0,"_bbp_voice_count":0,"_bbp_anonymous_reply_count":0,"_bbp_topic_count_hidden":0,"_bbp_reply_count_hidden":0,"_bbp_forum_subforum_count":0,"jetpack_post_was_ever_published":false,"footnotes":""},"class_list":["post-1475","page","type-page","status-publish","hentry"],"yoast_head":"<!-- This site is optimized with the Yoast SEO plugin v27.2 - https:\/\/yoast.com\/product\/yoast-seo-wordpress\/ -->\n<title>Recueil de donn\u00e9es - ANRS CO22 HEPATHER<\/title>\n<meta name=\"robots\" content=\"index, follow, max-snippet:-1, max-image-preview:large, max-video-preview:-1\" \/>\n<link rel=\"canonical\" href=\"https:\/\/triton.iplesp.upmc.fr\/hepather_ANRS\/la-cohorte\/description-de-la-cohorte\/recueil-de-donnees\/\" \/>\n<meta property=\"og:locale\" content=\"fr_FR\" \/>\n<meta property=\"og:type\" content=\"article\" \/>\n<meta property=\"og:title\" content=\"Recueil de donn\u00e9es - ANRS CO22 HEPATHER\" \/>\n<meta property=\"og:description\" content=\"Le recueil de donn\u00e9es se fait lors des consultations cliniques des patients. Le protocole pr\u00e9voit une visite d\u2019inclusion et une visite annuelle pendant 7 \u00e0 8 ans. Toutes les donn\u00e9es sont saisies et centralis\u00e9es dans une base de donn\u00e9es \u00e9lectronique (eCRF de l\u2019\u00e9tude). Lors de la visite d\u2019inclusion, un point sur l\u2019historique clinique, th\u00e9rapeutique, biologique [&hellip;]\" \/>\n<meta property=\"og:url\" content=\"https:\/\/triton.iplesp.upmc.fr\/hepather_ANRS\/la-cohorte\/description-de-la-cohorte\/recueil-de-donnees\/\" \/>\n<meta property=\"og:site_name\" content=\"ANRS CO22 HEPATHER\" \/>\n<meta property=\"article:modified_time\" content=\"2019-03-29T10:06:58+00:00\" \/>\n<meta name=\"twitter:card\" content=\"summary_large_image\" \/>\n<meta name=\"twitter:label1\" content=\"Dur\u00e9e de lecture estim\u00e9e\" \/>\n\t<meta name=\"twitter:data1\" content=\"2 minutes\" \/>\n<script type=\"application\/ld+json\" class=\"yoast-schema-graph\">{\"@context\":\"https:\/\/schema.org\",\"@graph\":[{\"@type\":\"WebPage\",\"@id\":\"https:\/\/triton.iplesp.upmc.fr\/hepather_ANRS\/la-cohorte\/description-de-la-cohorte\/recueil-de-donnees\/\",\"url\":\"https:\/\/triton.iplesp.upmc.fr\/hepather_ANRS\/la-cohorte\/description-de-la-cohorte\/recueil-de-donnees\/\",\"name\":\"Recueil de donn\u00e9es - ANRS CO22 HEPATHER\",\"isPartOf\":{\"@id\":\"https:\/\/triton.iplesp.upmc.fr\/hepather_ANRS\/#website\"},\"datePublished\":\"2018-10-30T16:17:23+00:00\",\"dateModified\":\"2019-03-29T10:06:58+00:00\",\"breadcrumb\":{\"@id\":\"https:\/\/triton.iplesp.upmc.fr\/hepather_ANRS\/la-cohorte\/description-de-la-cohorte\/recueil-de-donnees\/#breadcrumb\"},\"inLanguage\":\"fr-FR\",\"potentialAction\":[{\"@type\":\"ReadAction\",\"target\":[\"https:\/\/triton.iplesp.upmc.fr\/hepather_ANRS\/la-cohorte\/description-de-la-cohorte\/recueil-de-donnees\/\"]}]},{\"@type\":\"BreadcrumbList\",\"@id\":\"https:\/\/triton.iplesp.upmc.fr\/hepather_ANRS\/la-cohorte\/description-de-la-cohorte\/recueil-de-donnees\/#breadcrumb\",\"itemListElement\":[{\"@type\":\"ListItem\",\"position\":1,\"name\":\"Accueil\",\"item\":\"https:\/\/triton.iplesp.upmc.fr\/hepather_ANRS\/\"},{\"@type\":\"ListItem\",\"position\":2,\"name\":\"La cohorte\",\"item\":\"https:\/\/triton.iplesp.upmc.fr\/hepather_ANRS\/la-cohorte\/\"},{\"@type\":\"ListItem\",\"position\":3,\"name\":\"Description de la cohorte\",\"item\":\"https:\/\/triton.iplesp.upmc.fr\/hepather_ANRS\/la-cohorte\/description-de-la-cohorte\/\"},{\"@type\":\"ListItem\",\"position\":4,\"name\":\"Recueil de donn\u00e9es\"}]},{\"@type\":\"WebSite\",\"@id\":\"https:\/\/triton.iplesp.upmc.fr\/hepather_ANRS\/#website\",\"url\":\"https:\/\/triton.iplesp.upmc.fr\/hepather_ANRS\/\",\"name\":\"ANRS CO22 HEPATHER\",\"description\":\"\",\"publisher\":{\"@id\":\"https:\/\/triton.iplesp.upmc.fr\/hepather_ANRS\/#organization\"},\"potentialAction\":[{\"@type\":\"SearchAction\",\"target\":{\"@type\":\"EntryPoint\",\"urlTemplate\":\"https:\/\/triton.iplesp.upmc.fr\/hepather_ANRS\/?s={search_term_string}\"},\"query-input\":{\"@type\":\"PropertyValueSpecification\",\"valueRequired\":true,\"valueName\":\"search_term_string\"}}],\"inLanguage\":\"fr-FR\"},{\"@type\":\"Organization\",\"@id\":\"https:\/\/triton.iplesp.upmc.fr\/hepather_ANRS\/#organization\",\"name\":\"IPLESP UMRS 1136\",\"url\":\"https:\/\/triton.iplesp.upmc.fr\/hepather_ANRS\/\",\"logo\":{\"@type\":\"ImageObject\",\"inLanguage\":\"fr-FR\",\"@id\":\"https:\/\/triton.iplesp.upmc.fr\/hepather_ANRS\/#\/schema\/logo\/image\/\",\"url\":\"https:\/\/i0.wp.com\/triton.iplesp.upmc.fr\/hepather_ANRS\/wp-content\/uploads\/2019\/02\/logoTagline_anrs_white.png?fit=464%2C175&ssl=1\",\"contentUrl\":\"https:\/\/i0.wp.com\/triton.iplesp.upmc.fr\/hepather_ANRS\/wp-content\/uploads\/2019\/02\/logoTagline_anrs_white.png?fit=464%2C175&ssl=1\",\"width\":464,\"height\":175,\"caption\":\"IPLESP UMRS 1136\"},\"image\":{\"@id\":\"https:\/\/triton.iplesp.upmc.fr\/hepather_ANRS\/#\/schema\/logo\/image\/\"}}]}<\/script>\n<!-- \/ Yoast SEO plugin. -->","yoast_head_json":{"title":"Recueil de donn\u00e9es - ANRS CO22 HEPATHER","robots":{"index":"index","follow":"follow","max-snippet":"max-snippet:-1","max-image-preview":"max-image-preview:large","max-video-preview":"max-video-preview:-1"},"canonical":"https:\/\/triton.iplesp.upmc.fr\/hepather_ANRS\/la-cohorte\/description-de-la-cohorte\/recueil-de-donnees\/","og_locale":"fr_FR","og_type":"article","og_title":"Recueil de donn\u00e9es - ANRS CO22 HEPATHER","og_description":"Le recueil de donn\u00e9es se fait lors des consultations cliniques des patients. Le protocole pr\u00e9voit une visite d\u2019inclusion et une visite annuelle pendant 7 \u00e0 8 ans. Toutes les donn\u00e9es sont saisies et centralis\u00e9es dans une base de donn\u00e9es \u00e9lectronique (eCRF de l\u2019\u00e9tude). Lors de la visite d\u2019inclusion, un point sur l\u2019historique clinique, th\u00e9rapeutique, biologique [&hellip;]","og_url":"https:\/\/triton.iplesp.upmc.fr\/hepather_ANRS\/la-cohorte\/description-de-la-cohorte\/recueil-de-donnees\/","og_site_name":"ANRS CO22 HEPATHER","article_modified_time":"2019-03-29T10:06:58+00:00","twitter_card":"summary_large_image","twitter_misc":{"Dur\u00e9e de lecture estim\u00e9e":"2 minutes"},"schema":{"@context":"https:\/\/schema.org","@graph":[{"@type":"WebPage","@id":"https:\/\/triton.iplesp.upmc.fr\/hepather_ANRS\/la-cohorte\/description-de-la-cohorte\/recueil-de-donnees\/","url":"https:\/\/triton.iplesp.upmc.fr\/hepather_ANRS\/la-cohorte\/description-de-la-cohorte\/recueil-de-donnees\/","name":"Recueil de donn\u00e9es - ANRS CO22 HEPATHER","isPartOf":{"@id":"https:\/\/triton.iplesp.upmc.fr\/hepather_ANRS\/#website"},"datePublished":"2018-10-30T16:17:23+00:00","dateModified":"2019-03-29T10:06:58+00:00","breadcrumb":{"@id":"https:\/\/triton.iplesp.upmc.fr\/hepather_ANRS\/la-cohorte\/description-de-la-cohorte\/recueil-de-donnees\/#breadcrumb"},"inLanguage":"fr-FR","potentialAction":[{"@type":"ReadAction","target":["https:\/\/triton.iplesp.upmc.fr\/hepather_ANRS\/la-cohorte\/description-de-la-cohorte\/recueil-de-donnees\/"]}]},{"@type":"BreadcrumbList","@id":"https:\/\/triton.iplesp.upmc.fr\/hepather_ANRS\/la-cohorte\/description-de-la-cohorte\/recueil-de-donnees\/#breadcrumb","itemListElement":[{"@type":"ListItem","position":1,"name":"Accueil","item":"https:\/\/triton.iplesp.upmc.fr\/hepather_ANRS\/"},{"@type":"ListItem","position":2,"name":"La cohorte","item":"https:\/\/triton.iplesp.upmc.fr\/hepather_ANRS\/la-cohorte\/"},{"@type":"ListItem","position":3,"name":"Description de la cohorte","item":"https:\/\/triton.iplesp.upmc.fr\/hepather_ANRS\/la-cohorte\/description-de-la-cohorte\/"},{"@type":"ListItem","position":4,"name":"Recueil de donn\u00e9es"}]},{"@type":"WebSite","@id":"https:\/\/triton.iplesp.upmc.fr\/hepather_ANRS\/#website","url":"https:\/\/triton.iplesp.upmc.fr\/hepather_ANRS\/","name":"ANRS CO22 HEPATHER","description":"","publisher":{"@id":"https:\/\/triton.iplesp.upmc.fr\/hepather_ANRS\/#organization"},"potentialAction":[{"@type":"SearchAction","target":{"@type":"EntryPoint","urlTemplate":"https:\/\/triton.iplesp.upmc.fr\/hepather_ANRS\/?s={search_term_string}"},"query-input":{"@type":"PropertyValueSpecification","valueRequired":true,"valueName":"search_term_string"}}],"inLanguage":"fr-FR"},{"@type":"Organization","@id":"https:\/\/triton.iplesp.upmc.fr\/hepather_ANRS\/#organization","name":"IPLESP UMRS 1136","url":"https:\/\/triton.iplesp.upmc.fr\/hepather_ANRS\/","logo":{"@type":"ImageObject","inLanguage":"fr-FR","@id":"https:\/\/triton.iplesp.upmc.fr\/hepather_ANRS\/#\/schema\/logo\/image\/","url":"https:\/\/i0.wp.com\/triton.iplesp.upmc.fr\/hepather_ANRS\/wp-content\/uploads\/2019\/02\/logoTagline_anrs_white.png?fit=464%2C175&ssl=1","contentUrl":"https:\/\/i0.wp.com\/triton.iplesp.upmc.fr\/hepather_ANRS\/wp-content\/uploads\/2019\/02\/logoTagline_anrs_white.png?fit=464%2C175&ssl=1","width":464,"height":175,"caption":"IPLESP UMRS 1136"},"image":{"@id":"https:\/\/triton.iplesp.upmc.fr\/hepather_ANRS\/#\/schema\/logo\/image\/"}}]}},"jetpack_sharing_enabled":true,"jetpack_shortlink":"https:\/\/wp.me\/PaQKc4-nN","jetpack-related-posts":[{"id":182,"url":"https:\/\/triton.iplesp.upmc.fr\/hepather_ANRS\/espace-patients\/comment-est-organisee-linclusion\/","url_meta":{"origin":1475,"position":0},"title":"Comment est organis\u00e9e l\u2019inclusion","author":"admin_fchau","date":"24 janvier 2018","format":false,"excerpt":"Pour participer \u00e0 la cohorte ANRS CO22 Hepather, un patient doit respecter les crit\u00e8res d\u2019\u00e9ligibilit\u00e9 suivant\u00a0: Crit\u00e8res d'inclusion : Patients ayant ou ayant eu une h\u00e9patite B : - h\u00e9patite B chronique d\u00e9finie par un HBsAg, antig\u00e8ne de surface du virus de l\u2019h\u00e9patite B, positif pendant au moins 6 mois,\u2026","rel":"","context":"Article similaire","block_context":{"text":"Article similaire","link":""},"img":{"alt_text":"","src":"","width":0,"height":0},"classes":[]},{"id":1477,"url":"https:\/\/triton.iplesp.upmc.fr\/hepather_ANRS\/la-cohorte\/description-de-la-cohorte\/biobanque\/","url_meta":{"origin":1475,"position":1},"title":"Biobanque","author":"admin_ft","date":"30 octobre 2018","format":false,"excerpt":"Une biobanque est r\u00e9alis\u00e9e chez tous les patients inclus au moment de la visite d'inclusion. Il n'y a pas de pr\u00e9l\u00e8vements centralis\u00e9s et mis en biobanque pendant le suivi du patient. Cependant, dans certains cas de projets sp\u00e9cifiques et avec les accords r\u00e9glementaires n\u00e9cessaires, une biobanque de suivi peut \u00eatre\u2026","rel":"","context":"Article similaire","block_context":{"text":"Article similaire","link":""},"img":{"alt_text":"","src":"https:\/\/i0.wp.com\/triton.iplesp.upmc.fr\/hepather_ANRS\/wp-content\/uploads\/2022\/03\/visite_inclusion-360x239-1.png?resize=350%2C200&ssl=1","width":350,"height":200},"classes":[]},{"id":165,"url":"https:\/\/triton.iplesp.upmc.fr\/hepather_ANRS\/la-cohorte\/description-de-la-cohorte\/","url_meta":{"origin":1475,"position":2},"title":"Description de la cohorte","author":"admin_fchau","date":"24 janvier 2018","format":false,"excerpt":"La cohorte ANRS CO22 Hepather a \u00e9t\u00e9 lanc\u00e9e \u00e0 l\u2019initiative de l\u2019ANRS - France Recherche Nord & Sud Sida-hiv H\u00e9patites, de l\u2019Inserm - Institut national de la sant\u00e9 et de la recherche m\u00e9dicale et de l\u2019Afef - Association Fran\u00e7aise pour l\u2019\u00c9tude du Foie. Elle consiste \u00e0 \u00e9tudier les h\u00e9patites B\u2026","rel":"","context":"Article similaire","block_context":{"text":"Article similaire","link":""},"img":{"alt_text":"","src":"","width":0,"height":0},"classes":[]},{"id":1754,"url":"https:\/\/triton.iplesp.upmc.fr\/hepather_ANRS\/la-cohorte\/description-de-la-cohorte\/circuit-de-donnees\/","url_meta":{"origin":1475,"position":3},"title":"Circuit de donn\u00e9es","author":"admin_ft","date":"8 novembre 2018","format":false,"excerpt":"Un formulaire \u00e9lectronique \u2013 eCRF - est d\u00e9velopp\u00e9 par l'Institut Pierre Louis d'Epid\u00e9miologie et de Sant\u00e9 Publique \u2013 iPLESP \u2013 UMRS 1136 et permet \u00e0 chaque centre clinique la saisie en ligne des donn\u00e9es d'inclusion et de suivi pour chaque patient. Ces donn\u00e9es sont centralis\u00e9es sur serveur conform\u00e9ment aux exigences\u2026","rel":"","context":"Article similaire","block_context":{"text":"Article similaire","link":""},"img":{"alt_text":"","src":"","width":0,"height":0},"classes":[]},{"id":171,"url":"https:\/\/triton.iplesp.upmc.fr\/hepather_ANRS\/la-cohorte\/la-gouvernance\/","url_meta":{"origin":1475,"position":4},"title":"La gouvernance","author":"admin_fchau","date":"24 janvier 2018","format":false,"excerpt":"La gouvernance a pour mission de donner un avis sur toute question relative \u00e0 la d\u00e9ontologie, de d\u00e9finir ce qui peut constituer un conflit d\u2019int\u00e9r\u00eat, d'\u00e9valuer les dispositifs de gestion des liens d\u2019int\u00e9r\u00eat, d'\u00e9valuer les refus d\u2019acc\u00e8s \u00e0 la cohorte et de faire des recommandations pour am\u00e9liorer les r\u00e8gles d\u00e9ontologiques\u2026","rel":"","context":"Article similaire","block_context":{"text":"Article similaire","link":""},"img":{"alt_text":"gouvernance","src":"https:\/\/i0.wp.com\/triton.iplesp.upmc.fr\/hepather_ANRS\/wp-content\/uploads\/2019\/02\/gouvernance-1024x567.png?resize=350%2C200&ssl=1","width":350,"height":200,"srcset":"https:\/\/i0.wp.com\/triton.iplesp.upmc.fr\/hepather_ANRS\/wp-content\/uploads\/2019\/02\/gouvernance-1024x567.png?resize=350%2C200&ssl=1 1x, https:\/\/i0.wp.com\/triton.iplesp.upmc.fr\/hepather_ANRS\/wp-content\/uploads\/2019\/02\/gouvernance-1024x567.png?resize=525%2C300&ssl=1 1.5x"},"classes":[]},{"id":1049,"url":"https:\/\/triton.iplesp.upmc.fr\/hepather_ANRS\/la-cohorte\/description-de-la-cohorte\/methodologie\/","url_meta":{"origin":1475,"position":5},"title":"M\u00e9thodologie","author":"admin_ft","date":"23 octobre 2018","format":false,"excerpt":"La cohorte ANRS CO22 Hepather est constitu\u00e9e de patients atteints du virus de l'h\u00e9patite B \u2013 VHB et\/ou du virus de l'h\u00e9patite C chronique, aig\u00fce ou gu\u00e9rie. Il s'agit d'une \u00e9tude observationnelle multicentrique sous forme de partenariat public et priv\u00e9 avec un recueil prospectif de donn\u00e9es et la constitution de\u2026","rel":"","context":"Article similaire","block_context":{"text":"Article similaire","link":""},"img":{"alt_text":"","src":"","width":0,"height":0},"classes":[]}],"_links":{"self":[{"href":"https:\/\/triton.iplesp.upmc.fr\/hepather_ANRS\/wp-json\/wp\/v2\/pages\/1475","targetHints":{"allow":["GET"]}}],"collection":[{"href":"https:\/\/triton.iplesp.upmc.fr\/hepather_ANRS\/wp-json\/wp\/v2\/pages"}],"about":[{"href":"https:\/\/triton.iplesp.upmc.fr\/hepather_ANRS\/wp-json\/wp\/v2\/types\/page"}],"author":[{"embeddable":true,"href":"https:\/\/triton.iplesp.upmc.fr\/hepather_ANRS\/wp-json\/wp\/v2\/users\/2"}],"replies":[{"embeddable":true,"href":"https:\/\/triton.iplesp.upmc.fr\/hepather_ANRS\/wp-json\/wp\/v2\/comments?post=1475"}],"version-history":[{"count":1,"href":"https:\/\/triton.iplesp.upmc.fr\/hepather_ANRS\/wp-json\/wp\/v2\/pages\/1475\/revisions"}],"predecessor-version":[{"id":2983,"href":"https:\/\/triton.iplesp.upmc.fr\/hepather_ANRS\/wp-json\/wp\/v2\/pages\/1475\/revisions\/2983"}],"up":[{"embeddable":true,"href":"https:\/\/triton.iplesp.upmc.fr\/hepather_ANRS\/wp-json\/wp\/v2\/pages\/165"}],"wp:attachment":[{"href":"https:\/\/triton.iplesp.upmc.fr\/hepather_ANRS\/wp-json\/wp\/v2\/media?parent=1475"}],"curies":[{"name":"wp","href":"https:\/\/api.w.org\/{rel}","templated":true}]}}