{"id":1477,"date":"2018-10-30T17:17:45","date_gmt":"2018-10-30T16:17:45","guid":{"rendered":"https:\/\/triton.u707.jussieu.fr\/hepatherWPpreprod\/?page_id=1477"},"modified":"2022-03-30T14:56:38","modified_gmt":"2022-03-30T12:56:38","slug":"biobanque","status":"publish","type":"page","link":"https:\/\/triton.iplesp.upmc.fr\/hepather_ANRS\/la-cohorte\/description-de-la-cohorte\/biobanque\/","title":{"rendered":"Biobanque"},"content":{"rendered":"<p>Une biobanque est r\u00e9alis\u00e9e chez tous les patients inclus au moment de la visite d&rsquo;inclusion. Il n&rsquo;y a pas de pr\u00e9l\u00e8vements centralis\u00e9s et mis en biobanque pendant le suivi du patient.<\/p>\n<p>Cependant, dans certains cas de projets sp\u00e9cifiques et avec les accords r\u00e9glementaires n\u00e9cessaires, une biobanque de suivi peut \u00eatre envisag\u00e9e.<\/p>\n<p>La biobanque est centralis\u00e9e au Cell &amp; Co Biorepository \u00e0 Clermont-Ferrand.<\/p>\n<p>Son r\u00f4le est de g\u00e9rer et stocker les \u00e9chantillons sanguins et urinaires pr\u00e9lev\u00e9s lors de la visite d\u2019inclusion des patients \u00e0 je\u00fbn depuis 12 heures.<\/p>\n<p>Les \u00e9chantillons sont trait\u00e9s conform\u00e9ment \u00e0 la r\u00e9glementation en vigueur en maintenant la cha\u00eene du froid tout au long du processus : collecte, transport, r\u00e9ception, stockage et r\u00e9cup\u00e9ration ou \u00e9limination.<\/p>\n<p>Le protocole de collecte d&rsquo;\u00e9chantillons biologiques est d\u00e9taill\u00e9 dans le protocole de cohorte approuv\u00e9 par les autorit\u00e9s sanitaires.<\/p>\n<p>Cell &amp; Co utilise les syst\u00e8mes d\u2019assurance qualit\u00e9 n\u00e9cessaires : syst\u00e8mes d\u2019information GxP, NF S 96-900, ISO, etc. conformes \u00e0 la FDA 21 CFR Part 11.<\/p>\n<p>La planification, la gestion et le suivi du transport se font via Biotracker \u2122 LIMS, une plate-forme adaptative pour stocker les informations d\u00e9crivant le biosp\u00e9cimen.<br \/>Toutes les informations relatives \u00e0 chaque \u00e9chantillon sont stock\u00e9es via Biotracker \u2122 LIMS et connect\u00e9es \u00e0 la base de donn\u00e9es de cohortes.<\/p>\n<p>Les chercheurs des secteurs publics et priv\u00e9s peuvent acc\u00e9der aux \u00e9chantillons de la biobanque par d\u00e9p\u00f4t de projet sp\u00e9cifique, sous condition financi\u00e8re et conformit\u00e9 r\u00e9glementaire.<\/p>\n<p>Les projets tels que\u00a0<em>Quantification des diff\u00e9rentes formes circulantes \u00e0 ARN (\u00e9piss\u00e9es ou non) du Virus de l\u2019h\u00e9patite B au cours de l\u2019infection et du traitement antiviral<\/em>, <em>HEPATOMIC : a transcriptome analysis to identify the biomarkers associated HBV functional cure<\/em> et <em>Optimisation et validation d\u2019un test g\u00e9n\u00e9tique de pr\u00e9diction des cirrhoses<\/em> ont ainsi utilis\u00e9 des collections biologiques centralis\u00e9es.<\/p>\n<p><em>Collecte biologique au 02 janvier 2017 :<br \/><\/em><\/p>\n\n\n<figure class=\"wp-block-image size-full\"><img data-recalc-dims=\"1\" loading=\"lazy\" decoding=\"async\" width=\"360\" height=\"239\" data-attachment-id=\"3317\" data-permalink=\"https:\/\/triton.iplesp.upmc.fr\/hepather_ANRS\/la-cohorte\/description-de-la-cohorte\/biobanque\/visite_inclusion-360x239\/\" data-orig-file=\"https:\/\/i0.wp.com\/triton.iplesp.upmc.fr\/hepather_ANRS\/wp-content\/uploads\/2022\/03\/visite_inclusion-360x239-1.png?fit=360%2C239&amp;ssl=1\" data-orig-size=\"360,239\" data-comments-opened=\"1\" data-image-meta=\"{&quot;aperture&quot;:&quot;0&quot;,&quot;credit&quot;:&quot;&quot;,&quot;camera&quot;:&quot;&quot;,&quot;caption&quot;:&quot;&quot;,&quot;created_timestamp&quot;:&quot;0&quot;,&quot;copyright&quot;:&quot;&quot;,&quot;focal_length&quot;:&quot;0&quot;,&quot;iso&quot;:&quot;0&quot;,&quot;shutter_speed&quot;:&quot;0&quot;,&quot;title&quot;:&quot;&quot;,&quot;orientation&quot;:&quot;0&quot;}\" data-image-title=\"visite_inclusion-360&amp;#215;239\" data-image-description=\"\" data-image-caption=\"\" data-medium-file=\"https:\/\/i0.wp.com\/triton.iplesp.upmc.fr\/hepather_ANRS\/wp-content\/uploads\/2022\/03\/visite_inclusion-360x239-1.png?fit=300%2C199&amp;ssl=1\" data-large-file=\"https:\/\/i0.wp.com\/triton.iplesp.upmc.fr\/hepather_ANRS\/wp-content\/uploads\/2022\/03\/visite_inclusion-360x239-1.png?fit=360%2C239&amp;ssl=1\" src=\"https:\/\/i0.wp.com\/triton.iplesp.upmc.fr\/hepather_ANRS\/wp-content\/uploads\/2022\/03\/visite_inclusion-360x239-1.png?resize=360%2C239&#038;ssl=1\" alt=\"\" class=\"wp-image-3317\" srcset=\"https:\/\/i0.wp.com\/triton.iplesp.upmc.fr\/hepather_ANRS\/wp-content\/uploads\/2022\/03\/visite_inclusion-360x239-1.png?w=360&amp;ssl=1 360w, https:\/\/i0.wp.com\/triton.iplesp.upmc.fr\/hepather_ANRS\/wp-content\/uploads\/2022\/03\/visite_inclusion-360x239-1.png?resize=300%2C199&amp;ssl=1 300w\" sizes=\"auto, (max-width: 360px) 100vw, 360px\" \/><\/figure>\n","protected":false},"excerpt":{"rendered":"<p>Une biobanque est r\u00e9alis\u00e9e chez tous les patients inclus au moment de la visite d&rsquo;inclusion. Il n&rsquo;y a pas de pr\u00e9l\u00e8vements centralis\u00e9s et mis en biobanque pendant le suivi du patient. Cependant, dans certains cas de projets sp\u00e9cifiques et avec les accords r\u00e9glementaires n\u00e9cessaires, une biobanque de suivi peut \u00eatre envisag\u00e9e. La biobanque est centralis\u00e9e [&hellip;]<\/p>\n","protected":false},"author":2,"featured_media":0,"parent":165,"menu_order":0,"comment_status":"closed","ping_status":"closed","template":"","meta":{"_bbp_topic_count":0,"_bbp_reply_count":0,"_bbp_total_topic_count":0,"_bbp_total_reply_count":0,"_bbp_voice_count":0,"_bbp_anonymous_reply_count":0,"_bbp_topic_count_hidden":0,"_bbp_reply_count_hidden":0,"_bbp_forum_subforum_count":0,"jetpack_post_was_ever_published":false,"footnotes":""},"class_list":["post-1477","page","type-page","status-publish","hentry"],"yoast_head":"<!-- This site is optimized with the Yoast SEO plugin v27.2 - https:\/\/yoast.com\/product\/yoast-seo-wordpress\/ -->\n<title>Biobanque - ANRS CO22 HEPATHER<\/title>\n<meta name=\"robots\" content=\"index, follow, max-snippet:-1, max-image-preview:large, max-video-preview:-1\" \/>\n<link rel=\"canonical\" href=\"https:\/\/triton.iplesp.upmc.fr\/hepather_ANRS\/la-cohorte\/description-de-la-cohorte\/biobanque\/\" \/>\n<meta property=\"og:locale\" content=\"fr_FR\" \/>\n<meta property=\"og:type\" content=\"article\" \/>\n<meta property=\"og:title\" content=\"Biobanque - ANRS CO22 HEPATHER\" \/>\n<meta property=\"og:description\" content=\"Une biobanque est r\u00e9alis\u00e9e chez tous les patients inclus au moment de la visite d&rsquo;inclusion. Il n&rsquo;y a pas de pr\u00e9l\u00e8vements centralis\u00e9s et mis en biobanque pendant le suivi du patient. Cependant, dans certains cas de projets sp\u00e9cifiques et avec les accords r\u00e9glementaires n\u00e9cessaires, une biobanque de suivi peut \u00eatre envisag\u00e9e. La biobanque est centralis\u00e9e [&hellip;]\" \/>\n<meta property=\"og:url\" content=\"https:\/\/triton.iplesp.upmc.fr\/hepather_ANRS\/la-cohorte\/description-de-la-cohorte\/biobanque\/\" \/>\n<meta property=\"og:site_name\" content=\"ANRS CO22 HEPATHER\" \/>\n<meta property=\"article:modified_time\" content=\"2022-03-30T12:56:38+00:00\" \/>\n<meta property=\"og:image\" content=\"https:\/\/triton.iplesp.upmc.fr\/hepather_ANRS\/wp-content\/uploads\/2022\/03\/visite_inclusion-360x239-1.png\" \/>\n<meta name=\"twitter:card\" content=\"summary_large_image\" \/>\n<meta name=\"twitter:label1\" content=\"Dur\u00e9e de lecture estim\u00e9e\" \/>\n\t<meta name=\"twitter:data1\" content=\"2 minutes\" \/>\n<script type=\"application\/ld+json\" class=\"yoast-schema-graph\">{\"@context\":\"https:\/\/schema.org\",\"@graph\":[{\"@type\":\"WebPage\",\"@id\":\"https:\/\/triton.iplesp.upmc.fr\/hepather_ANRS\/la-cohorte\/description-de-la-cohorte\/biobanque\/\",\"url\":\"https:\/\/triton.iplesp.upmc.fr\/hepather_ANRS\/la-cohorte\/description-de-la-cohorte\/biobanque\/\",\"name\":\"Biobanque - ANRS CO22 HEPATHER\",\"isPartOf\":{\"@id\":\"https:\/\/triton.iplesp.upmc.fr\/hepather_ANRS\/#website\"},\"primaryImageOfPage\":{\"@id\":\"https:\/\/triton.iplesp.upmc.fr\/hepather_ANRS\/la-cohorte\/description-de-la-cohorte\/biobanque\/#primaryimage\"},\"image\":{\"@id\":\"https:\/\/triton.iplesp.upmc.fr\/hepather_ANRS\/la-cohorte\/description-de-la-cohorte\/biobanque\/#primaryimage\"},\"thumbnailUrl\":\"https:\/\/triton.iplesp.upmc.fr\/hepather_ANRS\/wp-content\/uploads\/2022\/03\/visite_inclusion-360x239-1.png\",\"datePublished\":\"2018-10-30T16:17:45+00:00\",\"dateModified\":\"2022-03-30T12:56:38+00:00\",\"breadcrumb\":{\"@id\":\"https:\/\/triton.iplesp.upmc.fr\/hepather_ANRS\/la-cohorte\/description-de-la-cohorte\/biobanque\/#breadcrumb\"},\"inLanguage\":\"fr-FR\",\"potentialAction\":[{\"@type\":\"ReadAction\",\"target\":[\"https:\/\/triton.iplesp.upmc.fr\/hepather_ANRS\/la-cohorte\/description-de-la-cohorte\/biobanque\/\"]}]},{\"@type\":\"ImageObject\",\"inLanguage\":\"fr-FR\",\"@id\":\"https:\/\/triton.iplesp.upmc.fr\/hepather_ANRS\/la-cohorte\/description-de-la-cohorte\/biobanque\/#primaryimage\",\"url\":\"https:\/\/i0.wp.com\/triton.iplesp.upmc.fr\/hepather_ANRS\/wp-content\/uploads\/2022\/03\/visite_inclusion-360x239-1.png?fit=360%2C239&ssl=1\",\"contentUrl\":\"https:\/\/i0.wp.com\/triton.iplesp.upmc.fr\/hepather_ANRS\/wp-content\/uploads\/2022\/03\/visite_inclusion-360x239-1.png?fit=360%2C239&ssl=1\",\"width\":360,\"height\":239},{\"@type\":\"BreadcrumbList\",\"@id\":\"https:\/\/triton.iplesp.upmc.fr\/hepather_ANRS\/la-cohorte\/description-de-la-cohorte\/biobanque\/#breadcrumb\",\"itemListElement\":[{\"@type\":\"ListItem\",\"position\":1,\"name\":\"Accueil\",\"item\":\"https:\/\/triton.iplesp.upmc.fr\/hepather_ANRS\/\"},{\"@type\":\"ListItem\",\"position\":2,\"name\":\"La cohorte\",\"item\":\"https:\/\/triton.iplesp.upmc.fr\/hepather_ANRS\/la-cohorte\/\"},{\"@type\":\"ListItem\",\"position\":3,\"name\":\"Description de la cohorte\",\"item\":\"https:\/\/triton.iplesp.upmc.fr\/hepather_ANRS\/la-cohorte\/description-de-la-cohorte\/\"},{\"@type\":\"ListItem\",\"position\":4,\"name\":\"Biobanque\"}]},{\"@type\":\"WebSite\",\"@id\":\"https:\/\/triton.iplesp.upmc.fr\/hepather_ANRS\/#website\",\"url\":\"https:\/\/triton.iplesp.upmc.fr\/hepather_ANRS\/\",\"name\":\"ANRS CO22 HEPATHER\",\"description\":\"\",\"publisher\":{\"@id\":\"https:\/\/triton.iplesp.upmc.fr\/hepather_ANRS\/#organization\"},\"potentialAction\":[{\"@type\":\"SearchAction\",\"target\":{\"@type\":\"EntryPoint\",\"urlTemplate\":\"https:\/\/triton.iplesp.upmc.fr\/hepather_ANRS\/?s={search_term_string}\"},\"query-input\":{\"@type\":\"PropertyValueSpecification\",\"valueRequired\":true,\"valueName\":\"search_term_string\"}}],\"inLanguage\":\"fr-FR\"},{\"@type\":\"Organization\",\"@id\":\"https:\/\/triton.iplesp.upmc.fr\/hepather_ANRS\/#organization\",\"name\":\"IPLESP UMRS 1136\",\"url\":\"https:\/\/triton.iplesp.upmc.fr\/hepather_ANRS\/\",\"logo\":{\"@type\":\"ImageObject\",\"inLanguage\":\"fr-FR\",\"@id\":\"https:\/\/triton.iplesp.upmc.fr\/hepather_ANRS\/#\/schema\/logo\/image\/\",\"url\":\"https:\/\/i0.wp.com\/triton.iplesp.upmc.fr\/hepather_ANRS\/wp-content\/uploads\/2019\/02\/logoTagline_anrs_white.png?fit=464%2C175&ssl=1\",\"contentUrl\":\"https:\/\/i0.wp.com\/triton.iplesp.upmc.fr\/hepather_ANRS\/wp-content\/uploads\/2019\/02\/logoTagline_anrs_white.png?fit=464%2C175&ssl=1\",\"width\":464,\"height\":175,\"caption\":\"IPLESP UMRS 1136\"},\"image\":{\"@id\":\"https:\/\/triton.iplesp.upmc.fr\/hepather_ANRS\/#\/schema\/logo\/image\/\"}}]}<\/script>\n<!-- \/ Yoast SEO plugin. -->","yoast_head_json":{"title":"Biobanque - ANRS CO22 HEPATHER","robots":{"index":"index","follow":"follow","max-snippet":"max-snippet:-1","max-image-preview":"max-image-preview:large","max-video-preview":"max-video-preview:-1"},"canonical":"https:\/\/triton.iplesp.upmc.fr\/hepather_ANRS\/la-cohorte\/description-de-la-cohorte\/biobanque\/","og_locale":"fr_FR","og_type":"article","og_title":"Biobanque - ANRS CO22 HEPATHER","og_description":"Une biobanque est r\u00e9alis\u00e9e chez tous les patients inclus au moment de la visite d&rsquo;inclusion. Il n&rsquo;y a pas de pr\u00e9l\u00e8vements centralis\u00e9s et mis en biobanque pendant le suivi du patient. Cependant, dans certains cas de projets sp\u00e9cifiques et avec les accords r\u00e9glementaires n\u00e9cessaires, une biobanque de suivi peut \u00eatre envisag\u00e9e. La biobanque est centralis\u00e9e [&hellip;]","og_url":"https:\/\/triton.iplesp.upmc.fr\/hepather_ANRS\/la-cohorte\/description-de-la-cohorte\/biobanque\/","og_site_name":"ANRS CO22 HEPATHER","article_modified_time":"2022-03-30T12:56:38+00:00","og_image":[{"url":"https:\/\/triton.iplesp.upmc.fr\/hepather_ANRS\/wp-content\/uploads\/2022\/03\/visite_inclusion-360x239-1.png","type":"","width":"","height":""}],"twitter_card":"summary_large_image","twitter_misc":{"Dur\u00e9e de lecture estim\u00e9e":"2 minutes"},"schema":{"@context":"https:\/\/schema.org","@graph":[{"@type":"WebPage","@id":"https:\/\/triton.iplesp.upmc.fr\/hepather_ANRS\/la-cohorte\/description-de-la-cohorte\/biobanque\/","url":"https:\/\/triton.iplesp.upmc.fr\/hepather_ANRS\/la-cohorte\/description-de-la-cohorte\/biobanque\/","name":"Biobanque - ANRS CO22 HEPATHER","isPartOf":{"@id":"https:\/\/triton.iplesp.upmc.fr\/hepather_ANRS\/#website"},"primaryImageOfPage":{"@id":"https:\/\/triton.iplesp.upmc.fr\/hepather_ANRS\/la-cohorte\/description-de-la-cohorte\/biobanque\/#primaryimage"},"image":{"@id":"https:\/\/triton.iplesp.upmc.fr\/hepather_ANRS\/la-cohorte\/description-de-la-cohorte\/biobanque\/#primaryimage"},"thumbnailUrl":"https:\/\/triton.iplesp.upmc.fr\/hepather_ANRS\/wp-content\/uploads\/2022\/03\/visite_inclusion-360x239-1.png","datePublished":"2018-10-30T16:17:45+00:00","dateModified":"2022-03-30T12:56:38+00:00","breadcrumb":{"@id":"https:\/\/triton.iplesp.upmc.fr\/hepather_ANRS\/la-cohorte\/description-de-la-cohorte\/biobanque\/#breadcrumb"},"inLanguage":"fr-FR","potentialAction":[{"@type":"ReadAction","target":["https:\/\/triton.iplesp.upmc.fr\/hepather_ANRS\/la-cohorte\/description-de-la-cohorte\/biobanque\/"]}]},{"@type":"ImageObject","inLanguage":"fr-FR","@id":"https:\/\/triton.iplesp.upmc.fr\/hepather_ANRS\/la-cohorte\/description-de-la-cohorte\/biobanque\/#primaryimage","url":"https:\/\/i0.wp.com\/triton.iplesp.upmc.fr\/hepather_ANRS\/wp-content\/uploads\/2022\/03\/visite_inclusion-360x239-1.png?fit=360%2C239&ssl=1","contentUrl":"https:\/\/i0.wp.com\/triton.iplesp.upmc.fr\/hepather_ANRS\/wp-content\/uploads\/2022\/03\/visite_inclusion-360x239-1.png?fit=360%2C239&ssl=1","width":360,"height":239},{"@type":"BreadcrumbList","@id":"https:\/\/triton.iplesp.upmc.fr\/hepather_ANRS\/la-cohorte\/description-de-la-cohorte\/biobanque\/#breadcrumb","itemListElement":[{"@type":"ListItem","position":1,"name":"Accueil","item":"https:\/\/triton.iplesp.upmc.fr\/hepather_ANRS\/"},{"@type":"ListItem","position":2,"name":"La cohorte","item":"https:\/\/triton.iplesp.upmc.fr\/hepather_ANRS\/la-cohorte\/"},{"@type":"ListItem","position":3,"name":"Description de la cohorte","item":"https:\/\/triton.iplesp.upmc.fr\/hepather_ANRS\/la-cohorte\/description-de-la-cohorte\/"},{"@type":"ListItem","position":4,"name":"Biobanque"}]},{"@type":"WebSite","@id":"https:\/\/triton.iplesp.upmc.fr\/hepather_ANRS\/#website","url":"https:\/\/triton.iplesp.upmc.fr\/hepather_ANRS\/","name":"ANRS CO22 HEPATHER","description":"","publisher":{"@id":"https:\/\/triton.iplesp.upmc.fr\/hepather_ANRS\/#organization"},"potentialAction":[{"@type":"SearchAction","target":{"@type":"EntryPoint","urlTemplate":"https:\/\/triton.iplesp.upmc.fr\/hepather_ANRS\/?s={search_term_string}"},"query-input":{"@type":"PropertyValueSpecification","valueRequired":true,"valueName":"search_term_string"}}],"inLanguage":"fr-FR"},{"@type":"Organization","@id":"https:\/\/triton.iplesp.upmc.fr\/hepather_ANRS\/#organization","name":"IPLESP UMRS 1136","url":"https:\/\/triton.iplesp.upmc.fr\/hepather_ANRS\/","logo":{"@type":"ImageObject","inLanguage":"fr-FR","@id":"https:\/\/triton.iplesp.upmc.fr\/hepather_ANRS\/#\/schema\/logo\/image\/","url":"https:\/\/i0.wp.com\/triton.iplesp.upmc.fr\/hepather_ANRS\/wp-content\/uploads\/2019\/02\/logoTagline_anrs_white.png?fit=464%2C175&ssl=1","contentUrl":"https:\/\/i0.wp.com\/triton.iplesp.upmc.fr\/hepather_ANRS\/wp-content\/uploads\/2019\/02\/logoTagline_anrs_white.png?fit=464%2C175&ssl=1","width":464,"height":175,"caption":"IPLESP UMRS 1136"},"image":{"@id":"https:\/\/triton.iplesp.upmc.fr\/hepather_ANRS\/#\/schema\/logo\/image\/"}}]}},"jetpack_sharing_enabled":true,"jetpack_shortlink":"https:\/\/wp.me\/PaQKc4-nP","jetpack-related-posts":[{"id":1475,"url":"https:\/\/triton.iplesp.upmc.fr\/hepather_ANRS\/la-cohorte\/description-de-la-cohorte\/recueil-de-donnees\/","url_meta":{"origin":1477,"position":0},"title":"Recueil de donn\u00e9es","author":"admin_ft","date":"30 octobre 2018","format":false,"excerpt":"Le recueil de donn\u00e9es se fait lors des consultations cliniques des patients. Le protocole pr\u00e9voit une visite d\u2019inclusion et une visite annuelle pendant 7 \u00e0 8 ans. Toutes les donn\u00e9es sont saisies et centralis\u00e9es dans une base de donn\u00e9es \u00e9lectronique (eCRF de l\u2019\u00e9tude). Lors de la visite d\u2019inclusion, un point\u2026","rel":"","context":"Article similaire","block_context":{"text":"Article similaire","link":""},"img":{"alt_text":"","src":"","width":0,"height":0},"classes":[]},{"id":171,"url":"https:\/\/triton.iplesp.upmc.fr\/hepather_ANRS\/la-cohorte\/la-gouvernance\/","url_meta":{"origin":1477,"position":1},"title":"La gouvernance","author":"admin_fchau","date":"24 janvier 2018","format":false,"excerpt":"La gouvernance a pour mission de donner un avis sur toute question relative \u00e0 la d\u00e9ontologie, de d\u00e9finir ce qui peut constituer un conflit d\u2019int\u00e9r\u00eat, d'\u00e9valuer les dispositifs de gestion des liens d\u2019int\u00e9r\u00eat, d'\u00e9valuer les refus d\u2019acc\u00e8s \u00e0 la cohorte et de faire des recommandations pour am\u00e9liorer les r\u00e8gles d\u00e9ontologiques\u2026","rel":"","context":"Article similaire","block_context":{"text":"Article similaire","link":""},"img":{"alt_text":"gouvernance","src":"https:\/\/i0.wp.com\/triton.iplesp.upmc.fr\/hepather_ANRS\/wp-content\/uploads\/2019\/02\/gouvernance-1024x567.png?resize=350%2C200&ssl=1","width":350,"height":200,"srcset":"https:\/\/i0.wp.com\/triton.iplesp.upmc.fr\/hepather_ANRS\/wp-content\/uploads\/2019\/02\/gouvernance-1024x567.png?resize=350%2C200&ssl=1 1x, https:\/\/i0.wp.com\/triton.iplesp.upmc.fr\/hepather_ANRS\/wp-content\/uploads\/2019\/02\/gouvernance-1024x567.png?resize=525%2C300&ssl=1 1.5x"},"classes":[]},{"id":182,"url":"https:\/\/triton.iplesp.upmc.fr\/hepather_ANRS\/espace-patients\/comment-est-organisee-linclusion\/","url_meta":{"origin":1477,"position":2},"title":"Comment est organis\u00e9e l\u2019inclusion","author":"admin_fchau","date":"24 janvier 2018","format":false,"excerpt":"Pour participer \u00e0 la cohorte ANRS CO22 Hepather, un patient doit respecter les crit\u00e8res d\u2019\u00e9ligibilit\u00e9 suivant\u00a0: Crit\u00e8res d'inclusion : Patients ayant ou ayant eu une h\u00e9patite B : - h\u00e9patite B chronique d\u00e9finie par un HBsAg, antig\u00e8ne de surface du virus de l\u2019h\u00e9patite B, positif pendant au moins 6 mois,\u2026","rel":"","context":"Article similaire","block_context":{"text":"Article similaire","link":""},"img":{"alt_text":"","src":"","width":0,"height":0},"classes":[]},{"id":1047,"url":"https:\/\/triton.iplesp.upmc.fr\/hepather_ANRS\/la-cohorte\/description-de-la-cohorte\/volontaires\/","url_meta":{"origin":1477,"position":3},"title":"Volontaires","author":"admin_ft","date":"23 octobre 2018","format":false,"excerpt":"Nombre de sujets pr\u00e9vus : L\u2019effectif pr\u00e9vu est de 25000 patients dont 15000 infect\u00e9s r\u00e9cents ou anciens par le VHC (dans la mesure du possible, moins de 10% des patients inclus avec r\u00e9ponse virologique soutenue \u00e0 l'inclusion et plus de 50% de patients na\u00effs de traitement dirig\u00e9 contre le VHC)\u2026","rel":"","context":"Article similaire","block_context":{"text":"Article similaire","link":""},"img":{"alt_text":"","src":"","width":0,"height":0},"classes":[]},{"id":1045,"url":"https:\/\/triton.iplesp.upmc.fr\/hepather_ANRS\/la-cohorte\/description-de-la-cohorte\/etapes\/","url_meta":{"origin":1477,"position":4},"title":"Etapes","author":"admin_ft","date":"23 octobre 2018","format":false,"excerpt":"Calendrier pr\u00e9visionnel La premi\u00e8re inclusion a eu lieu le 06 ao\u00fbt 2012. Les inclusions ont \u00e9t\u00e9 suspendu le 31\/12\/2015 puis une reprise depuis l\u2019accord favorable de l\u2019amendement 5 du CPP jusqu\u2019au 30\/06\/2017. Les centres ont \u00e9t\u00e9 ouverts de fa\u00e7on s\u00e9quentielle et la fin de leurs inclusions sera d\u00e9cid\u00e9e en fonction\u2026","rel":"","context":"Article similaire","block_context":{"text":"Article similaire","link":""},"img":{"alt_text":"","src":"","width":0,"height":0},"classes":[]},{"id":184,"url":"https:\/\/triton.iplesp.upmc.fr\/hepather_ANRS\/espace-patients\/comment-est-organise-le-suivi\/","url_meta":{"origin":1477,"position":5},"title":"Comment est organis\u00e9 le suivi","author":"admin_fchau","date":"24 janvier 2018","format":false,"excerpt":"Apr\u00e8s la visite d\u2019inclusion le rythme des visites de suivi dans la cohorte ANRS CO22 Hepather est annuel. Cependant, chez les patients initiant un traitement contre leur h\u00e9patite C apr\u00e8s l\u2019inclusion, une visite suppl\u00e9mentaire est ajout\u00e9e 6 mois apr\u00e8s l\u2019initiation du traitement. Ces visites de suivi se calquent sur le\u2026","rel":"","context":"Article similaire","block_context":{"text":"Article similaire","link":""},"img":{"alt_text":"","src":"","width":0,"height":0},"classes":[]}],"_links":{"self":[{"href":"https:\/\/triton.iplesp.upmc.fr\/hepather_ANRS\/wp-json\/wp\/v2\/pages\/1477","targetHints":{"allow":["GET"]}}],"collection":[{"href":"https:\/\/triton.iplesp.upmc.fr\/hepather_ANRS\/wp-json\/wp\/v2\/pages"}],"about":[{"href":"https:\/\/triton.iplesp.upmc.fr\/hepather_ANRS\/wp-json\/wp\/v2\/types\/page"}],"author":[{"embeddable":true,"href":"https:\/\/triton.iplesp.upmc.fr\/hepather_ANRS\/wp-json\/wp\/v2\/users\/2"}],"replies":[{"embeddable":true,"href":"https:\/\/triton.iplesp.upmc.fr\/hepather_ANRS\/wp-json\/wp\/v2\/comments?post=1477"}],"version-history":[{"count":6,"href":"https:\/\/triton.iplesp.upmc.fr\/hepather_ANRS\/wp-json\/wp\/v2\/pages\/1477\/revisions"}],"predecessor-version":[{"id":3318,"href":"https:\/\/triton.iplesp.upmc.fr\/hepather_ANRS\/wp-json\/wp\/v2\/pages\/1477\/revisions\/3318"}],"up":[{"embeddable":true,"href":"https:\/\/triton.iplesp.upmc.fr\/hepather_ANRS\/wp-json\/wp\/v2\/pages\/165"}],"wp:attachment":[{"href":"https:\/\/triton.iplesp.upmc.fr\/hepather_ANRS\/wp-json\/wp\/v2\/media?parent=1477"}],"curies":[{"name":"wp","href":"https:\/\/api.w.org\/{rel}","templated":true}]}}