{"id":167,"date":"2018-01-24T15:12:20","date_gmt":"2018-01-24T14:12:20","guid":{"rendered":"https:\/\/triton.u707.jussieu.fr\/hepatherWP_test\/?page_id=167"},"modified":"2022-04-27T15:24:27","modified_gmt":"2022-04-27T13:24:27","slug":"etat-davancement","status":"publish","type":"page","link":"https:\/\/triton.iplesp.upmc.fr\/hepather_ANRS\/la-cohorte\/etat-davancement\/","title":{"rendered":"Etat d\u2019avancement"},"content":{"rendered":"<div id=\"pl-167\" class=\"panel-layout\">\n<div id=\"pg-167-0\" class=\"panel-grid panel-no-style\" data-style=\"{&quot;background_image_attachment&quot;:false,&quot;background_display&quot;:&quot;tile&quot;,&quot;cell_alignment&quot;:&quot;flex-start&quot;}\" data-ratio=\"0.5\" data-ratio-direction=\"left\">\n<div id=\"pgc-167-0-0\" class=\"panel-grid-cell\" data-weight=\"0.333333333333\">\n<div id=\"panel-167-0-0-1\" class=\"so-panel widget widget_categories panel-last-child\" data-index=\"1\" data-style=\"{&quot;background_image_attachment&quot;:false,&quot;background_display&quot;:&quot;tile&quot;}\"><img data-recalc-dims=\"1\" loading=\"lazy\" decoding=\"async\" data-attachment-id=\"2846\" data-permalink=\"https:\/\/triton.iplesp.upmc.fr\/hepather_ANRS\/la-cohorte\/etat-davancement\/avancement\/\" data-orig-file=\"https:\/\/i0.wp.com\/triton.iplesp.upmc.fr\/hepather_ANRS\/wp-content\/uploads\/2019\/02\/avancement.png?fit=913%2C754&amp;ssl=1\" data-orig-size=\"913,754\" data-comments-opened=\"1\" data-image-meta=\"{&quot;aperture&quot;:&quot;0&quot;,&quot;credit&quot;:&quot;&quot;,&quot;camera&quot;:&quot;&quot;,&quot;caption&quot;:&quot;&quot;,&quot;created_timestamp&quot;:&quot;0&quot;,&quot;copyright&quot;:&quot;&quot;,&quot;focal_length&quot;:&quot;0&quot;,&quot;iso&quot;:&quot;0&quot;,&quot;shutter_speed&quot;:&quot;0&quot;,&quot;title&quot;:&quot;&quot;,&quot;orientation&quot;:&quot;0&quot;}\" data-image-title=\"avancement\" data-image-description=\"\" data-image-caption=\"\" data-medium-file=\"https:\/\/i0.wp.com\/triton.iplesp.upmc.fr\/hepather_ANRS\/wp-content\/uploads\/2019\/02\/avancement.png?fit=300%2C248&amp;ssl=1\" data-large-file=\"https:\/\/i0.wp.com\/triton.iplesp.upmc.fr\/hepather_ANRS\/wp-content\/uploads\/2019\/02\/avancement.png?fit=640%2C529&amp;ssl=1\" class=\"alignnone wp-image-2846 size-full\" src=\"https:\/\/i0.wp.com\/triton.iplesp.upmc.fr\/hepather_ANRS\/wp-content\/uploads\/2019\/02\/avancement.png?resize=640%2C529&#038;ssl=1\" alt=\"avancement\" width=\"640\" height=\"529\" srcset=\"https:\/\/i0.wp.com\/triton.iplesp.upmc.fr\/hepather_ANRS\/wp-content\/uploads\/2019\/02\/avancement.png?w=913&amp;ssl=1 913w, https:\/\/i0.wp.com\/triton.iplesp.upmc.fr\/hepather_ANRS\/wp-content\/uploads\/2019\/02\/avancement.png?resize=300%2C248&amp;ssl=1 300w, https:\/\/i0.wp.com\/triton.iplesp.upmc.fr\/hepather_ANRS\/wp-content\/uploads\/2019\/02\/avancement.png?resize=768%2C634&amp;ssl=1 768w\" sizes=\"auto, (max-width: 640px) 100vw, 640px\" \/><\/div>\n<\/div>\n<div id=\"pgc-167-0-1\" class=\"panel-grid-cell\" data-weight=\"0.666666666667\">\n<div id=\"panel-167-0-1-0\" class=\"so-panel widget widget_text panel-first-child\" data-index=\"2\" data-style=\"{&quot;background_image_attachment&quot;:false,&quot;background_display&quot;:&quot;tile&quot;}\">\n<div class=\"textwidget\"><\/div>\n<\/div>\n<div id=\"panel-167-0-1-1\" class=\"so-panel widget widget_text\" data-index=\"3\" data-style=\"{&quot;background_image_attachment&quot;:false,&quot;background_display&quot;:&quot;tile&quot;}\">\n<div class=\"textwidget\"><\/div>\n<\/div>\n<div id=\"panel-167-0-1-2\" class=\"so-panel widget widget_text\" data-index=\"4\" data-style=\"{&quot;background_image_attachment&quot;:false,&quot;background_display&quot;:&quot;tile&quot;}\">\n<div class=\"textwidget\"><\/div>\n<\/div>\n<div id=\"panel-167-0-1-3\" class=\"so-panel widget widget_text panel-last-child\" data-index=\"5\" data-style=\"{&quot;background_image_attachment&quot;:false,&quot;background_display&quot;:&quot;tile&quot;}\">\n<div class=\"textwidget\"><\/div>\n<\/div>\n<\/div>\n<\/div>\n<\/div>\n","protected":false},"excerpt":{"rendered":"","protected":false},"author":3,"featured_media":0,"parent":158,"menu_order":2,"comment_status":"closed","ping_status":"closed","template":"","meta":{"_bbp_topic_count":0,"_bbp_reply_count":0,"_bbp_total_topic_count":0,"_bbp_total_reply_count":0,"_bbp_voice_count":0,"_bbp_anonymous_reply_count":0,"_bbp_topic_count_hidden":0,"_bbp_reply_count_hidden":0,"_bbp_forum_subforum_count":0,"jetpack_post_was_ever_published":false,"footnotes":""},"class_list":["post-167","page","type-page","status-publish","hentry"],"yoast_head":"<!-- This site is optimized with the Yoast SEO plugin v27.2 - https:\/\/yoast.com\/product\/yoast-seo-wordpress\/ -->\n<title>Etat d\u2019avancement - ANRS CO22 HEPATHER<\/title>\n<meta name=\"robots\" content=\"index, follow, max-snippet:-1, max-image-preview:large, max-video-preview:-1\" \/>\n<link rel=\"canonical\" href=\"https:\/\/triton.iplesp.upmc.fr\/hepather_ANRS\/la-cohorte\/etat-davancement\/\" \/>\n<meta property=\"og:locale\" content=\"fr_FR\" \/>\n<meta property=\"og:type\" content=\"article\" \/>\n<meta property=\"og:title\" content=\"Etat d\u2019avancement - ANRS CO22 HEPATHER\" \/>\n<meta property=\"og:url\" content=\"https:\/\/triton.iplesp.upmc.fr\/hepather_ANRS\/la-cohorte\/etat-davancement\/\" \/>\n<meta property=\"og:site_name\" content=\"ANRS CO22 HEPATHER\" \/>\n<meta property=\"article:modified_time\" content=\"2022-04-27T13:24:27+00:00\" \/>\n<meta property=\"og:image\" content=\"https:\/\/triton.iplesp.upmc.fr\/hepather_ANRS\/wp-content\/uploads\/2019\/02\/avancement.png\" \/>\n<meta name=\"twitter:card\" content=\"summary_large_image\" \/>\n<meta name=\"twitter:label1\" content=\"Dur\u00e9e de lecture estim\u00e9e\" \/>\n\t<meta name=\"twitter:data1\" content=\"1 minute\" \/>\n<script type=\"application\/ld+json\" class=\"yoast-schema-graph\">{\"@context\":\"https:\/\/schema.org\",\"@graph\":[{\"@type\":\"WebPage\",\"@id\":\"https:\/\/triton.iplesp.upmc.fr\/hepather_ANRS\/la-cohorte\/etat-davancement\/\",\"url\":\"https:\/\/triton.iplesp.upmc.fr\/hepather_ANRS\/la-cohorte\/etat-davancement\/\",\"name\":\"Etat d\u2019avancement - ANRS CO22 HEPATHER\",\"isPartOf\":{\"@id\":\"https:\/\/triton.iplesp.upmc.fr\/hepather_ANRS\/#website\"},\"primaryImageOfPage\":{\"@id\":\"https:\/\/triton.iplesp.upmc.fr\/hepather_ANRS\/la-cohorte\/etat-davancement\/#primaryimage\"},\"image\":{\"@id\":\"https:\/\/triton.iplesp.upmc.fr\/hepather_ANRS\/la-cohorte\/etat-davancement\/#primaryimage\"},\"thumbnailUrl\":\"https:\/\/triton.iplesp.upmc.fr\/hepather_ANRS\/wp-content\/uploads\/2019\/02\/avancement.png\",\"datePublished\":\"2018-01-24T14:12:20+00:00\",\"dateModified\":\"2022-04-27T13:24:27+00:00\",\"breadcrumb\":{\"@id\":\"https:\/\/triton.iplesp.upmc.fr\/hepather_ANRS\/la-cohorte\/etat-davancement\/#breadcrumb\"},\"inLanguage\":\"fr-FR\",\"potentialAction\":[{\"@type\":\"ReadAction\",\"target\":[\"https:\/\/triton.iplesp.upmc.fr\/hepather_ANRS\/la-cohorte\/etat-davancement\/\"]}]},{\"@type\":\"ImageObject\",\"inLanguage\":\"fr-FR\",\"@id\":\"https:\/\/triton.iplesp.upmc.fr\/hepather_ANRS\/la-cohorte\/etat-davancement\/#primaryimage\",\"url\":\"https:\/\/i0.wp.com\/triton.iplesp.upmc.fr\/hepather_ANRS\/wp-content\/uploads\/2019\/02\/avancement.png?fit=913%2C754&ssl=1\",\"contentUrl\":\"https:\/\/i0.wp.com\/triton.iplesp.upmc.fr\/hepather_ANRS\/wp-content\/uploads\/2019\/02\/avancement.png?fit=913%2C754&ssl=1\",\"width\":913,\"height\":754,\"caption\":\"avancement\"},{\"@type\":\"BreadcrumbList\",\"@id\":\"https:\/\/triton.iplesp.upmc.fr\/hepather_ANRS\/la-cohorte\/etat-davancement\/#breadcrumb\",\"itemListElement\":[{\"@type\":\"ListItem\",\"position\":1,\"name\":\"Accueil\",\"item\":\"https:\/\/triton.iplesp.upmc.fr\/hepather_ANRS\/\"},{\"@type\":\"ListItem\",\"position\":2,\"name\":\"La cohorte\",\"item\":\"https:\/\/triton.iplesp.upmc.fr\/hepather_ANRS\/la-cohorte\/\"},{\"@type\":\"ListItem\",\"position\":3,\"name\":\"Etat d\u2019avancement\"}]},{\"@type\":\"WebSite\",\"@id\":\"https:\/\/triton.iplesp.upmc.fr\/hepather_ANRS\/#website\",\"url\":\"https:\/\/triton.iplesp.upmc.fr\/hepather_ANRS\/\",\"name\":\"ANRS CO22 HEPATHER\",\"description\":\"\",\"publisher\":{\"@id\":\"https:\/\/triton.iplesp.upmc.fr\/hepather_ANRS\/#organization\"},\"potentialAction\":[{\"@type\":\"SearchAction\",\"target\":{\"@type\":\"EntryPoint\",\"urlTemplate\":\"https:\/\/triton.iplesp.upmc.fr\/hepather_ANRS\/?s={search_term_string}\"},\"query-input\":{\"@type\":\"PropertyValueSpecification\",\"valueRequired\":true,\"valueName\":\"search_term_string\"}}],\"inLanguage\":\"fr-FR\"},{\"@type\":\"Organization\",\"@id\":\"https:\/\/triton.iplesp.upmc.fr\/hepather_ANRS\/#organization\",\"name\":\"IPLESP UMRS 1136\",\"url\":\"https:\/\/triton.iplesp.upmc.fr\/hepather_ANRS\/\",\"logo\":{\"@type\":\"ImageObject\",\"inLanguage\":\"fr-FR\",\"@id\":\"https:\/\/triton.iplesp.upmc.fr\/hepather_ANRS\/#\/schema\/logo\/image\/\",\"url\":\"https:\/\/i0.wp.com\/triton.iplesp.upmc.fr\/hepather_ANRS\/wp-content\/uploads\/2019\/02\/logoTagline_anrs_white.png?fit=464%2C175&ssl=1\",\"contentUrl\":\"https:\/\/i0.wp.com\/triton.iplesp.upmc.fr\/hepather_ANRS\/wp-content\/uploads\/2019\/02\/logoTagline_anrs_white.png?fit=464%2C175&ssl=1\",\"width\":464,\"height\":175,\"caption\":\"IPLESP UMRS 1136\"},\"image\":{\"@id\":\"https:\/\/triton.iplesp.upmc.fr\/hepather_ANRS\/#\/schema\/logo\/image\/\"}}]}<\/script>\n<!-- \/ Yoast SEO plugin. -->","yoast_head_json":{"title":"Etat d\u2019avancement - ANRS CO22 HEPATHER","robots":{"index":"index","follow":"follow","max-snippet":"max-snippet:-1","max-image-preview":"max-image-preview:large","max-video-preview":"max-video-preview:-1"},"canonical":"https:\/\/triton.iplesp.upmc.fr\/hepather_ANRS\/la-cohorte\/etat-davancement\/","og_locale":"fr_FR","og_type":"article","og_title":"Etat d\u2019avancement - ANRS CO22 HEPATHER","og_url":"https:\/\/triton.iplesp.upmc.fr\/hepather_ANRS\/la-cohorte\/etat-davancement\/","og_site_name":"ANRS CO22 HEPATHER","article_modified_time":"2022-04-27T13:24:27+00:00","og_image":[{"url":"https:\/\/triton.iplesp.upmc.fr\/hepather_ANRS\/wp-content\/uploads\/2019\/02\/avancement.png","type":"","width":"","height":""}],"twitter_card":"summary_large_image","twitter_misc":{"Dur\u00e9e de lecture estim\u00e9e":"1 minute"},"schema":{"@context":"https:\/\/schema.org","@graph":[{"@type":"WebPage","@id":"https:\/\/triton.iplesp.upmc.fr\/hepather_ANRS\/la-cohorte\/etat-davancement\/","url":"https:\/\/triton.iplesp.upmc.fr\/hepather_ANRS\/la-cohorte\/etat-davancement\/","name":"Etat d\u2019avancement - ANRS CO22 HEPATHER","isPartOf":{"@id":"https:\/\/triton.iplesp.upmc.fr\/hepather_ANRS\/#website"},"primaryImageOfPage":{"@id":"https:\/\/triton.iplesp.upmc.fr\/hepather_ANRS\/la-cohorte\/etat-davancement\/#primaryimage"},"image":{"@id":"https:\/\/triton.iplesp.upmc.fr\/hepather_ANRS\/la-cohorte\/etat-davancement\/#primaryimage"},"thumbnailUrl":"https:\/\/triton.iplesp.upmc.fr\/hepather_ANRS\/wp-content\/uploads\/2019\/02\/avancement.png","datePublished":"2018-01-24T14:12:20+00:00","dateModified":"2022-04-27T13:24:27+00:00","breadcrumb":{"@id":"https:\/\/triton.iplesp.upmc.fr\/hepather_ANRS\/la-cohorte\/etat-davancement\/#breadcrumb"},"inLanguage":"fr-FR","potentialAction":[{"@type":"ReadAction","target":["https:\/\/triton.iplesp.upmc.fr\/hepather_ANRS\/la-cohorte\/etat-davancement\/"]}]},{"@type":"ImageObject","inLanguage":"fr-FR","@id":"https:\/\/triton.iplesp.upmc.fr\/hepather_ANRS\/la-cohorte\/etat-davancement\/#primaryimage","url":"https:\/\/i0.wp.com\/triton.iplesp.upmc.fr\/hepather_ANRS\/wp-content\/uploads\/2019\/02\/avancement.png?fit=913%2C754&ssl=1","contentUrl":"https:\/\/i0.wp.com\/triton.iplesp.upmc.fr\/hepather_ANRS\/wp-content\/uploads\/2019\/02\/avancement.png?fit=913%2C754&ssl=1","width":913,"height":754,"caption":"avancement"},{"@type":"BreadcrumbList","@id":"https:\/\/triton.iplesp.upmc.fr\/hepather_ANRS\/la-cohorte\/etat-davancement\/#breadcrumb","itemListElement":[{"@type":"ListItem","position":1,"name":"Accueil","item":"https:\/\/triton.iplesp.upmc.fr\/hepather_ANRS\/"},{"@type":"ListItem","position":2,"name":"La cohorte","item":"https:\/\/triton.iplesp.upmc.fr\/hepather_ANRS\/la-cohorte\/"},{"@type":"ListItem","position":3,"name":"Etat d\u2019avancement"}]},{"@type":"WebSite","@id":"https:\/\/triton.iplesp.upmc.fr\/hepather_ANRS\/#website","url":"https:\/\/triton.iplesp.upmc.fr\/hepather_ANRS\/","name":"ANRS CO22 HEPATHER","description":"","publisher":{"@id":"https:\/\/triton.iplesp.upmc.fr\/hepather_ANRS\/#organization"},"potentialAction":[{"@type":"SearchAction","target":{"@type":"EntryPoint","urlTemplate":"https:\/\/triton.iplesp.upmc.fr\/hepather_ANRS\/?s={search_term_string}"},"query-input":{"@type":"PropertyValueSpecification","valueRequired":true,"valueName":"search_term_string"}}],"inLanguage":"fr-FR"},{"@type":"Organization","@id":"https:\/\/triton.iplesp.upmc.fr\/hepather_ANRS\/#organization","name":"IPLESP UMRS 1136","url":"https:\/\/triton.iplesp.upmc.fr\/hepather_ANRS\/","logo":{"@type":"ImageObject","inLanguage":"fr-FR","@id":"https:\/\/triton.iplesp.upmc.fr\/hepather_ANRS\/#\/schema\/logo\/image\/","url":"https:\/\/i0.wp.com\/triton.iplesp.upmc.fr\/hepather_ANRS\/wp-content\/uploads\/2019\/02\/logoTagline_anrs_white.png?fit=464%2C175&ssl=1","contentUrl":"https:\/\/i0.wp.com\/triton.iplesp.upmc.fr\/hepather_ANRS\/wp-content\/uploads\/2019\/02\/logoTagline_anrs_white.png?fit=464%2C175&ssl=1","width":464,"height":175,"caption":"IPLESP UMRS 1136"},"image":{"@id":"https:\/\/triton.iplesp.upmc.fr\/hepather_ANRS\/#\/schema\/logo\/image\/"}}]}},"jetpack_sharing_enabled":true,"jetpack_shortlink":"https:\/\/wp.me\/PaQKc4-2H","jetpack-related-posts":[{"id":835,"url":"https:\/\/triton.iplesp.upmc.fr\/hepather_ANRS\/glossaire\/","url_meta":{"origin":167,"position":0},"title":"Glossaire","author":"admin_ft","date":"19 octobre 2018","format":false,"excerpt":"AFEF \u2013 Association Fran\u00e7aise pour l\u2019\u00c9tude du Foie L\u2019AFEF \u2013 Association Fran\u00e7aise pour l\u2019\u00c9tude du Foie \u2013 est la Soci\u00e9t\u00e9 Fran\u00e7aise d\u2019H\u00e9patologie qui regroupe l\u2019ensemble des chercheurs et cliniciens impliqu\u00e9s en H\u00e9patologie. Cr\u00e9\u00e9e le 17 novembre 1975, l\u2019AFEF a obtenu le statut d\u2019association reconnue d\u2019utilit\u00e9 publique le 6 janvier 2005.\u2026","rel":"","context":"Article similaire","block_context":{"text":"Article similaire","link":""},"img":{"alt_text":"","src":"","width":0,"height":0},"classes":[]},{"id":1060,"url":"https:\/\/triton.iplesp.upmc.fr\/hepather_ANRS\/la-cohorte\/description-de-la-cohorte\/pharmacovigilance\/","url_meta":{"origin":167,"position":1},"title":"Pharmacovigilance","author":"admin_ft","date":"23 octobre 2018","format":false,"excerpt":"La pharmacovigilance consiste \u00e0 observer les risques li\u00e9s aux m\u00e9dicaments, c'est-\u00e0-dire \u00e0 toute manifestation nocive survenant chez une personne qui se pr\u00eate \u00e0 une recherche biom\u00e9dicale, que cette manifestation soit li\u00e9e ou non \u00e0 la recherche ou au m\u00e9dicament exp\u00e9rimental sur lequel porte cette recherche.Elle sert principalement de support pour\u2026","rel":"","context":"Article similaire","block_context":{"text":"Article similaire","link":""},"img":{"alt_text":"","src":"https:\/\/i0.wp.com\/triton.iplesp.upmc.fr\/hepather_ANRS\/wp-content\/uploads\/2022\/03\/pharmacovigilance.png?resize=350%2C200&ssl=1","width":350,"height":200,"srcset":"https:\/\/i0.wp.com\/triton.iplesp.upmc.fr\/hepather_ANRS\/wp-content\/uploads\/2022\/03\/pharmacovigilance.png?resize=350%2C200&ssl=1 1x, https:\/\/i0.wp.com\/triton.iplesp.upmc.fr\/hepather_ANRS\/wp-content\/uploads\/2022\/03\/pharmacovigilance.png?resize=525%2C300&ssl=1 1.5x"},"classes":[]},{"id":182,"url":"https:\/\/triton.iplesp.upmc.fr\/hepather_ANRS\/espace-patients\/comment-est-organisee-linclusion\/","url_meta":{"origin":167,"position":2},"title":"Comment est organis\u00e9e l\u2019inclusion","author":"admin_fchau","date":"24 janvier 2018","format":false,"excerpt":"Pour participer \u00e0 la cohorte ANRS CO22 Hepather, un patient doit respecter les crit\u00e8res d\u2019\u00e9ligibilit\u00e9 suivant\u00a0: Crit\u00e8res d'inclusion : Patients ayant ou ayant eu une h\u00e9patite B : - h\u00e9patite B chronique d\u00e9finie par un HBsAg, antig\u00e8ne de surface du virus de l\u2019h\u00e9patite B, positif pendant au moins 6 mois,\u2026","rel":"","context":"Article similaire","block_context":{"text":"Article similaire","link":""},"img":{"alt_text":"","src":"","width":0,"height":0},"classes":[]}],"_links":{"self":[{"href":"https:\/\/triton.iplesp.upmc.fr\/hepather_ANRS\/wp-json\/wp\/v2\/pages\/167","targetHints":{"allow":["GET"]}}],"collection":[{"href":"https:\/\/triton.iplesp.upmc.fr\/hepather_ANRS\/wp-json\/wp\/v2\/pages"}],"about":[{"href":"https:\/\/triton.iplesp.upmc.fr\/hepather_ANRS\/wp-json\/wp\/v2\/types\/page"}],"author":[{"embeddable":true,"href":"https:\/\/triton.iplesp.upmc.fr\/hepather_ANRS\/wp-json\/wp\/v2\/users\/3"}],"replies":[{"embeddable":true,"href":"https:\/\/triton.iplesp.upmc.fr\/hepather_ANRS\/wp-json\/wp\/v2\/comments?post=167"}],"version-history":[{"count":4,"href":"https:\/\/triton.iplesp.upmc.fr\/hepather_ANRS\/wp-json\/wp\/v2\/pages\/167\/revisions"}],"predecessor-version":[{"id":3334,"href":"https:\/\/triton.iplesp.upmc.fr\/hepather_ANRS\/wp-json\/wp\/v2\/pages\/167\/revisions\/3334"}],"up":[{"embeddable":true,"href":"https:\/\/triton.iplesp.upmc.fr\/hepather_ANRS\/wp-json\/wp\/v2\/pages\/158"}],"wp:attachment":[{"href":"https:\/\/triton.iplesp.upmc.fr\/hepather_ANRS\/wp-json\/wp\/v2\/media?parent=167"}],"curies":[{"name":"wp","href":"https:\/\/api.w.org\/{rel}","templated":true}]}}