{"id":171,"date":"2018-01-24T15:13:07","date_gmt":"2018-01-24T14:13:07","guid":{"rendered":"https:\/\/triton.u707.jussieu.fr\/hepatherWP_test\/?page_id=171"},"modified":"2022-05-24T15:27:12","modified_gmt":"2022-05-24T13:27:12","slug":"la-gouvernance","status":"publish","type":"page","link":"https:\/\/triton.iplesp.upmc.fr\/hepather_ANRS\/la-cohorte\/la-gouvernance\/","title":{"rendered":"La gouvernance"},"content":{"rendered":"<p>La gouvernance a pour mission de donner un avis sur toute question relative \u00e0 la d\u00e9ontologie, de d\u00e9finir ce qui peut constituer un conflit d\u2019int\u00e9r\u00eat, d&rsquo;\u00e9valuer les dispositifs de gestion des liens d\u2019int\u00e9r\u00eat, d&rsquo;\u00e9valuer les refus d\u2019acc\u00e8s \u00e0 la cohorte et de faire des recommandations pour am\u00e9liorer les r\u00e8gles d\u00e9ontologiques applicables.<\/p>\n<p data-wp-editing=\"1\"><i>Organisation <\/i><i>de la gouvernance <\/i><i>:<br><\/i><br><img data-recalc-dims=\"1\" loading=\"lazy\" decoding=\"async\" data-attachment-id=\"2872\" data-permalink=\"https:\/\/triton.iplesp.upmc.fr\/hepather_ANRS\/la-cohorte\/la-gouvernance\/gouvernance\/\" data-orig-file=\"https:\/\/i0.wp.com\/triton.iplesp.upmc.fr\/hepather_ANRS\/wp-content\/uploads\/2019\/02\/gouvernance.png?fit=1479%2C819&amp;ssl=1\" data-orig-size=\"1479,819\" data-comments-opened=\"1\" data-image-meta=\"{&quot;aperture&quot;:&quot;0&quot;,&quot;credit&quot;:&quot;&quot;,&quot;camera&quot;:&quot;&quot;,&quot;caption&quot;:&quot;&quot;,&quot;created_timestamp&quot;:&quot;0&quot;,&quot;copyright&quot;:&quot;&quot;,&quot;focal_length&quot;:&quot;0&quot;,&quot;iso&quot;:&quot;0&quot;,&quot;shutter_speed&quot;:&quot;0&quot;,&quot;title&quot;:&quot;&quot;,&quot;orientation&quot;:&quot;0&quot;}\" data-image-title=\"gouvernance\" data-image-description=\"\" data-image-caption=\"\" data-medium-file=\"https:\/\/i0.wp.com\/triton.iplesp.upmc.fr\/hepather_ANRS\/wp-content\/uploads\/2019\/02\/gouvernance.png?fit=300%2C166&amp;ssl=1\" data-large-file=\"https:\/\/i0.wp.com\/triton.iplesp.upmc.fr\/hepather_ANRS\/wp-content\/uploads\/2019\/02\/gouvernance.png?fit=640%2C354&amp;ssl=1\" class=\"alignnone wp-image-2872 size-large\" src=\"https:\/\/i0.wp.com\/triton.iplesp.upmc.fr\/hepather_ANRS\/wp-content\/uploads\/2019\/02\/gouvernance.png?resize=640%2C354&#038;ssl=1\" alt=\"gouvernance\" width=\"640\" height=\"354\" srcset=\"https:\/\/i0.wp.com\/triton.iplesp.upmc.fr\/hepather_ANRS\/wp-content\/uploads\/2019\/02\/gouvernance.png?resize=1024%2C567&amp;ssl=1 1024w, https:\/\/i0.wp.com\/triton.iplesp.upmc.fr\/hepather_ANRS\/wp-content\/uploads\/2019\/02\/gouvernance.png?resize=300%2C166&amp;ssl=1 300w, https:\/\/i0.wp.com\/triton.iplesp.upmc.fr\/hepather_ANRS\/wp-content\/uploads\/2019\/02\/gouvernance.png?resize=768%2C425&amp;ssl=1 768w, https:\/\/i0.wp.com\/triton.iplesp.upmc.fr\/hepather_ANRS\/wp-content\/uploads\/2019\/02\/gouvernance.png?w=1479&amp;ssl=1 1479w, https:\/\/i0.wp.com\/triton.iplesp.upmc.fr\/hepather_ANRS\/wp-content\/uploads\/2019\/02\/gouvernance.png?w=1280&amp;ssl=1 1280w\" sizes=\"auto, (max-width: 640px) 100vw, 640px\" \/><\/p>\n<p>La cohorte ANRS CO22 Hepather dispose d\u2019un encadrement r\u00e9glementaire dont la d\u00e9claration au Comit\u00e9 de protection des personnes \u2013 CPP dont le d\u00e9marrage a \u00e9t\u00e9 autoris\u00e9 par l&rsquo;avis initial le 15\/05\/2012. Depuis, le protocole a \u00e9volu\u00e9 et a fait l&rsquo;objet de modifications substantielles qui ont donn\u00e9es lieux \u00e0 des amendements au protocle, au nombre de 9 actuellement, et d\u2019autorisations d\u00e9pos\u00e9es \u00e0 la Commission nationale de l\u2019informatique et des libert\u00e9s \u2013 CNIL, le CCTIRS et l&rsquo;ANSM.<\/p>\n<p>Ainsi ont \u00e9t\u00e9 \u00e9mis des avis favorables :<\/p>\n<p>&#8211; le 29 novembre 2011 pour l&rsquo;<b>avis initial<\/b> portant sur la mise en oeuvre de la recherche biom\u00e9dicale,<\/p>\n<p>&#8211; le 15 mai 2012 pour le <b>premier amendement <\/b>portant sur le changement de promoteur, l&rsquo;ajout de nouveaux centres investigateurs, l&rsquo;ajout de nouvelles donn\u00e9es recueillies, la modification de la bioth\u00e8que \u00e0 J0 sans augmentation du volume de sang pr\u00e9lev\u00e9,<\/p>\n<p>&#8211; le 09 avril 2013 pour le <b>deuxi\u00e8me amendement <\/b>portant sur l&rsquo;ajout de crit\u00e8res d&rsquo;inclusion et de non inclusion, la modification de la proportion des sujets \u00e0 l&rsquo;inclusion, la mise \u00e0 jour de la liste des investigateurs, l&rsquo;ajout d&rsquo;un paragraphe dans la partie <i>\u00ab\u00a0Population\u00a0\u00bb <\/i>(participation simultan\u00e9e \u00e0 un essai th\u00e9rapeutique) et pr\u00e9cision sur le monitoring,<\/p>\n<p>&#8211; le 08 juillet 2014 pour le <b>troisi\u00e8me amendement <\/b>portant sur la prolongation de la p\u00e9riode d&rsquo;inclusion, les pr\u00e9cisions des crit\u00e8res d&rsquo;inclusion et de non inclusion, la modification de la proportion du profil des sujets inclus, la modification de la liste des investigateurs, les pr\u00e9cisions du suivi des patients VHC initiant un traitement, la modification du recueil des donn\u00e9es (recueil d&rsquo;une nouvelle donn\u00e9e (<i>polymorphisme de l&rsquo;IL28B<\/i>), les pr\u00e9cisions sur le mode de recueil de donn\u00e9es de la qualit\u00e9 de vie, la modification de la gestion de la biobanque, l&rsquo;ajout d&rsquo;une \u00e9tude ancillaire : <i>l&rsquo;Observatoire national de la r\u00e9sistance<\/i>, la modification de la note d&rsquo;information\/consentement d&rsquo;information\/consentement, l&rsquo;ajout d&rsquo;un acc\u00e8s aux donn\u00e9es SNIIRAM des patients, l&rsquo;ajout d&rsquo;un consentement sp\u00e9cifique pour les analyses g\u00e9n\u00e9tiques.<\/p>\n<p>&#8211; le 07 avril 2015 pour le <b>quatri\u00e8me amendement <\/b>portant sur la prolongation de la p\u00e9riode d&rsquo;inclusion dans le protocole, la modification de l&rsquo;\u00e9tude ancillaire <i>\u00ab\u00a0Observatoire national de la r\u00e9sistance\u00a0\u00bb<\/i>, la modification du conseil scientifique et leader de l&rsquo;axe Physiopathologie dans le protocole, la modification de la liste des investigateurs, la mise \u00e0 jour du nom du promoteur dans le protocole et le formulaire <i>\u00ab\u00a0Collection d&rsquo;\u00e9chantillons biologiques\u00a0\u00bb<\/i>,<\/p>\n<p>&#8211; le 05 avril 2016 pour le <b>cinqui\u00e8me amendement <\/b>portant sur la modification du calendrier pr\u00e9visionnel, la modification du recueil de la qualit\u00e9 de vie, le changement de Chef de service, le changement du charg\u00e9 de pharmacovigilance\/gestion des bioth\u00e8ques,<\/p>\n<p>&#8211; le 04 octobre 2016 pour le <b>sixi\u00e8me amendement <\/b>portant sur l&rsquo;ajout des centres de La Roche sur Yon, Dr. Ph. Perr\u00e9, et de Caen, Dr. T. Dao, le changement d&rsquo;investigateur principal du centre 307 \u00e0 la Piti\u00e9 Salp\u00e9tri\u00e8re : le Dr. D. Thabut remplace le Dr. Y. Benhamou, la mise \u00e0 jour du centre 304 avec un changement de l&rsquo;organisation de l&rsquo;H\u00f4pital de Haut L\u00e9v\u00eaque \u00e0 Bordeaux, la modification des membres du Conseil scientifique et des responsables des axes, l&rsquo;ajout d&rsquo;une \u00e9tude ancillaire : <i>\u00ab\u00a0Etude des caract\u00e9ristiques \u00e9pid\u00e9miologiques, radiologiques et histologiques d&rsquo;une tumeur primitive du foie carcinome h\u00e9patocellulaire ou <\/i><i>cholangiocarcinome<\/i><i> (CHC\/CC) chez des patients \u00e9radiqu\u00e9s du virus de l&rsquo;h\u00e9patite C (VHC) et chez des patients contr\u00f4l\u00e9s pour le virus de l&rsquo;h\u00e9patite B (VHB)\u00a0\u00bb<\/i>, la dur\u00e9e pr\u00e9visionnelle totale de l&rsquo;\u00e9tude ancillaire est de 5 ans (3ans d&rsquo;inclusion et 2 ans de suvi), l&rsquo;\u00e9tude est coordonn\u00e9e par les Pr. Pierre Nahon, Jean-Charles Duclos-Vall\u00e9e et Fabrice Carrat.<\/p>\n<p>&#8211; le 16 mai 2017 pour le <b>septi\u00e8me amendement <\/b>portant sur la prolongation de la p\u00e9riode d&rsquo;inclusion sans modifier la dur\u00e9e de la cohorte, l&rsquo;ajout d&rsquo;un recueil de donn\u00e9es sp\u00e9cifiques pour les patients ayant ou ayant eu un(des) Carcinome(s) H\u00e9patoCellulaire(s) (CHC), le recueil d&rsquo;information via un appel t\u00e9l\u00e9phonique aupr\u00e8s des patients ne venant plus aux visites de suivi, la modification de la liste des membres du Conseil scientifique, la prolongation de la dur\u00e9e de l&rsquo;\u00e9tude ancillaire l&rsquo; <i>\u00ab\u00a0Observatoire national de la r\u00e9sistance du virus de l&rsquo;h\u00e9patite C aux nouveaux traitements antiviraux\u00a0\u00bb<\/i>,<\/p>\n<p>&#8211; le 21 novembre 2017 pour le <b>huiti\u00e8me amendement <\/b>portant sur la prolongation de la p\u00e9riode d&rsquo;inclusion sans modifier la dur\u00e9e de la cohorte, le changement d&rsquo;investigateur principal : le Pr. Fran\u00e7ois Durand remplace le Pr. Patrick Marcellin (Clichy), le Pr. Vincent Leroy remplace le Pr. Jean-Pierre Zarski (Grenoble),<\/p>\n<p>&#8211; le 12 juin 2018 pour le <b>neuvi\u00e8me amendement <\/b>portant sur le changement d&rsquo;investigateur principal : le Pr. Tarik Asselah remplace le Pr. Fran\u00e7ois Durand (centre n\u00b0300-Beaujon).<\/p>\n\n\n<p><\/p>\n","protected":false},"excerpt":{"rendered":"<p>La gouvernance a pour mission de donner un avis sur toute question relative \u00e0 la d\u00e9ontologie, de d\u00e9finir ce qui peut constituer un conflit d\u2019int\u00e9r\u00eat, d&rsquo;\u00e9valuer les dispositifs de gestion des liens d\u2019int\u00e9r\u00eat, d&rsquo;\u00e9valuer les refus d\u2019acc\u00e8s \u00e0 la cohorte et de faire des recommandations pour am\u00e9liorer les r\u00e8gles d\u00e9ontologiques applicables. Organisation de la gouvernance [&hellip;]<\/p>\n","protected":false},"author":3,"featured_media":0,"parent":158,"menu_order":4,"comment_status":"closed","ping_status":"closed","template":"","meta":{"_bbp_topic_count":0,"_bbp_reply_count":0,"_bbp_total_topic_count":0,"_bbp_total_reply_count":0,"_bbp_voice_count":0,"_bbp_anonymous_reply_count":0,"_bbp_topic_count_hidden":0,"_bbp_reply_count_hidden":0,"_bbp_forum_subforum_count":0,"jetpack_post_was_ever_published":false,"footnotes":""},"class_list":["post-171","page","type-page","status-publish","hentry"],"yoast_head":"<!-- This site is optimized with the Yoast SEO plugin v27.2 - https:\/\/yoast.com\/product\/yoast-seo-wordpress\/ -->\n<title>La gouvernance - ANRS CO22 HEPATHER<\/title>\n<meta name=\"robots\" content=\"index, follow, max-snippet:-1, max-image-preview:large, max-video-preview:-1\" \/>\n<link rel=\"canonical\" href=\"https:\/\/triton.iplesp.upmc.fr\/hepather_ANRS\/la-cohorte\/la-gouvernance\/\" \/>\n<meta property=\"og:locale\" content=\"fr_FR\" \/>\n<meta property=\"og:type\" content=\"article\" \/>\n<meta property=\"og:title\" content=\"La gouvernance - ANRS CO22 HEPATHER\" \/>\n<meta property=\"og:description\" content=\"La gouvernance a pour mission de donner un avis sur toute question relative \u00e0 la d\u00e9ontologie, de d\u00e9finir ce qui peut constituer un conflit d\u2019int\u00e9r\u00eat, d&rsquo;\u00e9valuer les dispositifs de gestion des liens d\u2019int\u00e9r\u00eat, d&rsquo;\u00e9valuer les refus d\u2019acc\u00e8s \u00e0 la cohorte et de faire des recommandations pour am\u00e9liorer les r\u00e8gles d\u00e9ontologiques applicables. Organisation de la gouvernance [&hellip;]\" \/>\n<meta property=\"og:url\" content=\"https:\/\/triton.iplesp.upmc.fr\/hepather_ANRS\/la-cohorte\/la-gouvernance\/\" \/>\n<meta property=\"og:site_name\" content=\"ANRS CO22 HEPATHER\" \/>\n<meta property=\"article:modified_time\" content=\"2022-05-24T13:27:12+00:00\" \/>\n<meta property=\"og:image\" content=\"https:\/\/triton.iplesp.upmc.fr\/hepather_ANRS\/wp-content\/uploads\/2019\/02\/gouvernance-1024x567.png\" \/>\n<meta name=\"twitter:card\" content=\"summary_large_image\" \/>\n<meta name=\"twitter:label1\" content=\"Dur\u00e9e de lecture estim\u00e9e\" \/>\n\t<meta name=\"twitter:data1\" content=\"5 minutes\" \/>\n<script type=\"application\/ld+json\" class=\"yoast-schema-graph\">{\"@context\":\"https:\/\/schema.org\",\"@graph\":[{\"@type\":\"WebPage\",\"@id\":\"https:\/\/triton.iplesp.upmc.fr\/hepather_ANRS\/la-cohorte\/la-gouvernance\/\",\"url\":\"https:\/\/triton.iplesp.upmc.fr\/hepather_ANRS\/la-cohorte\/la-gouvernance\/\",\"name\":\"La gouvernance - ANRS CO22 HEPATHER\",\"isPartOf\":{\"@id\":\"https:\/\/triton.iplesp.upmc.fr\/hepather_ANRS\/#website\"},\"primaryImageOfPage\":{\"@id\":\"https:\/\/triton.iplesp.upmc.fr\/hepather_ANRS\/la-cohorte\/la-gouvernance\/#primaryimage\"},\"image\":{\"@id\":\"https:\/\/triton.iplesp.upmc.fr\/hepather_ANRS\/la-cohorte\/la-gouvernance\/#primaryimage\"},\"thumbnailUrl\":\"https:\/\/triton.iplesp.upmc.fr\/hepather_ANRS\/wp-content\/uploads\/2019\/02\/gouvernance-1024x567.png\",\"datePublished\":\"2018-01-24T14:13:07+00:00\",\"dateModified\":\"2022-05-24T13:27:12+00:00\",\"breadcrumb\":{\"@id\":\"https:\/\/triton.iplesp.upmc.fr\/hepather_ANRS\/la-cohorte\/la-gouvernance\/#breadcrumb\"},\"inLanguage\":\"fr-FR\",\"potentialAction\":[{\"@type\":\"ReadAction\",\"target\":[\"https:\/\/triton.iplesp.upmc.fr\/hepather_ANRS\/la-cohorte\/la-gouvernance\/\"]}]},{\"@type\":\"ImageObject\",\"inLanguage\":\"fr-FR\",\"@id\":\"https:\/\/triton.iplesp.upmc.fr\/hepather_ANRS\/la-cohorte\/la-gouvernance\/#primaryimage\",\"url\":\"https:\/\/i0.wp.com\/triton.iplesp.upmc.fr\/hepather_ANRS\/wp-content\/uploads\/2019\/02\/gouvernance.png?fit=1479%2C819&ssl=1\",\"contentUrl\":\"https:\/\/i0.wp.com\/triton.iplesp.upmc.fr\/hepather_ANRS\/wp-content\/uploads\/2019\/02\/gouvernance.png?fit=1479%2C819&ssl=1\",\"width\":1479,\"height\":819,\"caption\":\"gouvernance\"},{\"@type\":\"BreadcrumbList\",\"@id\":\"https:\/\/triton.iplesp.upmc.fr\/hepather_ANRS\/la-cohorte\/la-gouvernance\/#breadcrumb\",\"itemListElement\":[{\"@type\":\"ListItem\",\"position\":1,\"name\":\"Accueil\",\"item\":\"https:\/\/triton.iplesp.upmc.fr\/hepather_ANRS\/\"},{\"@type\":\"ListItem\",\"position\":2,\"name\":\"La cohorte\",\"item\":\"https:\/\/triton.iplesp.upmc.fr\/hepather_ANRS\/la-cohorte\/\"},{\"@type\":\"ListItem\",\"position\":3,\"name\":\"La gouvernance\"}]},{\"@type\":\"WebSite\",\"@id\":\"https:\/\/triton.iplesp.upmc.fr\/hepather_ANRS\/#website\",\"url\":\"https:\/\/triton.iplesp.upmc.fr\/hepather_ANRS\/\",\"name\":\"ANRS CO22 HEPATHER\",\"description\":\"\",\"publisher\":{\"@id\":\"https:\/\/triton.iplesp.upmc.fr\/hepather_ANRS\/#organization\"},\"potentialAction\":[{\"@type\":\"SearchAction\",\"target\":{\"@type\":\"EntryPoint\",\"urlTemplate\":\"https:\/\/triton.iplesp.upmc.fr\/hepather_ANRS\/?s={search_term_string}\"},\"query-input\":{\"@type\":\"PropertyValueSpecification\",\"valueRequired\":true,\"valueName\":\"search_term_string\"}}],\"inLanguage\":\"fr-FR\"},{\"@type\":\"Organization\",\"@id\":\"https:\/\/triton.iplesp.upmc.fr\/hepather_ANRS\/#organization\",\"name\":\"IPLESP UMRS 1136\",\"url\":\"https:\/\/triton.iplesp.upmc.fr\/hepather_ANRS\/\",\"logo\":{\"@type\":\"ImageObject\",\"inLanguage\":\"fr-FR\",\"@id\":\"https:\/\/triton.iplesp.upmc.fr\/hepather_ANRS\/#\/schema\/logo\/image\/\",\"url\":\"https:\/\/i0.wp.com\/triton.iplesp.upmc.fr\/hepather_ANRS\/wp-content\/uploads\/2019\/02\/logoTagline_anrs_white.png?fit=464%2C175&ssl=1\",\"contentUrl\":\"https:\/\/i0.wp.com\/triton.iplesp.upmc.fr\/hepather_ANRS\/wp-content\/uploads\/2019\/02\/logoTagline_anrs_white.png?fit=464%2C175&ssl=1\",\"width\":464,\"height\":175,\"caption\":\"IPLESP UMRS 1136\"},\"image\":{\"@id\":\"https:\/\/triton.iplesp.upmc.fr\/hepather_ANRS\/#\/schema\/logo\/image\/\"}}]}<\/script>\n<!-- \/ Yoast SEO plugin. -->","yoast_head_json":{"title":"La gouvernance - ANRS CO22 HEPATHER","robots":{"index":"index","follow":"follow","max-snippet":"max-snippet:-1","max-image-preview":"max-image-preview:large","max-video-preview":"max-video-preview:-1"},"canonical":"https:\/\/triton.iplesp.upmc.fr\/hepather_ANRS\/la-cohorte\/la-gouvernance\/","og_locale":"fr_FR","og_type":"article","og_title":"La gouvernance - ANRS CO22 HEPATHER","og_description":"La gouvernance a pour mission de donner un avis sur toute question relative \u00e0 la d\u00e9ontologie, de d\u00e9finir ce qui peut constituer un conflit d\u2019int\u00e9r\u00eat, d&rsquo;\u00e9valuer les dispositifs de gestion des liens d\u2019int\u00e9r\u00eat, d&rsquo;\u00e9valuer les refus d\u2019acc\u00e8s \u00e0 la cohorte et de faire des recommandations pour am\u00e9liorer les r\u00e8gles d\u00e9ontologiques applicables. Organisation de la gouvernance [&hellip;]","og_url":"https:\/\/triton.iplesp.upmc.fr\/hepather_ANRS\/la-cohorte\/la-gouvernance\/","og_site_name":"ANRS CO22 HEPATHER","article_modified_time":"2022-05-24T13:27:12+00:00","og_image":[{"url":"https:\/\/triton.iplesp.upmc.fr\/hepather_ANRS\/wp-content\/uploads\/2019\/02\/gouvernance-1024x567.png","type":"","width":"","height":""}],"twitter_card":"summary_large_image","twitter_misc":{"Dur\u00e9e de lecture estim\u00e9e":"5 minutes"},"schema":{"@context":"https:\/\/schema.org","@graph":[{"@type":"WebPage","@id":"https:\/\/triton.iplesp.upmc.fr\/hepather_ANRS\/la-cohorte\/la-gouvernance\/","url":"https:\/\/triton.iplesp.upmc.fr\/hepather_ANRS\/la-cohorte\/la-gouvernance\/","name":"La gouvernance - ANRS CO22 HEPATHER","isPartOf":{"@id":"https:\/\/triton.iplesp.upmc.fr\/hepather_ANRS\/#website"},"primaryImageOfPage":{"@id":"https:\/\/triton.iplesp.upmc.fr\/hepather_ANRS\/la-cohorte\/la-gouvernance\/#primaryimage"},"image":{"@id":"https:\/\/triton.iplesp.upmc.fr\/hepather_ANRS\/la-cohorte\/la-gouvernance\/#primaryimage"},"thumbnailUrl":"https:\/\/triton.iplesp.upmc.fr\/hepather_ANRS\/wp-content\/uploads\/2019\/02\/gouvernance-1024x567.png","datePublished":"2018-01-24T14:13:07+00:00","dateModified":"2022-05-24T13:27:12+00:00","breadcrumb":{"@id":"https:\/\/triton.iplesp.upmc.fr\/hepather_ANRS\/la-cohorte\/la-gouvernance\/#breadcrumb"},"inLanguage":"fr-FR","potentialAction":[{"@type":"ReadAction","target":["https:\/\/triton.iplesp.upmc.fr\/hepather_ANRS\/la-cohorte\/la-gouvernance\/"]}]},{"@type":"ImageObject","inLanguage":"fr-FR","@id":"https:\/\/triton.iplesp.upmc.fr\/hepather_ANRS\/la-cohorte\/la-gouvernance\/#primaryimage","url":"https:\/\/i0.wp.com\/triton.iplesp.upmc.fr\/hepather_ANRS\/wp-content\/uploads\/2019\/02\/gouvernance.png?fit=1479%2C819&ssl=1","contentUrl":"https:\/\/i0.wp.com\/triton.iplesp.upmc.fr\/hepather_ANRS\/wp-content\/uploads\/2019\/02\/gouvernance.png?fit=1479%2C819&ssl=1","width":1479,"height":819,"caption":"gouvernance"},{"@type":"BreadcrumbList","@id":"https:\/\/triton.iplesp.upmc.fr\/hepather_ANRS\/la-cohorte\/la-gouvernance\/#breadcrumb","itemListElement":[{"@type":"ListItem","position":1,"name":"Accueil","item":"https:\/\/triton.iplesp.upmc.fr\/hepather_ANRS\/"},{"@type":"ListItem","position":2,"name":"La cohorte","item":"https:\/\/triton.iplesp.upmc.fr\/hepather_ANRS\/la-cohorte\/"},{"@type":"ListItem","position":3,"name":"La gouvernance"}]},{"@type":"WebSite","@id":"https:\/\/triton.iplesp.upmc.fr\/hepather_ANRS\/#website","url":"https:\/\/triton.iplesp.upmc.fr\/hepather_ANRS\/","name":"ANRS CO22 HEPATHER","description":"","publisher":{"@id":"https:\/\/triton.iplesp.upmc.fr\/hepather_ANRS\/#organization"},"potentialAction":[{"@type":"SearchAction","target":{"@type":"EntryPoint","urlTemplate":"https:\/\/triton.iplesp.upmc.fr\/hepather_ANRS\/?s={search_term_string}"},"query-input":{"@type":"PropertyValueSpecification","valueRequired":true,"valueName":"search_term_string"}}],"inLanguage":"fr-FR"},{"@type":"Organization","@id":"https:\/\/triton.iplesp.upmc.fr\/hepather_ANRS\/#organization","name":"IPLESP UMRS 1136","url":"https:\/\/triton.iplesp.upmc.fr\/hepather_ANRS\/","logo":{"@type":"ImageObject","inLanguage":"fr-FR","@id":"https:\/\/triton.iplesp.upmc.fr\/hepather_ANRS\/#\/schema\/logo\/image\/","url":"https:\/\/i0.wp.com\/triton.iplesp.upmc.fr\/hepather_ANRS\/wp-content\/uploads\/2019\/02\/logoTagline_anrs_white.png?fit=464%2C175&ssl=1","contentUrl":"https:\/\/i0.wp.com\/triton.iplesp.upmc.fr\/hepather_ANRS\/wp-content\/uploads\/2019\/02\/logoTagline_anrs_white.png?fit=464%2C175&ssl=1","width":464,"height":175,"caption":"IPLESP UMRS 1136"},"image":{"@id":"https:\/\/triton.iplesp.upmc.fr\/hepather_ANRS\/#\/schema\/logo\/image\/"}}]}},"jetpack_sharing_enabled":true,"jetpack_shortlink":"https:\/\/wp.me\/PaQKc4-2L","jetpack-related-posts":[{"id":835,"url":"https:\/\/triton.iplesp.upmc.fr\/hepather_ANRS\/glossaire\/","url_meta":{"origin":171,"position":0},"title":"Glossaire","author":"admin_ft","date":"19 octobre 2018","format":false,"excerpt":"AFEF \u2013 Association Fran\u00e7aise pour l\u2019\u00c9tude du Foie L\u2019AFEF \u2013 Association Fran\u00e7aise pour l\u2019\u00c9tude du Foie \u2013 est la Soci\u00e9t\u00e9 Fran\u00e7aise d\u2019H\u00e9patologie qui regroupe l\u2019ensemble des chercheurs et cliniciens impliqu\u00e9s en H\u00e9patologie. Cr\u00e9\u00e9e le 17 novembre 1975, l\u2019AFEF a obtenu le statut d\u2019association reconnue d\u2019utilit\u00e9 publique le 6 janvier 2005.\u2026","rel":"","context":"Article similaire","block_context":{"text":"Article similaire","link":""},"img":{"alt_text":"","src":"","width":0,"height":0},"classes":[]},{"id":2432,"url":"https:\/\/triton.iplesp.upmc.fr\/hepather_ANRS\/la-cohorte\/documentation\/","url_meta":{"origin":171,"position":1},"title":"Documentation","author":"admin_ft","date":"17 d\u00e9cembre 2018","format":false,"excerpt":"Protocole : Protocole ANRS CO22 Hepather du 04\/12\/2018 Comit\u00e9 consultatif sur le traitement de l'information en mati\u00e8re de recherche dans le domaine de la sant\u00e9 : Avis initial Autorisation de la CNIL : D\u00e9cision DR-2013-611 Autorisation de la CNIL : D\u00e9lib\u00e9ration n\u00b0 2018-300 du 19 juillet 2018 Cahier des variables\u2026","rel":"","context":"Article similaire","block_context":{"text":"Article similaire","link":""},"img":{"alt_text":"","src":"","width":0,"height":0},"classes":[]},{"id":203,"url":"https:\/\/triton.iplesp.upmc.fr\/hepather_ANRS\/espace-chercheur\/deposer-un-projet\/","url_meta":{"origin":171,"position":2},"title":"D\u00e9poser un projet","author":"admin_fchau","date":"24 janvier 2018","format":false,"excerpt":"D\u00e9marches \u00e0 suivre pour le d\u00e9p\u00f4t de projets acad\u00e9miques : La cohorte ANRS CO22 HEPATHER est une plateforme de recherche ouverte \u00e0 la communaut\u00e9. Tout chercheur peut proposer un projet nich\u00e9 sur des patients inclus dans la cohorte. La 1\u00e8re \u00e9tape consiste \u00e0 compl\u00e9ter et soumettre le formulaire de soumission\u2026","rel":"","context":"Article similaire","block_context":{"text":"Article similaire","link":""},"img":{"alt_text":"","src":"","width":0,"height":0},"classes":[]},{"id":1049,"url":"https:\/\/triton.iplesp.upmc.fr\/hepather_ANRS\/la-cohorte\/description-de-la-cohorte\/methodologie\/","url_meta":{"origin":171,"position":3},"title":"M\u00e9thodologie","author":"admin_ft","date":"23 octobre 2018","format":false,"excerpt":"La cohorte ANRS CO22 Hepather est constitu\u00e9e de patients atteints du virus de l'h\u00e9patite B \u2013 VHB et\/ou du virus de l'h\u00e9patite C chronique, aig\u00fce ou gu\u00e9rie. Il s'agit d'une \u00e9tude observationnelle multicentrique sous forme de partenariat public et priv\u00e9 avec un recueil prospectif de donn\u00e9es et la constitution de\u2026","rel":"","context":"Article similaire","block_context":{"text":"Article similaire","link":""},"img":{"alt_text":"","src":"","width":0,"height":0},"classes":[]},{"id":1598,"url":"https:\/\/triton.iplesp.upmc.fr\/hepather_ANRS\/la-cohorte\/description-de-la-cohorte\/interets-de-la-cohorte\/","url_meta":{"origin":171,"position":4},"title":"Int\u00e9r\u00eats de la cohorte","author":"admin_ft","date":"5 novembre 2018","format":false,"excerpt":"HEPATHER, en interaction principalement avec les acteurs de sant\u00e9 publique : \u203a en interactions permanentes avec les autorit\u00e9s de sant\u00e9 \u203a Autorit\u00e9 Nationale de la Sant\u00e9 (HAS) \u203a Agence Nationale de la S\u00e9curit\u00e9 du M\u00e9dicament et des Produits de Sant\u00e9 (ANSM) \u203a Direction de la sant\u00e9 - Minist\u00e8re de la\u2026","rel":"","context":"Article similaire","block_context":{"text":"Article similaire","link":""},"img":{"alt_text":"","src":"","width":0,"height":0},"classes":[]},{"id":186,"url":"https:\/\/triton.iplesp.upmc.fr\/hepather_ANRS\/espace-patients\/vos-droits\/","url_meta":{"origin":171,"position":5},"title":"Vos droits","author":"admin_fchau","date":"24 janvier 2018","format":false,"excerpt":"Information sur le RGPD (R\u00e8glement G\u00e9n\u00e9ral sur la Protection des Donn\u00e9es) Depuis le 25 mai 2018, une nouvelle r\u00e9glementation est entr\u00e9e en application dans l\u2019Union Europ\u00e9enne. Elle permet d\u2019harmoniser le cadre juridique de la protection de donn\u00e9es personnelles et de rendre le traitement des donn\u00e9es collect\u00e9es plus transparent \u00e0 l\u2019\u00e9gard\u2026","rel":"","context":"Article similaire","block_context":{"text":"Article similaire","link":""},"img":{"alt_text":"","src":"","width":0,"height":0},"classes":[]}],"_links":{"self":[{"href":"https:\/\/triton.iplesp.upmc.fr\/hepather_ANRS\/wp-json\/wp\/v2\/pages\/171","targetHints":{"allow":["GET"]}}],"collection":[{"href":"https:\/\/triton.iplesp.upmc.fr\/hepather_ANRS\/wp-json\/wp\/v2\/pages"}],"about":[{"href":"https:\/\/triton.iplesp.upmc.fr\/hepather_ANRS\/wp-json\/wp\/v2\/types\/page"}],"author":[{"embeddable":true,"href":"https:\/\/triton.iplesp.upmc.fr\/hepather_ANRS\/wp-json\/wp\/v2\/users\/3"}],"replies":[{"embeddable":true,"href":"https:\/\/triton.iplesp.upmc.fr\/hepather_ANRS\/wp-json\/wp\/v2\/comments?post=171"}],"version-history":[{"count":15,"href":"https:\/\/triton.iplesp.upmc.fr\/hepather_ANRS\/wp-json\/wp\/v2\/pages\/171\/revisions"}],"predecessor-version":[{"id":3346,"href":"https:\/\/triton.iplesp.upmc.fr\/hepather_ANRS\/wp-json\/wp\/v2\/pages\/171\/revisions\/3346"}],"up":[{"embeddable":true,"href":"https:\/\/triton.iplesp.upmc.fr\/hepather_ANRS\/wp-json\/wp\/v2\/pages\/158"}],"wp:attachment":[{"href":"https:\/\/triton.iplesp.upmc.fr\/hepather_ANRS\/wp-json\/wp\/v2\/media?parent=171"}],"curies":[{"name":"wp","href":"https:\/\/api.w.org\/{rel}","templated":true}]}}