{"id":1754,"date":"2018-11-08T14:38:12","date_gmt":"2018-11-08T13:38:12","guid":{"rendered":"https:\/\/triton.u707.jussieu.fr\/hepatherWPpreprod\/?page_id=1754"},"modified":"2019-03-29T11:07:37","modified_gmt":"2019-03-29T10:07:37","slug":"circuit-de-donnees","status":"publish","type":"page","link":"https:\/\/triton.iplesp.upmc.fr\/hepather_ANRS\/la-cohorte\/description-de-la-cohorte\/circuit-de-donnees\/","title":{"rendered":"Circuit de donn\u00e9es"},"content":{"rendered":"<p>Un formulaire \u00e9lectronique \u2013 eCRF &#8211; est d\u00e9velopp\u00e9 par l&rsquo;Institut Pierre Louis d&rsquo;Epid\u00e9miologie et de Sant\u00e9 Publique \u2013 iPLESP \u2013 UMRS 1136 et permet \u00e0 chaque centre clinique la saisie en ligne des donn\u00e9es d&rsquo;inclusion et de suivi pour chaque patient.<\/p>\n<p>Ces donn\u00e9es sont centralis\u00e9es sur serveur conform\u00e9ment aux exigences r\u00e9glementaires en termes de s\u00e9curit\u00e9, de p\u00e9rennit\u00e9 et de confidentialit\u00e9 des informations transmises, les donn\u00e9es \u00e9tant anonymes.<\/p>\n<p>Dans le cadre d&rsquo;un projet de recherche sp\u00e9cifique, il est possible de d\u00e9velopper et de mettre en production des formulaires de donn\u00e9es pour les patients concern\u00e9s.<\/p>\n<p>Une revue des donn\u00e9es est r\u00e9alis\u00e9e chaque semaine et permet la r\u00e9alisation de tableaux de bord qui donnent des indications sur les patients de la cohorte.<\/p>\n<p>Le cha\u00eenage permettant l&rsquo;acc\u00e8s aux donn\u00e9es du <u>Syst\u00e8me National des Donn\u00e9es de Sant\u00e9 \u2013 SNDS <\/u>pour les patients ayant donn\u00e9 leur consentement a \u00e9t\u00e9 autoris\u00e9 par la Commission nationale de l\u2019informatique et des libert\u00e9s \u2013 CNIL. Elles seront stock\u00e9es en accord avec la r\u00e8glementation en cours.<\/p>\n","protected":false},"excerpt":{"rendered":"<p>Un formulaire \u00e9lectronique \u2013 eCRF &#8211; est d\u00e9velopp\u00e9 par l&rsquo;Institut Pierre Louis d&rsquo;Epid\u00e9miologie et de Sant\u00e9 Publique \u2013 iPLESP \u2013 UMRS 1136 et permet \u00e0 chaque centre clinique la saisie en ligne des donn\u00e9es d&rsquo;inclusion et de suivi pour chaque patient. Ces donn\u00e9es sont centralis\u00e9es sur serveur conform\u00e9ment aux exigences r\u00e9glementaires en termes de s\u00e9curit\u00e9, [&hellip;]<\/p>\n","protected":false},"author":2,"featured_media":0,"parent":165,"menu_order":0,"comment_status":"closed","ping_status":"closed","template":"","meta":{"_bbp_topic_count":0,"_bbp_reply_count":0,"_bbp_total_topic_count":0,"_bbp_total_reply_count":0,"_bbp_voice_count":0,"_bbp_anonymous_reply_count":0,"_bbp_topic_count_hidden":0,"_bbp_reply_count_hidden":0,"_bbp_forum_subforum_count":0,"jetpack_post_was_ever_published":false,"footnotes":""},"class_list":["post-1754","page","type-page","status-publish","hentry"],"yoast_head":"<!-- This site is optimized with the Yoast SEO plugin v27.2 - https:\/\/yoast.com\/product\/yoast-seo-wordpress\/ -->\n<title>Circuit de donn\u00e9es - ANRS CO22 HEPATHER<\/title>\n<meta name=\"robots\" content=\"index, follow, max-snippet:-1, max-image-preview:large, max-video-preview:-1\" \/>\n<link rel=\"canonical\" href=\"https:\/\/triton.iplesp.upmc.fr\/hepather_ANRS\/la-cohorte\/description-de-la-cohorte\/circuit-de-donnees\/\" \/>\n<meta property=\"og:locale\" content=\"fr_FR\" \/>\n<meta property=\"og:type\" content=\"article\" \/>\n<meta property=\"og:title\" content=\"Circuit de donn\u00e9es - ANRS CO22 HEPATHER\" \/>\n<meta property=\"og:description\" content=\"Un formulaire \u00e9lectronique \u2013 eCRF &#8211; est d\u00e9velopp\u00e9 par l&rsquo;Institut Pierre Louis d&rsquo;Epid\u00e9miologie et de Sant\u00e9 Publique \u2013 iPLESP \u2013 UMRS 1136 et permet \u00e0 chaque centre clinique la saisie en ligne des donn\u00e9es d&rsquo;inclusion et de suivi pour chaque patient. Ces donn\u00e9es sont centralis\u00e9es sur serveur conform\u00e9ment aux exigences r\u00e9glementaires en termes de s\u00e9curit\u00e9, [&hellip;]\" \/>\n<meta property=\"og:url\" content=\"https:\/\/triton.iplesp.upmc.fr\/hepather_ANRS\/la-cohorte\/description-de-la-cohorte\/circuit-de-donnees\/\" \/>\n<meta property=\"og:site_name\" content=\"ANRS CO22 HEPATHER\" \/>\n<meta property=\"article:modified_time\" content=\"2019-03-29T10:07:37+00:00\" \/>\n<meta name=\"twitter:card\" content=\"summary_large_image\" \/>\n<meta name=\"twitter:label1\" content=\"Dur\u00e9e de lecture estim\u00e9e\" \/>\n\t<meta name=\"twitter:data1\" content=\"1 minute\" \/>\n<script type=\"application\/ld+json\" class=\"yoast-schema-graph\">{\"@context\":\"https:\/\/schema.org\",\"@graph\":[{\"@type\":\"WebPage\",\"@id\":\"https:\/\/triton.iplesp.upmc.fr\/hepather_ANRS\/la-cohorte\/description-de-la-cohorte\/circuit-de-donnees\/\",\"url\":\"https:\/\/triton.iplesp.upmc.fr\/hepather_ANRS\/la-cohorte\/description-de-la-cohorte\/circuit-de-donnees\/\",\"name\":\"Circuit de donn\u00e9es - ANRS CO22 HEPATHER\",\"isPartOf\":{\"@id\":\"https:\/\/triton.iplesp.upmc.fr\/hepather_ANRS\/#website\"},\"datePublished\":\"2018-11-08T13:38:12+00:00\",\"dateModified\":\"2019-03-29T10:07:37+00:00\",\"breadcrumb\":{\"@id\":\"https:\/\/triton.iplesp.upmc.fr\/hepather_ANRS\/la-cohorte\/description-de-la-cohorte\/circuit-de-donnees\/#breadcrumb\"},\"inLanguage\":\"fr-FR\",\"potentialAction\":[{\"@type\":\"ReadAction\",\"target\":[\"https:\/\/triton.iplesp.upmc.fr\/hepather_ANRS\/la-cohorte\/description-de-la-cohorte\/circuit-de-donnees\/\"]}]},{\"@type\":\"BreadcrumbList\",\"@id\":\"https:\/\/triton.iplesp.upmc.fr\/hepather_ANRS\/la-cohorte\/description-de-la-cohorte\/circuit-de-donnees\/#breadcrumb\",\"itemListElement\":[{\"@type\":\"ListItem\",\"position\":1,\"name\":\"Accueil\",\"item\":\"https:\/\/triton.iplesp.upmc.fr\/hepather_ANRS\/\"},{\"@type\":\"ListItem\",\"position\":2,\"name\":\"La cohorte\",\"item\":\"https:\/\/triton.iplesp.upmc.fr\/hepather_ANRS\/la-cohorte\/\"},{\"@type\":\"ListItem\",\"position\":3,\"name\":\"Description de la cohorte\",\"item\":\"https:\/\/triton.iplesp.upmc.fr\/hepather_ANRS\/la-cohorte\/description-de-la-cohorte\/\"},{\"@type\":\"ListItem\",\"position\":4,\"name\":\"Circuit de donn\u00e9es\"}]},{\"@type\":\"WebSite\",\"@id\":\"https:\/\/triton.iplesp.upmc.fr\/hepather_ANRS\/#website\",\"url\":\"https:\/\/triton.iplesp.upmc.fr\/hepather_ANRS\/\",\"name\":\"ANRS CO22 HEPATHER\",\"description\":\"\",\"publisher\":{\"@id\":\"https:\/\/triton.iplesp.upmc.fr\/hepather_ANRS\/#organization\"},\"potentialAction\":[{\"@type\":\"SearchAction\",\"target\":{\"@type\":\"EntryPoint\",\"urlTemplate\":\"https:\/\/triton.iplesp.upmc.fr\/hepather_ANRS\/?s={search_term_string}\"},\"query-input\":{\"@type\":\"PropertyValueSpecification\",\"valueRequired\":true,\"valueName\":\"search_term_string\"}}],\"inLanguage\":\"fr-FR\"},{\"@type\":\"Organization\",\"@id\":\"https:\/\/triton.iplesp.upmc.fr\/hepather_ANRS\/#organization\",\"name\":\"IPLESP UMRS 1136\",\"url\":\"https:\/\/triton.iplesp.upmc.fr\/hepather_ANRS\/\",\"logo\":{\"@type\":\"ImageObject\",\"inLanguage\":\"fr-FR\",\"@id\":\"https:\/\/triton.iplesp.upmc.fr\/hepather_ANRS\/#\/schema\/logo\/image\/\",\"url\":\"https:\/\/i0.wp.com\/triton.iplesp.upmc.fr\/hepather_ANRS\/wp-content\/uploads\/2019\/02\/logoTagline_anrs_white.png?fit=464%2C175&ssl=1\",\"contentUrl\":\"https:\/\/i0.wp.com\/triton.iplesp.upmc.fr\/hepather_ANRS\/wp-content\/uploads\/2019\/02\/logoTagline_anrs_white.png?fit=464%2C175&ssl=1\",\"width\":464,\"height\":175,\"caption\":\"IPLESP UMRS 1136\"},\"image\":{\"@id\":\"https:\/\/triton.iplesp.upmc.fr\/hepather_ANRS\/#\/schema\/logo\/image\/\"}}]}<\/script>\n<!-- \/ Yoast SEO plugin. -->","yoast_head_json":{"title":"Circuit de donn\u00e9es - ANRS CO22 HEPATHER","robots":{"index":"index","follow":"follow","max-snippet":"max-snippet:-1","max-image-preview":"max-image-preview:large","max-video-preview":"max-video-preview:-1"},"canonical":"https:\/\/triton.iplesp.upmc.fr\/hepather_ANRS\/la-cohorte\/description-de-la-cohorte\/circuit-de-donnees\/","og_locale":"fr_FR","og_type":"article","og_title":"Circuit de donn\u00e9es - ANRS CO22 HEPATHER","og_description":"Un formulaire \u00e9lectronique \u2013 eCRF &#8211; est d\u00e9velopp\u00e9 par l&rsquo;Institut Pierre Louis d&rsquo;Epid\u00e9miologie et de Sant\u00e9 Publique \u2013 iPLESP \u2013 UMRS 1136 et permet \u00e0 chaque centre clinique la saisie en ligne des donn\u00e9es d&rsquo;inclusion et de suivi pour chaque patient. Ces donn\u00e9es sont centralis\u00e9es sur serveur conform\u00e9ment aux exigences r\u00e9glementaires en termes de s\u00e9curit\u00e9, [&hellip;]","og_url":"https:\/\/triton.iplesp.upmc.fr\/hepather_ANRS\/la-cohorte\/description-de-la-cohorte\/circuit-de-donnees\/","og_site_name":"ANRS CO22 HEPATHER","article_modified_time":"2019-03-29T10:07:37+00:00","twitter_card":"summary_large_image","twitter_misc":{"Dur\u00e9e de lecture estim\u00e9e":"1 minute"},"schema":{"@context":"https:\/\/schema.org","@graph":[{"@type":"WebPage","@id":"https:\/\/triton.iplesp.upmc.fr\/hepather_ANRS\/la-cohorte\/description-de-la-cohorte\/circuit-de-donnees\/","url":"https:\/\/triton.iplesp.upmc.fr\/hepather_ANRS\/la-cohorte\/description-de-la-cohorte\/circuit-de-donnees\/","name":"Circuit de donn\u00e9es - ANRS CO22 HEPATHER","isPartOf":{"@id":"https:\/\/triton.iplesp.upmc.fr\/hepather_ANRS\/#website"},"datePublished":"2018-11-08T13:38:12+00:00","dateModified":"2019-03-29T10:07:37+00:00","breadcrumb":{"@id":"https:\/\/triton.iplesp.upmc.fr\/hepather_ANRS\/la-cohorte\/description-de-la-cohorte\/circuit-de-donnees\/#breadcrumb"},"inLanguage":"fr-FR","potentialAction":[{"@type":"ReadAction","target":["https:\/\/triton.iplesp.upmc.fr\/hepather_ANRS\/la-cohorte\/description-de-la-cohorte\/circuit-de-donnees\/"]}]},{"@type":"BreadcrumbList","@id":"https:\/\/triton.iplesp.upmc.fr\/hepather_ANRS\/la-cohorte\/description-de-la-cohorte\/circuit-de-donnees\/#breadcrumb","itemListElement":[{"@type":"ListItem","position":1,"name":"Accueil","item":"https:\/\/triton.iplesp.upmc.fr\/hepather_ANRS\/"},{"@type":"ListItem","position":2,"name":"La cohorte","item":"https:\/\/triton.iplesp.upmc.fr\/hepather_ANRS\/la-cohorte\/"},{"@type":"ListItem","position":3,"name":"Description de la cohorte","item":"https:\/\/triton.iplesp.upmc.fr\/hepather_ANRS\/la-cohorte\/description-de-la-cohorte\/"},{"@type":"ListItem","position":4,"name":"Circuit de donn\u00e9es"}]},{"@type":"WebSite","@id":"https:\/\/triton.iplesp.upmc.fr\/hepather_ANRS\/#website","url":"https:\/\/triton.iplesp.upmc.fr\/hepather_ANRS\/","name":"ANRS CO22 HEPATHER","description":"","publisher":{"@id":"https:\/\/triton.iplesp.upmc.fr\/hepather_ANRS\/#organization"},"potentialAction":[{"@type":"SearchAction","target":{"@type":"EntryPoint","urlTemplate":"https:\/\/triton.iplesp.upmc.fr\/hepather_ANRS\/?s={search_term_string}"},"query-input":{"@type":"PropertyValueSpecification","valueRequired":true,"valueName":"search_term_string"}}],"inLanguage":"fr-FR"},{"@type":"Organization","@id":"https:\/\/triton.iplesp.upmc.fr\/hepather_ANRS\/#organization","name":"IPLESP UMRS 1136","url":"https:\/\/triton.iplesp.upmc.fr\/hepather_ANRS\/","logo":{"@type":"ImageObject","inLanguage":"fr-FR","@id":"https:\/\/triton.iplesp.upmc.fr\/hepather_ANRS\/#\/schema\/logo\/image\/","url":"https:\/\/i0.wp.com\/triton.iplesp.upmc.fr\/hepather_ANRS\/wp-content\/uploads\/2019\/02\/logoTagline_anrs_white.png?fit=464%2C175&ssl=1","contentUrl":"https:\/\/i0.wp.com\/triton.iplesp.upmc.fr\/hepather_ANRS\/wp-content\/uploads\/2019\/02\/logoTagline_anrs_white.png?fit=464%2C175&ssl=1","width":464,"height":175,"caption":"IPLESP UMRS 1136"},"image":{"@id":"https:\/\/triton.iplesp.upmc.fr\/hepather_ANRS\/#\/schema\/logo\/image\/"}}]}},"jetpack_sharing_enabled":true,"jetpack_shortlink":"https:\/\/wp.me\/PaQKc4-si","jetpack-related-posts":[{"id":1475,"url":"https:\/\/triton.iplesp.upmc.fr\/hepather_ANRS\/la-cohorte\/description-de-la-cohorte\/recueil-de-donnees\/","url_meta":{"origin":1754,"position":0},"title":"Recueil de donn\u00e9es","author":"admin_ft","date":"30 octobre 2018","format":false,"excerpt":"Le recueil de donn\u00e9es se fait lors des consultations cliniques des patients. Le protocole pr\u00e9voit une visite d\u2019inclusion et une visite annuelle pendant 7 \u00e0 8 ans. Toutes les donn\u00e9es sont saisies et centralis\u00e9es dans une base de donn\u00e9es \u00e9lectronique (eCRF de l\u2019\u00e9tude). Lors de la visite d\u2019inclusion, un point\u2026","rel":"","context":"Article similaire","block_context":{"text":"Article similaire","link":""},"img":{"alt_text":"","src":"","width":0,"height":0},"classes":[]},{"id":1058,"url":"https:\/\/triton.iplesp.upmc.fr\/hepather_ANRS\/la-cohorte\/description-de-la-cohorte\/ethique\/","url_meta":{"origin":1754,"position":1},"title":"Ethique","author":"admin_ft","date":"23 octobre 2018","format":false,"excerpt":"Le suivi clinique est r\u00e9alis\u00e9 dans le cadre du soin et articul\u00e9 avec le dossier m\u00e9dical du patient. Un recueil actif des \u00e9v\u00e9nements cliniques ou des modifications th\u00e9rapeutiques sera effectu\u00e9. Un syst\u00e8me d'information s\u00e9curis\u00e9 et r\u00e9pondant aux exigences r\u00e8glementaires de la CNIL sera d\u00e9ploy\u00e9 \u00e0 cet effet. Par ailleurs, sont\u2026","rel":"","context":"Article similaire","block_context":{"text":"Article similaire","link":""},"img":{"alt_text":"","src":"","width":0,"height":0},"classes":[]},{"id":1049,"url":"https:\/\/triton.iplesp.upmc.fr\/hepather_ANRS\/la-cohorte\/description-de-la-cohorte\/methodologie\/","url_meta":{"origin":1754,"position":2},"title":"M\u00e9thodologie","author":"admin_ft","date":"23 octobre 2018","format":false,"excerpt":"La cohorte ANRS CO22 Hepather est constitu\u00e9e de patients atteints du virus de l'h\u00e9patite B \u2013 VHB et\/ou du virus de l'h\u00e9patite C chronique, aig\u00fce ou gu\u00e9rie. Il s'agit d'une \u00e9tude observationnelle multicentrique sous forme de partenariat public et priv\u00e9 avec un recueil prospectif de donn\u00e9es et la constitution de\u2026","rel":"","context":"Article similaire","block_context":{"text":"Article similaire","link":""},"img":{"alt_text":"","src":"","width":0,"height":0},"classes":[]},{"id":186,"url":"https:\/\/triton.iplesp.upmc.fr\/hepather_ANRS\/espace-patients\/vos-droits\/","url_meta":{"origin":1754,"position":3},"title":"Vos droits","author":"admin_fchau","date":"24 janvier 2018","format":false,"excerpt":"Information sur le RGPD (R\u00e8glement G\u00e9n\u00e9ral sur la Protection des Donn\u00e9es) Depuis le 25 mai 2018, une nouvelle r\u00e9glementation est entr\u00e9e en application dans l\u2019Union Europ\u00e9enne. Elle permet d\u2019harmoniser le cadre juridique de la protection de donn\u00e9es personnelles et de rendre le traitement des donn\u00e9es collect\u00e9es plus transparent \u00e0 l\u2019\u00e9gard\u2026","rel":"","context":"Article similaire","block_context":{"text":"Article similaire","link":""},"img":{"alt_text":"","src":"","width":0,"height":0},"classes":[]},{"id":165,"url":"https:\/\/triton.iplesp.upmc.fr\/hepather_ANRS\/la-cohorte\/description-de-la-cohorte\/","url_meta":{"origin":1754,"position":4},"title":"Description de la cohorte","author":"admin_fchau","date":"24 janvier 2018","format":false,"excerpt":"La cohorte ANRS CO22 Hepather a \u00e9t\u00e9 lanc\u00e9e \u00e0 l\u2019initiative de l\u2019ANRS - France Recherche Nord & Sud Sida-hiv H\u00e9patites, de l\u2019Inserm - Institut national de la sant\u00e9 et de la recherche m\u00e9dicale et de l\u2019Afef - Association Fran\u00e7aise pour l\u2019\u00c9tude du Foie. Elle consiste \u00e0 \u00e9tudier les h\u00e9patites B\u2026","rel":"","context":"Article similaire","block_context":{"text":"Article similaire","link":""},"img":{"alt_text":"","src":"","width":0,"height":0},"classes":[]},{"id":793,"url":"https:\/\/triton.iplesp.upmc.fr\/hepather_ANRS\/articles\/","url_meta":{"origin":1754,"position":5},"title":"Articles","author":"admin_ft","date":"18 octobre 2018","format":false,"excerpt":"\"HEPATHER : premi\u00e8re cohorte de l\u2019INSERM \u00e0 obtenir l\u2019autorisation de la commission nationale informatique et libert\u00e9 (CNIL) pour le cha\u00eenage avec le Syst\u00e8me National des Donn\u00e9es de Sant\u00e9 (SNDS)\" \u00ab\u00a0HEPATHER, source de donn\u00e9es pour une \u00e9tude command\u00e9e par la Haute Autorit\u00e9 de Sant\u00e9 concernant l\u2019efficacit\u00e9 virologique et la s\u00e9curit\u00e9 des\u2026","rel":"","context":"Article similaire","block_context":{"text":"Article similaire","link":""},"img":{"alt_text":"","src":"","width":0,"height":0},"classes":[]}],"_links":{"self":[{"href":"https:\/\/triton.iplesp.upmc.fr\/hepather_ANRS\/wp-json\/wp\/v2\/pages\/1754","targetHints":{"allow":["GET"]}}],"collection":[{"href":"https:\/\/triton.iplesp.upmc.fr\/hepather_ANRS\/wp-json\/wp\/v2\/pages"}],"about":[{"href":"https:\/\/triton.iplesp.upmc.fr\/hepather_ANRS\/wp-json\/wp\/v2\/types\/page"}],"author":[{"embeddable":true,"href":"https:\/\/triton.iplesp.upmc.fr\/hepather_ANRS\/wp-json\/wp\/v2\/users\/2"}],"replies":[{"embeddable":true,"href":"https:\/\/triton.iplesp.upmc.fr\/hepather_ANRS\/wp-json\/wp\/v2\/comments?post=1754"}],"version-history":[{"count":1,"href":"https:\/\/triton.iplesp.upmc.fr\/hepather_ANRS\/wp-json\/wp\/v2\/pages\/1754\/revisions"}],"predecessor-version":[{"id":2984,"href":"https:\/\/triton.iplesp.upmc.fr\/hepather_ANRS\/wp-json\/wp\/v2\/pages\/1754\/revisions\/2984"}],"up":[{"embeddable":true,"href":"https:\/\/triton.iplesp.upmc.fr\/hepather_ANRS\/wp-json\/wp\/v2\/pages\/165"}],"wp:attachment":[{"href":"https:\/\/triton.iplesp.upmc.fr\/hepather_ANRS\/wp-json\/wp\/v2\/media?parent=1754"}],"curies":[{"name":"wp","href":"https:\/\/api.w.org\/{rel}","templated":true}]}}