{"id":182,"date":"2018-01-24T15:27:14","date_gmt":"2018-01-24T14:27:14","guid":{"rendered":"https:\/\/triton.u707.jussieu.fr\/hepatherWP_test\/?page_id=182"},"modified":"2019-02-20T15:05:09","modified_gmt":"2019-02-20T14:05:09","slug":"comment-est-organisee-linclusion","status":"publish","type":"page","link":"https:\/\/triton.iplesp.upmc.fr\/hepather_ANRS\/espace-patients\/comment-est-organisee-linclusion\/","title":{"rendered":"Comment est organis\u00e9e l\u2019inclusion"},"content":{"rendered":"<p>Pour participer \u00e0 la cohorte ANRS CO22 Hepather, un patient doit respecter les crit\u00e8res d\u2019\u00e9ligibilit\u00e9 suivant\u00a0:<br \/>\n<b>Crit\u00e8res <\/b><b>d&rsquo;inclusion <\/b>:<\/p>\n<p style=\"padding-left: 30px;\"><b>Patients ayant ou ayant eu une h\u00e9patite <\/b><b>B <\/b><b>:<\/b><\/p>\n<p style=\"padding-left: 30px;\">&#8211; h\u00e9patite B chronique d\u00e9finie par un HBsAg, antig\u00e8ne de surface du virus de l\u2019h\u00e9patite B, positif pendant au moins 6 mois,<\/p>\n<p style=\"padding-left: 30px;\">&#8211; ou h\u00e9patite B aigu\u00eb d\u00e9finie comme une apparition r\u00e9cente, sup\u00e9rieure \u00e0 6 mois, de HBs Ag d\u00e9tectable,<\/p>\n<p style=\"padding-left: 30px;\">&#8211; ou h\u00e9patite B chronique avec r\u00e9mission s\u00e9rologique HbsAg n\u00e9gatif, HB ADN n\u00e9gatif,<\/p>\n<p style=\"padding-left: 30px;\">&#8211; avec ou sans association avec l\u2019h\u00e9patite D aigu\u00eb ou chronique.<\/p>\n<p style=\"padding-left: 30px;\"><b>Patients ayant ou ayant eu une h\u00e9patite C<\/b><b>:<\/b><\/p>\n<p style=\"padding-left: 30px;\">&#8211; h\u00e9patite C chronique d\u00e9finie par la positivit\u00e9 des anticorps anti-VHC depuis au moins 6 mois et de l\u2019ARN du VHC positif,<\/p>\n<p style=\"padding-left: 30px;\">&#8211; ou h\u00e9patite C aigu\u00eb d\u00e9finie par l\u2019apparition r\u00e9cente d\u2019ARN du VHC, moins de 6 mois, chez des patients pr\u00e9sentant des facteurs de risque, avec ou sans anticorps positifs,<\/p>\n<p style=\"padding-left: 30px;\">&#8211; ou patients atteints d\u2019h\u00e9patite C gu\u00e9rie d\u00e9finis par une \u00e9radication \u00e0 long terme, soit spontan\u00e9e, soit un anticorps positif anti-VHC associ\u00e9 \u00e0 un ARN n\u00e9gatif lors de deux collectes \u2013 intervalle de 6 mois; soit un traitement d\u00e9fini par une vir\u00e9mie n\u00e9gative 3 mois apr\u00e8s la fin du traitement.<\/p>\n<p><b>Crit\u00e8re <\/b><b>d&rsquo;exclusion :<\/b><\/p>\n<p style=\"padding-left: 30px;\">&#8211; les patients co-infect\u00e9s par le VIH,<\/p>\n<p style=\"padding-left: 30px;\">&#8211; les populations dites vuln\u00e9rables (mineurs, personnes sous tutelle ou sous protection, ou un particulier \u00e0 l\u2019abri de toute d\u00e9cision juridique ou administrative),<\/p>\n<p style=\"padding-left: 30px;\">&#8211; le traitement en cours d\u2019h\u00e9patite C pendant ou arr\u00eat\u00e9 depuis moins de 3 mois,<\/p>\n<p style=\"padding-left: 30px;\">&#8211; les patients en fin de vie,<\/p>\n<p style=\"padding-left: 30px;\">&#8211; les femmes dont la grossesse est connue.<\/p>\n<p>Au d\u00e9marrage de l\u2019\u00e9tude, 32 centres experts en France ont \u00e9t\u00e9 s\u00e9lectionn\u00e9s pour participer. En 2016, suite \u00e0 la d\u00e9cision du promoteur de continuer le suivi de patients inclus dans l\u2019autres cohorte : une cohorte de patients ayant une h\u00e9patite B ou C et cirrhotiques qur preuve histologique, cohorte ANRS CO12 CIRVIR et une cohorte de patients VHC transplant\u00e9s et trait\u00e9s par anti-viraux \u00e0 action direct, cohorte ANRS CO23 CUPILT. Au final, 39 centres participent \u00e0 la cohorte ANRS CO22 HEPATHER : 38 en France et 1 centre en Belgique.<\/p>\n<p>Chaque centre participant avait pour objectif de recruter un minimum de patients pendant une p\u00e9riode d\u00e9cid\u00e9e.<\/p>\n<p>Chacun des 32 centres initiaux participants s\u2019est vu dot\u00e9 en personnel hospitalier (Attach\u00e9 de Recherche Clinique &#8211; ARC) afin d\u2019organiser l\u2019inclusion et le suivi des patients. Les ARCs \u00e9taient responsables de la s\u00e9lection des patients en fonction des crit\u00e8res d\u2019\u00e9ligibilit\u00e9 dans la fil active de rendez-vous dans le service pr\u00e9vu.<\/p>\n<p>Ainsi, lors de leur soin courant, les patients se voient propos\u00e9es la participation \u00e0 la cohorte HEPATHER par un m\u00e9decin investigateur d\u00e9clar\u00e9 pour l\u2019\u00e9tude. Apr\u00e8s signature d\u2019un consentement libre et \u00e9clair\u00e9, le patient peut r\u00e9aliser sa visite d\u2019inclusion.<\/p>\n<p>Lors de la visite d\u2019inclusion, le patient \u00e9change avec le personnel m\u00e9dical afin de recueillir les informations non pr\u00e9sentes dans le dossier m\u00e9dical comme le nombre de personne aux foyers, leur dipl\u00f4me et leur revenu et est pr\u00e9lev\u00e9 pour la constitution de la bioth\u00e8que de l\u2019\u00e9tude.<\/p>\n<p>Toute l\u2019histoire de la maladie du patient ainsi que son \u00e9tat de sant\u00e9 lors de la visite d\u2019inclusions sont collect\u00e9s dans son dossier m\u00e9dical afin de constituer une large base de donn\u00e9es : donn\u00e9es sociod\u00e9mographiques, circonstancielles et comportementales, ant\u00e9c\u00e9dents de la maladie, comorbidit\u00e9 h\u00e9patologique, \u00e9valuation de la fibrose et en cas de suspicion de cirrhose, \u00e9valuation de sa gravit\u00e9, traitements li\u00e9s \u00e0 l\u2019infection et traitements correspondants, tests sanguins, examen physique, qualit\u00e9 de vie.<\/p>\n<p>La biobanque de l\u2019\u00e9tude, qui n\u2019est r\u00e9alis\u00e9e que lors de la visite d\u2019inclusion, est r\u00e9alis\u00e9e sur 70 mL de sang stock\u00e9es sont forme de sang total, s\u00e9rum, plasma et cellules sur buffy-coat et 10 mL d\u2019urine.<\/p>\n","protected":false},"excerpt":{"rendered":"<p>Pour participer \u00e0 la cohorte ANRS CO22 Hepather, un patient doit respecter les crit\u00e8res d\u2019\u00e9ligibilit\u00e9 suivant\u00a0: Crit\u00e8res d&rsquo;inclusion : Patients ayant ou ayant eu une h\u00e9patite B : &#8211; h\u00e9patite B chronique d\u00e9finie par un HBsAg, antig\u00e8ne de surface du virus de l\u2019h\u00e9patite B, positif pendant au moins 6 mois, &#8211; ou h\u00e9patite B aigu\u00eb [&hellip;]<\/p>\n","protected":false},"author":3,"featured_media":0,"parent":92,"menu_order":1,"comment_status":"closed","ping_status":"closed","template":"","meta":{"_bbp_topic_count":0,"_bbp_reply_count":0,"_bbp_total_topic_count":0,"_bbp_total_reply_count":0,"_bbp_voice_count":0,"_bbp_anonymous_reply_count":0,"_bbp_topic_count_hidden":0,"_bbp_reply_count_hidden":0,"_bbp_forum_subforum_count":0,"jetpack_post_was_ever_published":false,"footnotes":""},"class_list":["post-182","page","type-page","status-publish","hentry"],"yoast_head":"<!-- This site is optimized with the Yoast SEO plugin v27.2 - https:\/\/yoast.com\/product\/yoast-seo-wordpress\/ -->\n<title>Comment est organis\u00e9e l\u2019inclusion - ANRS CO22 HEPATHER<\/title>\n<meta name=\"robots\" content=\"index, follow, max-snippet:-1, max-image-preview:large, max-video-preview:-1\" \/>\n<link rel=\"canonical\" href=\"https:\/\/triton.iplesp.upmc.fr\/hepather_ANRS\/espace-patients\/comment-est-organisee-linclusion\/\" \/>\n<meta property=\"og:locale\" content=\"fr_FR\" \/>\n<meta property=\"og:type\" content=\"article\" \/>\n<meta property=\"og:title\" content=\"Comment est organis\u00e9e l\u2019inclusion - ANRS CO22 HEPATHER\" \/>\n<meta property=\"og:description\" content=\"Pour participer \u00e0 la cohorte ANRS CO22 Hepather, un patient doit respecter les crit\u00e8res d\u2019\u00e9ligibilit\u00e9 suivant\u00a0: Crit\u00e8res d&rsquo;inclusion : Patients ayant ou ayant eu une h\u00e9patite B : &#8211; h\u00e9patite B chronique d\u00e9finie par un HBsAg, antig\u00e8ne de surface du virus de l\u2019h\u00e9patite B, positif pendant au moins 6 mois, &#8211; ou h\u00e9patite B aigu\u00eb [&hellip;]\" \/>\n<meta property=\"og:url\" content=\"https:\/\/triton.iplesp.upmc.fr\/hepather_ANRS\/espace-patients\/comment-est-organisee-linclusion\/\" \/>\n<meta property=\"og:site_name\" content=\"ANRS CO22 HEPATHER\" \/>\n<meta property=\"article:modified_time\" content=\"2019-02-20T14:05:09+00:00\" \/>\n<meta name=\"twitter:card\" content=\"summary_large_image\" \/>\n<meta name=\"twitter:label1\" content=\"Dur\u00e9e de lecture estim\u00e9e\" \/>\n\t<meta name=\"twitter:data1\" content=\"3 minutes\" \/>\n<script type=\"application\/ld+json\" class=\"yoast-schema-graph\">{\"@context\":\"https:\/\/schema.org\",\"@graph\":[{\"@type\":\"WebPage\",\"@id\":\"https:\/\/triton.iplesp.upmc.fr\/hepather_ANRS\/espace-patients\/comment-est-organisee-linclusion\/\",\"url\":\"https:\/\/triton.iplesp.upmc.fr\/hepather_ANRS\/espace-patients\/comment-est-organisee-linclusion\/\",\"name\":\"Comment est organis\u00e9e l\u2019inclusion - ANRS CO22 HEPATHER\",\"isPartOf\":{\"@id\":\"https:\/\/triton.iplesp.upmc.fr\/hepather_ANRS\/#website\"},\"datePublished\":\"2018-01-24T14:27:14+00:00\",\"dateModified\":\"2019-02-20T14:05:09+00:00\",\"breadcrumb\":{\"@id\":\"https:\/\/triton.iplesp.upmc.fr\/hepather_ANRS\/espace-patients\/comment-est-organisee-linclusion\/#breadcrumb\"},\"inLanguage\":\"fr-FR\",\"potentialAction\":[{\"@type\":\"ReadAction\",\"target\":[\"https:\/\/triton.iplesp.upmc.fr\/hepather_ANRS\/espace-patients\/comment-est-organisee-linclusion\/\"]}]},{\"@type\":\"BreadcrumbList\",\"@id\":\"https:\/\/triton.iplesp.upmc.fr\/hepather_ANRS\/espace-patients\/comment-est-organisee-linclusion\/#breadcrumb\",\"itemListElement\":[{\"@type\":\"ListItem\",\"position\":1,\"name\":\"Accueil\",\"item\":\"https:\/\/triton.iplesp.upmc.fr\/hepather_ANRS\/\"},{\"@type\":\"ListItem\",\"position\":2,\"name\":\"Espace patient\",\"item\":\"https:\/\/triton.iplesp.upmc.fr\/hepather_ANRS\/espace-patients\/\"},{\"@type\":\"ListItem\",\"position\":3,\"name\":\"Comment est organis\u00e9e l\u2019inclusion\"}]},{\"@type\":\"WebSite\",\"@id\":\"https:\/\/triton.iplesp.upmc.fr\/hepather_ANRS\/#website\",\"url\":\"https:\/\/triton.iplesp.upmc.fr\/hepather_ANRS\/\",\"name\":\"ANRS CO22 HEPATHER\",\"description\":\"\",\"publisher\":{\"@id\":\"https:\/\/triton.iplesp.upmc.fr\/hepather_ANRS\/#organization\"},\"potentialAction\":[{\"@type\":\"SearchAction\",\"target\":{\"@type\":\"EntryPoint\",\"urlTemplate\":\"https:\/\/triton.iplesp.upmc.fr\/hepather_ANRS\/?s={search_term_string}\"},\"query-input\":{\"@type\":\"PropertyValueSpecification\",\"valueRequired\":true,\"valueName\":\"search_term_string\"}}],\"inLanguage\":\"fr-FR\"},{\"@type\":\"Organization\",\"@id\":\"https:\/\/triton.iplesp.upmc.fr\/hepather_ANRS\/#organization\",\"name\":\"IPLESP UMRS 1136\",\"url\":\"https:\/\/triton.iplesp.upmc.fr\/hepather_ANRS\/\",\"logo\":{\"@type\":\"ImageObject\",\"inLanguage\":\"fr-FR\",\"@id\":\"https:\/\/triton.iplesp.upmc.fr\/hepather_ANRS\/#\/schema\/logo\/image\/\",\"url\":\"https:\/\/i0.wp.com\/triton.iplesp.upmc.fr\/hepather_ANRS\/wp-content\/uploads\/2019\/02\/logoTagline_anrs_white.png?fit=464%2C175&ssl=1\",\"contentUrl\":\"https:\/\/i0.wp.com\/triton.iplesp.upmc.fr\/hepather_ANRS\/wp-content\/uploads\/2019\/02\/logoTagline_anrs_white.png?fit=464%2C175&ssl=1\",\"width\":464,\"height\":175,\"caption\":\"IPLESP UMRS 1136\"},\"image\":{\"@id\":\"https:\/\/triton.iplesp.upmc.fr\/hepather_ANRS\/#\/schema\/logo\/image\/\"}}]}<\/script>\n<!-- \/ Yoast SEO plugin. -->","yoast_head_json":{"title":"Comment est organis\u00e9e l\u2019inclusion - ANRS CO22 HEPATHER","robots":{"index":"index","follow":"follow","max-snippet":"max-snippet:-1","max-image-preview":"max-image-preview:large","max-video-preview":"max-video-preview:-1"},"canonical":"https:\/\/triton.iplesp.upmc.fr\/hepather_ANRS\/espace-patients\/comment-est-organisee-linclusion\/","og_locale":"fr_FR","og_type":"article","og_title":"Comment est organis\u00e9e l\u2019inclusion - ANRS CO22 HEPATHER","og_description":"Pour participer \u00e0 la cohorte ANRS CO22 Hepather, un patient doit respecter les crit\u00e8res d\u2019\u00e9ligibilit\u00e9 suivant\u00a0: Crit\u00e8res d&rsquo;inclusion : Patients ayant ou ayant eu une h\u00e9patite B : &#8211; h\u00e9patite B chronique d\u00e9finie par un HBsAg, antig\u00e8ne de surface du virus de l\u2019h\u00e9patite B, positif pendant au moins 6 mois, &#8211; ou h\u00e9patite B aigu\u00eb [&hellip;]","og_url":"https:\/\/triton.iplesp.upmc.fr\/hepather_ANRS\/espace-patients\/comment-est-organisee-linclusion\/","og_site_name":"ANRS CO22 HEPATHER","article_modified_time":"2019-02-20T14:05:09+00:00","twitter_card":"summary_large_image","twitter_misc":{"Dur\u00e9e de lecture estim\u00e9e":"3 minutes"},"schema":{"@context":"https:\/\/schema.org","@graph":[{"@type":"WebPage","@id":"https:\/\/triton.iplesp.upmc.fr\/hepather_ANRS\/espace-patients\/comment-est-organisee-linclusion\/","url":"https:\/\/triton.iplesp.upmc.fr\/hepather_ANRS\/espace-patients\/comment-est-organisee-linclusion\/","name":"Comment est organis\u00e9e l\u2019inclusion - ANRS CO22 HEPATHER","isPartOf":{"@id":"https:\/\/triton.iplesp.upmc.fr\/hepather_ANRS\/#website"},"datePublished":"2018-01-24T14:27:14+00:00","dateModified":"2019-02-20T14:05:09+00:00","breadcrumb":{"@id":"https:\/\/triton.iplesp.upmc.fr\/hepather_ANRS\/espace-patients\/comment-est-organisee-linclusion\/#breadcrumb"},"inLanguage":"fr-FR","potentialAction":[{"@type":"ReadAction","target":["https:\/\/triton.iplesp.upmc.fr\/hepather_ANRS\/espace-patients\/comment-est-organisee-linclusion\/"]}]},{"@type":"BreadcrumbList","@id":"https:\/\/triton.iplesp.upmc.fr\/hepather_ANRS\/espace-patients\/comment-est-organisee-linclusion\/#breadcrumb","itemListElement":[{"@type":"ListItem","position":1,"name":"Accueil","item":"https:\/\/triton.iplesp.upmc.fr\/hepather_ANRS\/"},{"@type":"ListItem","position":2,"name":"Espace patient","item":"https:\/\/triton.iplesp.upmc.fr\/hepather_ANRS\/espace-patients\/"},{"@type":"ListItem","position":3,"name":"Comment est organis\u00e9e l\u2019inclusion"}]},{"@type":"WebSite","@id":"https:\/\/triton.iplesp.upmc.fr\/hepather_ANRS\/#website","url":"https:\/\/triton.iplesp.upmc.fr\/hepather_ANRS\/","name":"ANRS CO22 HEPATHER","description":"","publisher":{"@id":"https:\/\/triton.iplesp.upmc.fr\/hepather_ANRS\/#organization"},"potentialAction":[{"@type":"SearchAction","target":{"@type":"EntryPoint","urlTemplate":"https:\/\/triton.iplesp.upmc.fr\/hepather_ANRS\/?s={search_term_string}"},"query-input":{"@type":"PropertyValueSpecification","valueRequired":true,"valueName":"search_term_string"}}],"inLanguage":"fr-FR"},{"@type":"Organization","@id":"https:\/\/triton.iplesp.upmc.fr\/hepather_ANRS\/#organization","name":"IPLESP UMRS 1136","url":"https:\/\/triton.iplesp.upmc.fr\/hepather_ANRS\/","logo":{"@type":"ImageObject","inLanguage":"fr-FR","@id":"https:\/\/triton.iplesp.upmc.fr\/hepather_ANRS\/#\/schema\/logo\/image\/","url":"https:\/\/i0.wp.com\/triton.iplesp.upmc.fr\/hepather_ANRS\/wp-content\/uploads\/2019\/02\/logoTagline_anrs_white.png?fit=464%2C175&ssl=1","contentUrl":"https:\/\/i0.wp.com\/triton.iplesp.upmc.fr\/hepather_ANRS\/wp-content\/uploads\/2019\/02\/logoTagline_anrs_white.png?fit=464%2C175&ssl=1","width":464,"height":175,"caption":"IPLESP UMRS 1136"},"image":{"@id":"https:\/\/triton.iplesp.upmc.fr\/hepather_ANRS\/#\/schema\/logo\/image\/"}}]}},"jetpack_sharing_enabled":true,"jetpack_shortlink":"https:\/\/wp.me\/PaQKc4-2W","jetpack-related-posts":[{"id":1047,"url":"https:\/\/triton.iplesp.upmc.fr\/hepather_ANRS\/la-cohorte\/description-de-la-cohorte\/volontaires\/","url_meta":{"origin":182,"position":0},"title":"Volontaires","author":"admin_ft","date":"23 octobre 2018","format":false,"excerpt":"Nombre de sujets pr\u00e9vus : L\u2019effectif pr\u00e9vu est de 25000 patients dont 15000 infect\u00e9s r\u00e9cents ou anciens par le VHC (dans la mesure du possible, moins de 10% des patients inclus avec r\u00e9ponse virologique soutenue \u00e0 l'inclusion et plus de 50% de patients na\u00effs de traitement dirig\u00e9 contre le VHC)\u2026","rel":"","context":"Article similaire","block_context":{"text":"Article similaire","link":""},"img":{"alt_text":"","src":"","width":0,"height":0},"classes":[]},{"id":188,"url":"https:\/\/triton.iplesp.upmc.fr\/hepather_ANRS\/espace-patients\/les-etudes-en-cours\/","url_meta":{"origin":182,"position":1},"title":"Les \u00e9tudes valid\u00e9es par le Conseil scientifique","author":"admin_fchau","date":"24 janvier 2018","format":false,"excerpt":"\/ A MODIFIER \/ Liste des PRS acad\u00e9miques valid\u00e9s : Etude de la qualit\u00e9 de vie des patients affect\u00e9s d'une h\u00e9patite C chronique suivis en\u00a0 consultation hospitali\u00e8re Coordonnateur : Yazdan Yazdanpanah Date de validation : Observatoire national de la r\u00e9sistance du virus de l'h\u00e9patite C aux antiviraux directs (DAA) Les\u2026","rel":"","context":"Article similaire","block_context":{"text":"Article similaire","link":""},"img":{"alt_text":"","src":"https:\/\/i0.wp.com\/triton.u707.jussieu.fr\/hepatherWPpreprod\/wp-content\/uploads\/2019\/01\/pictos_avancement_etude-1-e1546595305448.png?resize=350%2C200&ssl=1","width":350,"height":200},"classes":[]},{"id":1049,"url":"https:\/\/triton.iplesp.upmc.fr\/hepather_ANRS\/la-cohorte\/description-de-la-cohorte\/methodologie\/","url_meta":{"origin":182,"position":2},"title":"M\u00e9thodologie","author":"admin_ft","date":"23 octobre 2018","format":false,"excerpt":"La cohorte ANRS CO22 Hepather est constitu\u00e9e de patients atteints du virus de l'h\u00e9patite B \u2013 VHB et\/ou du virus de l'h\u00e9patite C chronique, aig\u00fce ou gu\u00e9rie. Il s'agit d'une \u00e9tude observationnelle multicentrique sous forme de partenariat public et priv\u00e9 avec un recueil prospectif de donn\u00e9es et la constitution de\u2026","rel":"","context":"Article similaire","block_context":{"text":"Article similaire","link":""},"img":{"alt_text":"","src":"","width":0,"height":0},"classes":[]},{"id":165,"url":"https:\/\/triton.iplesp.upmc.fr\/hepather_ANRS\/la-cohorte\/description-de-la-cohorte\/","url_meta":{"origin":182,"position":3},"title":"Description de la cohorte","author":"admin_fchau","date":"24 janvier 2018","format":false,"excerpt":"La cohorte ANRS CO22 Hepather a \u00e9t\u00e9 lanc\u00e9e \u00e0 l\u2019initiative de l\u2019ANRS - France Recherche Nord & Sud Sida-hiv H\u00e9patites, de l\u2019Inserm - Institut national de la sant\u00e9 et de la recherche m\u00e9dicale et de l\u2019Afef - Association Fran\u00e7aise pour l\u2019\u00c9tude du Foie. Elle consiste \u00e0 \u00e9tudier les h\u00e9patites B\u2026","rel":"","context":"Article similaire","block_context":{"text":"Article similaire","link":""},"img":{"alt_text":"","src":"","width":0,"height":0},"classes":[]},{"id":2819,"url":"https:\/\/triton.iplesp.upmc.fr\/hepather_ANRS\/projets-valides-par-le-cs\/","url_meta":{"origin":182,"position":4},"title":"Projets valid\u00e9s par le CS","author":"admin_ft","date":"7 f\u00e9vrier 2019","format":false,"excerpt":"Projets en cours Stratification of Hepatocellular carcinoma risk using Biomarkers (STHEPBIO): Genome-based HCC-risk assessment models and sequential serum biomarkers for prediction and early detection of liver cancer Coordonnateur : Pierre Nahon N\u00b0 de CS de soumission : 20 Date CS : 12\/12\/2018 Epid\u00e9miologie clinique des lymphomes associ\u00e9s \u00e0 une h\u00e9patite\u2026","rel":"","context":"Article similaire","block_context":{"text":"Article similaire","link":""},"img":{"alt_text":"","src":"","width":0,"height":0},"classes":[]},{"id":1043,"url":"https:\/\/triton.iplesp.upmc.fr\/hepather_ANRS\/la-cohorte\/description-de-la-cohorte\/objectifs\/","url_meta":{"origin":182,"position":5},"title":"Objectifs","author":"admin_ft","date":"23 octobre 2018","format":false,"excerpt":"La cohorte ANRS CO22 Hepather a pour objectif de d\u00e9crire l'\u00e9volution \u00e0 long terme des infections chroniques par le Virus de l'H\u00e9patite C - VHC, et le virus de l'H\u00e9patite B - VHB, et identifier les facteurs de pronostic associ\u00e9s, y compris les biomarqueurs. Elle vise \u00e0 comparer l'efficacit\u00e9 clinique\u2026","rel":"","context":"Article similaire","block_context":{"text":"Article similaire","link":""},"img":{"alt_text":"","src":"","width":0,"height":0},"classes":[]}],"_links":{"self":[{"href":"https:\/\/triton.iplesp.upmc.fr\/hepather_ANRS\/wp-json\/wp\/v2\/pages\/182","targetHints":{"allow":["GET"]}}],"collection":[{"href":"https:\/\/triton.iplesp.upmc.fr\/hepather_ANRS\/wp-json\/wp\/v2\/pages"}],"about":[{"href":"https:\/\/triton.iplesp.upmc.fr\/hepather_ANRS\/wp-json\/wp\/v2\/types\/page"}],"author":[{"embeddable":true,"href":"https:\/\/triton.iplesp.upmc.fr\/hepather_ANRS\/wp-json\/wp\/v2\/users\/3"}],"replies":[{"embeddable":true,"href":"https:\/\/triton.iplesp.upmc.fr\/hepather_ANRS\/wp-json\/wp\/v2\/comments?post=182"}],"version-history":[{"count":2,"href":"https:\/\/triton.iplesp.upmc.fr\/hepather_ANRS\/wp-json\/wp\/v2\/pages\/182\/revisions"}],"predecessor-version":[{"id":3013,"href":"https:\/\/triton.iplesp.upmc.fr\/hepather_ANRS\/wp-json\/wp\/v2\/pages\/182\/revisions\/3013"}],"up":[{"embeddable":true,"href":"https:\/\/triton.iplesp.upmc.fr\/hepather_ANRS\/wp-json\/wp\/v2\/pages\/92"}],"wp:attachment":[{"href":"https:\/\/triton.iplesp.upmc.fr\/hepather_ANRS\/wp-json\/wp\/v2\/media?parent=182"}],"curies":[{"name":"wp","href":"https:\/\/api.w.org\/{rel}","templated":true}]}}