{"id":186,"date":"2018-01-24T15:28:13","date_gmt":"2018-01-24T14:28:13","guid":{"rendered":"https:\/\/triton.u707.jussieu.fr\/hepatherWP_test\/?page_id=186"},"modified":"2019-09-05T16:49:18","modified_gmt":"2019-09-05T14:49:18","slug":"vos-droits","status":"publish","type":"page","link":"https:\/\/triton.iplesp.upmc.fr\/hepather_ANRS\/espace-patients\/vos-droits\/","title":{"rendered":"Vos droits"},"content":{"rendered":"<div id=\"pl-186\" class=\"panel-layout\">\n<div id=\"pg-186-0\" class=\"panel-grid panel-no-style\" data-style=\"{&quot;background_image_attachment&quot;:false,&quot;background_display&quot;:&quot;tile&quot;,&quot;cell_alignment&quot;:&quot;flex-start&quot;}\" data-ratio=\"1\" data-ratio-direction=\"right\">\n<div id=\"pgc-186-0-0\" class=\"panel-grid-cell\" data-weight=\"1\">\n<div id=\"panel-186-0-0-0\" class=\"so-panel widget widget_text panel-first-child panel-last-child\" data-index=\"0\" data-style=\"{&quot;background_image_attachment&quot;:false,&quot;background_display&quot;:&quot;tile&quot;}\">\n<h3 class=\"widget-title\">Information sur le RGPD (R\u00e8glement G\u00e9n\u00e9ral sur la Protection des Donn\u00e9es)<\/h3>\n<div class=\"textwidget\">\n<p><b>Depuis le 25 mai 2018, une nouvelle r\u00e9glementation est entr\u00e9e en application dans l\u2019Union Europ\u00e9enne. <\/b>Elle permet d\u2019harmoniser le cadre juridique de la protection de donn\u00e9es personnelles et <b>de rendre le traitement des donn\u00e9es collect\u00e9es plus transparent \u00e0 l\u2019\u00e9gard des personnes concern\u00e9es. <\/b><\/p>\n<p><i>\u00a0<\/i>Lorsque vous avez consenti \u00e0 participer \u00e0 la cohorte ANRS CO22 HEPATHER, un document d\u2019information vous a \u00e9t\u00e9 remis vous informant des objectifs et des modalit\u00e9s de mise en \u0153uvre de l\u2019\u00e9tude, ainsi que de vos droits et de la mani\u00e8re de les exercer dans le respect du cadre r\u00e9glementaire alors applicable. <b>Par la pr\u00e9sente lettre, le promoteur de la cohorte, l\u2019Inserm-ANRS souhaite vous apporter des informations compl\u00e9mentaires \u00e0 celles qui vous ont \u00e9t\u00e9 d\u00e9livr\u00e9es initialement conform\u00e9ment \u00e0 la nouvelle r\u00e9glementation.<\/b><\/p>\n<p>Tout d\u2019abord, nous vous informons que le traitement de vos donn\u00e9es est plac\u00e9 sous la responsabilit\u00e9 de l\u2019Inserm-ANRS, promoteur de la cohorte (101 rue de Tolbiac, 75 013 Paris) et r\u00e9pond \u00e0 l\u2019ex\u00e9cution d\u2019une mission d\u2019int\u00e9r\u00eat public qui justifie le traitement de vos donn\u00e9es personnelles de sant\u00e9 \u00e0 des fins de recherche scientifique.<\/p>\n<p>Conform\u00e9ment au R\u00e8glement g\u00e9n\u00e9ral relatif \u00e0 la protection des donn\u00e9es, vous disposez d\u00e9sormais de <b>droits compl\u00e9mentaires<\/b> qui s\u2019ajoutent aux droits qui vous ont \u00e9t\u00e9 pr\u00e9sent\u00e9s lors de la signature initiale de votre consentement. Vous disposez ainsi des droits suivants\u00a0:<\/p>\n<p style=\"padding-left: 30px;\">\u2013<b> droit d\u2019acc\u00e8s et de rectification<\/b> : vous disposez d\u2019un droit d\u2019acc\u00e8s aux informations vous concernant, afin d\u2019en v\u00e9rifier l\u2019exactitude et, le cas \u00e9ch\u00e9ant, afin de les rectifier, de les compl\u00e9ter, de les mettre \u00e0 jour,<\/p>\n<p style=\"padding-left: 30px;\">\u2013<b> droit d\u2019opposition\u00a0: <\/b>droit de vous opposer pour des raisons tenant \u00e0 votre situation particuli\u00e8re \u00e0 la transmission de vos donn\u00e9es par le m\u00e9decin investigateur au promoteur et d\u2019obtenir que vos donn\u00e9es ne soient plus collect\u00e9es pour l\u2019avenir. L\u2019exercice de ce droit entra\u00eene l\u2019arr\u00eat de votre participation \u00e0 la cohorte.<\/p>\n<p style=\"padding-left: 30px;\">\u2013<b> droit <\/b><b>\u00e0 la limitation du traitement des donn\u00e9es<\/b>\u00a0: droit de bloquer temporairement l\u2019utilisation de vos donn\u00e9es : aucune op\u00e9ration ne peut \u00eatre r\u00e9alis\u00e9e sur celles-ci.<\/p>\n<p style=\"padding-left: 30px;\">\u2013<b> droit de retirer votre consentement <\/b>de la cohorte \u00e0 tout moment sans avoir \u00e0 vous justifier. Votre participation au projet est volontaire. Sachez toutefois que conform\u00e9ment aux dispositions de l\u2019article 17 du RGPD, pour garantir le respect de l\u2019article L.1122-1-1 du code de la sant\u00e9 publique, et dans la mesure o\u00f9 l\u2019<b>effacement <\/b>des donn\u00e9es risque de rendre impossible ou de compromettre gravement la r\u00e9alisation des objectifs de la cohorte, les donn\u00e9es recueillies pr\u00e9alablement au retrait de votre consentement ne pourront pas \u00eatre effac\u00e9es et pourront continuer \u00e0 \u00eatre trait\u00e9es dans des conditions de nature \u00e0 garantir leur minimisation et leur confidentialit\u00e9.<\/p>\n<p>Ces droits s\u2019exercent aupr\u00e8s du m\u00e9decin investigateur en charge de cette \u00e9tude qui seul conna\u00eet votre identit\u00e9. Vous pouvez \u00e9galement acc\u00e9der directement, ou par l\u2019interm\u00e9diaire d\u2019un m\u00e9decin de votre choix \u00e0 l\u2019ensemble de vos donn\u00e9es m\u00e9dicales en application des dispositions de l\u2019article L. 1111_7 du Code de la Sant\u00e9 Publique.<\/p>\n<p>En cas de difficult\u00e9 pour exercer vos droits, vous pouvez \u00e9galement contacter la D\u00e9l\u00e9gu\u00e9e \u00e0 la Protection des Donn\u00e9es d\u00e9sign\u00e9e par l\u2019Inserm par mail (dpo@inserm.fr) ou par voie postale (D\u00e9l\u00e9gu\u00e9e \u00e0 la Protection des Donn\u00e9es, 101 rue de Tolbiac, 75 013 Paris).<\/p>\n<p>Vous disposez \u00e9galement du droit d\u2019introduire une r\u00e9clamation aupr\u00e8s de la Commission Nationale de l\u2019Informatique et des Libert\u00e9s \u2013 CNIL, autorit\u00e9 fran\u00e7aise de contr\u00f4le des donn\u00e9es personnelles<\/p>\n<p>Par ailleurs, nous vous informons que\u00a0vos donn\u00e9es seront conserv\u00e9es conform\u00e9ment \u00e0 la r\u00e9glementation en vigueur sur l\u2019archivage en mati\u00e8re de recherche clinique.<\/p>\n<p>De plus, le RGDP pr\u00e9voit que tout <b>transfert de vos donn\u00e9es<\/b> soit encadr\u00e9 par des garanties appropri\u00e9es et adapt\u00e9es pr\u00e9vues dans un\/une contrat\/convention encadrant le partage entre l\u2019Inserm-ANRS et le(s) destinataire(s) des donn\u00e9es autoris\u00e9s dans des conditions respectant la confidentialit\u00e9 de vos donn\u00e9es. Si vous le souhaitez, une copie du contrat\/ de la convention sera disponible aupr\u00e8s de votre m\u00e9decin investigateur. Vos donn\u00e9es, cod\u00e9es, seront ainsi susceptibles de faire l\u2019objet d\u2019un transfert (\u00e9ventuellement hors Union Europ\u00e9enne), aux autorit\u00e9s de sant\u00e9 fran\u00e7aises ou \u00e9trang\u00e8res (agence du m\u00e9dicament\u2026), \u00e0 d\u2019autres \u00e9quipes de recherche priv\u00e9es ou publiques nationales ou internationales.<code><\/code><code><\/code><\/p>\n<\/div>\n<\/div>\n<\/div>\n<\/div>\n<div id=\"pg-186-1\" class=\"panel-grid panel-no-style\" data-style=\"{&quot;background_image_attachment&quot;:false,&quot;background_display&quot;:&quot;tile&quot;,&quot;cell_alignment&quot;:&quot;flex-start&quot;}\" data-ratio=\"1\" data-ratio-direction=\"right\">\n<div id=\"pgc-186-1-0\" class=\"panel-grid-cell\" data-weight=\"1\">\n<div id=\"panel-186-1-0-0\" class=\"so-panel widget widget_text panel-first-child panel-last-child\" data-index=\"1\" data-style=\"{&quot;background_image_attachment&quot;:false,&quot;background_display&quot;:&quot;tile&quot;}\">\n<h3 class=\"widget-title\">Pr\u00e9cision concernant le recueil de donn\u00e9es issues des registres de sant\u00e9<\/h3>\n<div class=\"textwidget\">\n<p>Pour les participants ayant consenti au recueil de donn\u00e9es issus des registres de sant\u00e9, nous tenons \u00e0 vous pr\u00e9ciser que des donn\u00e9es de remboursement de l\u2019assurance maladie et les codes de pathologie tout au long de votre parcours de soin seront collect\u00e9s \u00e0 partir du Syst\u00e8me National des donn\u00e9es de sant\u00e9 (SNDS). L\u2019appariement des donn\u00e9es du SNDS avec vos donn\u00e9es recueillies dans le cadre de la cohorte a \u00e9t\u00e9 autoris\u00e9 par la CNIL (Commission Nationale Informatique et Libert\u00e9s) par <i>d\u00e9lib\u00e9ration 2018-300 du 19 juillet 2018. <\/i>Les donn\u00e9es de la cohorte incluant les donn\u00e9es issues du SNDS seront conserv\u00e9es jusqu\u2019en 2025.<\/p>\n<p>Le m\u00e9decin investigateur qui vous suit dans le cadre de la cohorte pourra \u00e9galement r\u00e9pondre \u00e0 toutes vos questions.<\/p>\n<p>Il s\u2019agit du R\u00e8glement europ\u00e9en 2016\/679 du 27 avril 2016, relatif \u00e0 la protection des personnes physiques \u00e0 l\u2019\u00e9gard du traitement des donn\u00e9es \u00e0 caract\u00e8re personnel et \u00e0 la libre circulation de ces donn\u00e9es \u2013 ou R\u00e8glement g\u00e9n\u00e9ral sur la protection des donn\u00e9es (RGPD)<\/p>\n<p>Par courrier postal : 3 place Fontenoy \u2013 TSA 80715 \u2013 75334 Paris Cedex 07 ou en ligne http:\/\/www.cnil.fr\/.<\/p>\n<\/div>\n<\/div>\n<\/div>\n<\/div>\n<div id=\"pg-186-2\" class=\"panel-grid panel-no-style\" data-style=\"{&quot;background_image_attachment&quot;:false,&quot;background_display&quot;:&quot;tile&quot;,&quot;cell_alignment&quot;:&quot;flex-start&quot;}\" data-ratio=\"1\" data-ratio-direction=\"right\">\n<div id=\"pgc-186-2-0\" class=\"panel-grid-cell\" data-weight=\"1\">\n<div id=\"panel-186-2-0-0\" class=\"so-panel widget widget_text panel-first-child panel-last-child\" data-index=\"2\" data-style=\"{&quot;background_image_attachment&quot;:false,&quot;background_display&quot;:&quot;tile&quot;}\">\n<h3 class=\"widget-title\">Loi relative aux recherches impliquant la personne humaine : Loi Jard\u00e9<\/h3>\n<div class=\"textwidget\">\n<p>Les recherches impliquant la personne humaine sont encadr\u00e9es par <strong>Loi n\u00b0 2012-300 du 5 mars 2012<\/strong> parue au :<\/p>\n<p><a href=\"https:\/\/www.legifrance.gouv.fr\/affichTexte.do;jsessionid=26EE91E60926D70F08FEF09772117966.tpdjo03v_1?cidTexte=JORFTEXT000025441587&amp;dateTexte=&amp;oldAction=rechJO&amp;categorieLien=id\" target=\"_blank\" rel=\"noopener noreferrer\">\u00a0JO n\u00b0\u00a00056 du 6 mars 2012<\/a><\/p>\n<\/div>\n<\/div>\n<h3 class=\"widget-title\">Lettre d&rsquo;information destin\u00e9e aux participants de la cohorte ANRS CO22 HEPATHER<\/h3>\n<p><a href=\"https:\/\/triton.iplesp.upmc.fr\/hepather_ANRS\/wp-content\/uploads\/2019\/09\/ANRS-CO22-HEPATHER_Lettre-participant-RGPD-et-SNDS_20181120-VF.pdf\" target=\"_blank\" rel=\"noopener noreferrer\">Lettre participant RGPD et SNDS<\/a><\/p>\n<\/div>\n<\/div>\n<\/div>\n","protected":false},"excerpt":{"rendered":"<p>Information sur le RGPD (R\u00e8glement G\u00e9n\u00e9ral sur la Protection des Donn\u00e9es) Depuis le 25 mai 2018, une nouvelle r\u00e9glementation est entr\u00e9e en application dans l\u2019Union Europ\u00e9enne. Elle permet d\u2019harmoniser le cadre juridique de la protection de donn\u00e9es personnelles et de rendre le traitement des donn\u00e9es collect\u00e9es plus transparent \u00e0 l\u2019\u00e9gard des personnes concern\u00e9es. \u00a0Lorsque vous [&hellip;]<\/p>\n","protected":false},"author":3,"featured_media":0,"parent":92,"menu_order":3,"comment_status":"closed","ping_status":"closed","template":"","meta":{"_bbp_topic_count":0,"_bbp_reply_count":0,"_bbp_total_topic_count":0,"_bbp_total_reply_count":0,"_bbp_voice_count":0,"_bbp_anonymous_reply_count":0,"_bbp_topic_count_hidden":0,"_bbp_reply_count_hidden":0,"_bbp_forum_subforum_count":0,"jetpack_post_was_ever_published":false,"footnotes":""},"class_list":["post-186","page","type-page","status-publish","hentry"],"yoast_head":"<!-- This site is optimized with the Yoast SEO plugin v27.2 - https:\/\/yoast.com\/product\/yoast-seo-wordpress\/ -->\n<title>Vos droits - ANRS CO22 HEPATHER<\/title>\n<meta name=\"robots\" content=\"index, follow, max-snippet:-1, max-image-preview:large, max-video-preview:-1\" \/>\n<link rel=\"canonical\" href=\"https:\/\/triton.iplesp.upmc.fr\/hepather_ANRS\/espace-patients\/vos-droits\/\" \/>\n<meta property=\"og:locale\" content=\"fr_FR\" \/>\n<meta property=\"og:type\" content=\"article\" \/>\n<meta property=\"og:title\" content=\"Vos droits - ANRS CO22 HEPATHER\" \/>\n<meta property=\"og:description\" content=\"Information sur le RGPD (R\u00e8glement G\u00e9n\u00e9ral sur la Protection des Donn\u00e9es) Depuis le 25 mai 2018, une nouvelle r\u00e9glementation est entr\u00e9e en application dans l\u2019Union Europ\u00e9enne. Elle permet d\u2019harmoniser le cadre juridique de la protection de donn\u00e9es personnelles et de rendre le traitement des donn\u00e9es collect\u00e9es plus transparent \u00e0 l\u2019\u00e9gard des personnes concern\u00e9es. \u00a0Lorsque vous [&hellip;]\" \/>\n<meta property=\"og:url\" content=\"https:\/\/triton.iplesp.upmc.fr\/hepather_ANRS\/espace-patients\/vos-droits\/\" \/>\n<meta property=\"og:site_name\" content=\"ANRS CO22 HEPATHER\" \/>\n<meta property=\"article:modified_time\" content=\"2019-09-05T14:49:18+00:00\" \/>\n<meta name=\"twitter:card\" content=\"summary_large_image\" \/>\n<meta name=\"twitter:label1\" content=\"Dur\u00e9e de lecture estim\u00e9e\" \/>\n\t<meta name=\"twitter:data1\" content=\"5 minutes\" \/>\n<script type=\"application\/ld+json\" class=\"yoast-schema-graph\">{\"@context\":\"https:\/\/schema.org\",\"@graph\":[{\"@type\":\"WebPage\",\"@id\":\"https:\/\/triton.iplesp.upmc.fr\/hepather_ANRS\/espace-patients\/vos-droits\/\",\"url\":\"https:\/\/triton.iplesp.upmc.fr\/hepather_ANRS\/espace-patients\/vos-droits\/\",\"name\":\"Vos droits - ANRS CO22 HEPATHER\",\"isPartOf\":{\"@id\":\"https:\/\/triton.iplesp.upmc.fr\/hepather_ANRS\/#website\"},\"datePublished\":\"2018-01-24T14:28:13+00:00\",\"dateModified\":\"2019-09-05T14:49:18+00:00\",\"breadcrumb\":{\"@id\":\"https:\/\/triton.iplesp.upmc.fr\/hepather_ANRS\/espace-patients\/vos-droits\/#breadcrumb\"},\"inLanguage\":\"fr-FR\",\"potentialAction\":[{\"@type\":\"ReadAction\",\"target\":[\"https:\/\/triton.iplesp.upmc.fr\/hepather_ANRS\/espace-patients\/vos-droits\/\"]}]},{\"@type\":\"BreadcrumbList\",\"@id\":\"https:\/\/triton.iplesp.upmc.fr\/hepather_ANRS\/espace-patients\/vos-droits\/#breadcrumb\",\"itemListElement\":[{\"@type\":\"ListItem\",\"position\":1,\"name\":\"Accueil\",\"item\":\"https:\/\/triton.iplesp.upmc.fr\/hepather_ANRS\/\"},{\"@type\":\"ListItem\",\"position\":2,\"name\":\"Espace patient\",\"item\":\"https:\/\/triton.iplesp.upmc.fr\/hepather_ANRS\/espace-patients\/\"},{\"@type\":\"ListItem\",\"position\":3,\"name\":\"Vos droits\"}]},{\"@type\":\"WebSite\",\"@id\":\"https:\/\/triton.iplesp.upmc.fr\/hepather_ANRS\/#website\",\"url\":\"https:\/\/triton.iplesp.upmc.fr\/hepather_ANRS\/\",\"name\":\"ANRS CO22 HEPATHER\",\"description\":\"\",\"publisher\":{\"@id\":\"https:\/\/triton.iplesp.upmc.fr\/hepather_ANRS\/#organization\"},\"potentialAction\":[{\"@type\":\"SearchAction\",\"target\":{\"@type\":\"EntryPoint\",\"urlTemplate\":\"https:\/\/triton.iplesp.upmc.fr\/hepather_ANRS\/?s={search_term_string}\"},\"query-input\":{\"@type\":\"PropertyValueSpecification\",\"valueRequired\":true,\"valueName\":\"search_term_string\"}}],\"inLanguage\":\"fr-FR\"},{\"@type\":\"Organization\",\"@id\":\"https:\/\/triton.iplesp.upmc.fr\/hepather_ANRS\/#organization\",\"name\":\"IPLESP UMRS 1136\",\"url\":\"https:\/\/triton.iplesp.upmc.fr\/hepather_ANRS\/\",\"logo\":{\"@type\":\"ImageObject\",\"inLanguage\":\"fr-FR\",\"@id\":\"https:\/\/triton.iplesp.upmc.fr\/hepather_ANRS\/#\/schema\/logo\/image\/\",\"url\":\"https:\/\/i0.wp.com\/triton.iplesp.upmc.fr\/hepather_ANRS\/wp-content\/uploads\/2019\/02\/logoTagline_anrs_white.png?fit=464%2C175&ssl=1\",\"contentUrl\":\"https:\/\/i0.wp.com\/triton.iplesp.upmc.fr\/hepather_ANRS\/wp-content\/uploads\/2019\/02\/logoTagline_anrs_white.png?fit=464%2C175&ssl=1\",\"width\":464,\"height\":175,\"caption\":\"IPLESP UMRS 1136\"},\"image\":{\"@id\":\"https:\/\/triton.iplesp.upmc.fr\/hepather_ANRS\/#\/schema\/logo\/image\/\"}}]}<\/script>\n<!-- \/ Yoast SEO plugin. -->","yoast_head_json":{"title":"Vos droits - ANRS CO22 HEPATHER","robots":{"index":"index","follow":"follow","max-snippet":"max-snippet:-1","max-image-preview":"max-image-preview:large","max-video-preview":"max-video-preview:-1"},"canonical":"https:\/\/triton.iplesp.upmc.fr\/hepather_ANRS\/espace-patients\/vos-droits\/","og_locale":"fr_FR","og_type":"article","og_title":"Vos droits - ANRS CO22 HEPATHER","og_description":"Information sur le RGPD (R\u00e8glement G\u00e9n\u00e9ral sur la Protection des Donn\u00e9es) Depuis le 25 mai 2018, une nouvelle r\u00e9glementation est entr\u00e9e en application dans l\u2019Union Europ\u00e9enne. Elle permet d\u2019harmoniser le cadre juridique de la protection de donn\u00e9es personnelles et de rendre le traitement des donn\u00e9es collect\u00e9es plus transparent \u00e0 l\u2019\u00e9gard des personnes concern\u00e9es. \u00a0Lorsque vous [&hellip;]","og_url":"https:\/\/triton.iplesp.upmc.fr\/hepather_ANRS\/espace-patients\/vos-droits\/","og_site_name":"ANRS CO22 HEPATHER","article_modified_time":"2019-09-05T14:49:18+00:00","twitter_card":"summary_large_image","twitter_misc":{"Dur\u00e9e de lecture estim\u00e9e":"5 minutes"},"schema":{"@context":"https:\/\/schema.org","@graph":[{"@type":"WebPage","@id":"https:\/\/triton.iplesp.upmc.fr\/hepather_ANRS\/espace-patients\/vos-droits\/","url":"https:\/\/triton.iplesp.upmc.fr\/hepather_ANRS\/espace-patients\/vos-droits\/","name":"Vos droits - ANRS CO22 HEPATHER","isPartOf":{"@id":"https:\/\/triton.iplesp.upmc.fr\/hepather_ANRS\/#website"},"datePublished":"2018-01-24T14:28:13+00:00","dateModified":"2019-09-05T14:49:18+00:00","breadcrumb":{"@id":"https:\/\/triton.iplesp.upmc.fr\/hepather_ANRS\/espace-patients\/vos-droits\/#breadcrumb"},"inLanguage":"fr-FR","potentialAction":[{"@type":"ReadAction","target":["https:\/\/triton.iplesp.upmc.fr\/hepather_ANRS\/espace-patients\/vos-droits\/"]}]},{"@type":"BreadcrumbList","@id":"https:\/\/triton.iplesp.upmc.fr\/hepather_ANRS\/espace-patients\/vos-droits\/#breadcrumb","itemListElement":[{"@type":"ListItem","position":1,"name":"Accueil","item":"https:\/\/triton.iplesp.upmc.fr\/hepather_ANRS\/"},{"@type":"ListItem","position":2,"name":"Espace patient","item":"https:\/\/triton.iplesp.upmc.fr\/hepather_ANRS\/espace-patients\/"},{"@type":"ListItem","position":3,"name":"Vos droits"}]},{"@type":"WebSite","@id":"https:\/\/triton.iplesp.upmc.fr\/hepather_ANRS\/#website","url":"https:\/\/triton.iplesp.upmc.fr\/hepather_ANRS\/","name":"ANRS CO22 HEPATHER","description":"","publisher":{"@id":"https:\/\/triton.iplesp.upmc.fr\/hepather_ANRS\/#organization"},"potentialAction":[{"@type":"SearchAction","target":{"@type":"EntryPoint","urlTemplate":"https:\/\/triton.iplesp.upmc.fr\/hepather_ANRS\/?s={search_term_string}"},"query-input":{"@type":"PropertyValueSpecification","valueRequired":true,"valueName":"search_term_string"}}],"inLanguage":"fr-FR"},{"@type":"Organization","@id":"https:\/\/triton.iplesp.upmc.fr\/hepather_ANRS\/#organization","name":"IPLESP UMRS 1136","url":"https:\/\/triton.iplesp.upmc.fr\/hepather_ANRS\/","logo":{"@type":"ImageObject","inLanguage":"fr-FR","@id":"https:\/\/triton.iplesp.upmc.fr\/hepather_ANRS\/#\/schema\/logo\/image\/","url":"https:\/\/i0.wp.com\/triton.iplesp.upmc.fr\/hepather_ANRS\/wp-content\/uploads\/2019\/02\/logoTagline_anrs_white.png?fit=464%2C175&ssl=1","contentUrl":"https:\/\/i0.wp.com\/triton.iplesp.upmc.fr\/hepather_ANRS\/wp-content\/uploads\/2019\/02\/logoTagline_anrs_white.png?fit=464%2C175&ssl=1","width":464,"height":175,"caption":"IPLESP UMRS 1136"},"image":{"@id":"https:\/\/triton.iplesp.upmc.fr\/hepather_ANRS\/#\/schema\/logo\/image\/"}}]}},"jetpack_sharing_enabled":true,"jetpack_shortlink":"https:\/\/wp.me\/PaQKc4-30","jetpack-related-posts":[{"id":835,"url":"https:\/\/triton.iplesp.upmc.fr\/hepather_ANRS\/glossaire\/","url_meta":{"origin":186,"position":0},"title":"Glossaire","author":"admin_ft","date":"19 octobre 2018","format":false,"excerpt":"AFEF \u2013 Association Fran\u00e7aise pour l\u2019\u00c9tude du Foie L\u2019AFEF \u2013 Association Fran\u00e7aise pour l\u2019\u00c9tude du Foie \u2013 est la Soci\u00e9t\u00e9 Fran\u00e7aise d\u2019H\u00e9patologie qui regroupe l\u2019ensemble des chercheurs et cliniciens impliqu\u00e9s en H\u00e9patologie. Cr\u00e9\u00e9e le 17 novembre 1975, l\u2019AFEF a obtenu le statut d\u2019association reconnue d\u2019utilit\u00e9 publique le 6 janvier 2005.\u2026","rel":"","context":"Article similaire","block_context":{"text":"Article similaire","link":""},"img":{"alt_text":"","src":"","width":0,"height":0},"classes":[]},{"id":171,"url":"https:\/\/triton.iplesp.upmc.fr\/hepather_ANRS\/la-cohorte\/la-gouvernance\/","url_meta":{"origin":186,"position":1},"title":"La gouvernance","author":"admin_fchau","date":"24 janvier 2018","format":false,"excerpt":"La gouvernance a pour mission de donner un avis sur toute question relative \u00e0 la d\u00e9ontologie, de d\u00e9finir ce qui peut constituer un conflit d\u2019int\u00e9r\u00eat, d'\u00e9valuer les dispositifs de gestion des liens d\u2019int\u00e9r\u00eat, d'\u00e9valuer les refus d\u2019acc\u00e8s \u00e0 la cohorte et de faire des recommandations pour am\u00e9liorer les r\u00e8gles d\u00e9ontologiques\u2026","rel":"","context":"Article similaire","block_context":{"text":"Article similaire","link":""},"img":{"alt_text":"gouvernance","src":"https:\/\/i0.wp.com\/triton.iplesp.upmc.fr\/hepather_ANRS\/wp-content\/uploads\/2019\/02\/gouvernance-1024x567.png?resize=350%2C200&ssl=1","width":350,"height":200,"srcset":"https:\/\/i0.wp.com\/triton.iplesp.upmc.fr\/hepather_ANRS\/wp-content\/uploads\/2019\/02\/gouvernance-1024x567.png?resize=350%2C200&ssl=1 1x, https:\/\/i0.wp.com\/triton.iplesp.upmc.fr\/hepather_ANRS\/wp-content\/uploads\/2019\/02\/gouvernance-1024x567.png?resize=525%2C300&ssl=1 1.5x"},"classes":[]},{"id":1754,"url":"https:\/\/triton.iplesp.upmc.fr\/hepather_ANRS\/la-cohorte\/description-de-la-cohorte\/circuit-de-donnees\/","url_meta":{"origin":186,"position":2},"title":"Circuit de donn\u00e9es","author":"admin_ft","date":"8 novembre 2018","format":false,"excerpt":"Un formulaire \u00e9lectronique \u2013 eCRF - est d\u00e9velopp\u00e9 par l'Institut Pierre Louis d'Epid\u00e9miologie et de Sant\u00e9 Publique \u2013 iPLESP \u2013 UMRS 1136 et permet \u00e0 chaque centre clinique la saisie en ligne des donn\u00e9es d'inclusion et de suivi pour chaque patient. Ces donn\u00e9es sont centralis\u00e9es sur serveur conform\u00e9ment aux exigences\u2026","rel":"","context":"Article similaire","block_context":{"text":"Article similaire","link":""},"img":{"alt_text":"","src":"","width":0,"height":0},"classes":[]},{"id":1475,"url":"https:\/\/triton.iplesp.upmc.fr\/hepather_ANRS\/la-cohorte\/description-de-la-cohorte\/recueil-de-donnees\/","url_meta":{"origin":186,"position":3},"title":"Recueil de donn\u00e9es","author":"admin_ft","date":"30 octobre 2018","format":false,"excerpt":"Le recueil de donn\u00e9es se fait lors des consultations cliniques des patients. Le protocole pr\u00e9voit une visite d\u2019inclusion et une visite annuelle pendant 7 \u00e0 8 ans. Toutes les donn\u00e9es sont saisies et centralis\u00e9es dans une base de donn\u00e9es \u00e9lectronique (eCRF de l\u2019\u00e9tude). Lors de la visite d\u2019inclusion, un point\u2026","rel":"","context":"Article similaire","block_context":{"text":"Article similaire","link":""},"img":{"alt_text":"","src":"","width":0,"height":0},"classes":[]},{"id":1058,"url":"https:\/\/triton.iplesp.upmc.fr\/hepather_ANRS\/la-cohorte\/description-de-la-cohorte\/ethique\/","url_meta":{"origin":186,"position":4},"title":"Ethique","author":"admin_ft","date":"23 octobre 2018","format":false,"excerpt":"Le suivi clinique est r\u00e9alis\u00e9 dans le cadre du soin et articul\u00e9 avec le dossier m\u00e9dical du patient. Un recueil actif des \u00e9v\u00e9nements cliniques ou des modifications th\u00e9rapeutiques sera effectu\u00e9. Un syst\u00e8me d'information s\u00e9curis\u00e9 et r\u00e9pondant aux exigences r\u00e8glementaires de la CNIL sera d\u00e9ploy\u00e9 \u00e0 cet effet. Par ailleurs, sont\u2026","rel":"","context":"Article similaire","block_context":{"text":"Article similaire","link":""},"img":{"alt_text":"","src":"","width":0,"height":0},"classes":[]},{"id":1049,"url":"https:\/\/triton.iplesp.upmc.fr\/hepather_ANRS\/la-cohorte\/description-de-la-cohorte\/methodologie\/","url_meta":{"origin":186,"position":5},"title":"M\u00e9thodologie","author":"admin_ft","date":"23 octobre 2018","format":false,"excerpt":"La cohorte ANRS CO22 Hepather est constitu\u00e9e de patients atteints du virus de l'h\u00e9patite B \u2013 VHB et\/ou du virus de l'h\u00e9patite C chronique, aig\u00fce ou gu\u00e9rie. Il s'agit d'une \u00e9tude observationnelle multicentrique sous forme de partenariat public et priv\u00e9 avec un recueil prospectif de donn\u00e9es et la constitution de\u2026","rel":"","context":"Article similaire","block_context":{"text":"Article similaire","link":""},"img":{"alt_text":"","src":"","width":0,"height":0},"classes":[]}],"_links":{"self":[{"href":"https:\/\/triton.iplesp.upmc.fr\/hepather_ANRS\/wp-json\/wp\/v2\/pages\/186","targetHints":{"allow":["GET"]}}],"collection":[{"href":"https:\/\/triton.iplesp.upmc.fr\/hepather_ANRS\/wp-json\/wp\/v2\/pages"}],"about":[{"href":"https:\/\/triton.iplesp.upmc.fr\/hepather_ANRS\/wp-json\/wp\/v2\/types\/page"}],"author":[{"embeddable":true,"href":"https:\/\/triton.iplesp.upmc.fr\/hepather_ANRS\/wp-json\/wp\/v2\/users\/3"}],"replies":[{"embeddable":true,"href":"https:\/\/triton.iplesp.upmc.fr\/hepather_ANRS\/wp-json\/wp\/v2\/comments?post=186"}],"version-history":[{"count":5,"href":"https:\/\/triton.iplesp.upmc.fr\/hepather_ANRS\/wp-json\/wp\/v2\/pages\/186\/revisions"}],"predecessor-version":[{"id":3197,"href":"https:\/\/triton.iplesp.upmc.fr\/hepather_ANRS\/wp-json\/wp\/v2\/pages\/186\/revisions\/3197"}],"up":[{"embeddable":true,"href":"https:\/\/triton.iplesp.upmc.fr\/hepather_ANRS\/wp-json\/wp\/v2\/pages\/92"}],"wp:attachment":[{"href":"https:\/\/triton.iplesp.upmc.fr\/hepather_ANRS\/wp-json\/wp\/v2\/media?parent=186"}],"curies":[{"name":"wp","href":"https:\/\/api.w.org\/{rel}","templated":true}]}}