{"id":203,"date":"2018-01-24T15:45:24","date_gmt":"2018-01-24T14:45:24","guid":{"rendered":"https:\/\/triton.u707.jussieu.fr\/hepatherWP_test\/?page_id=203"},"modified":"2019-03-29T15:06:16","modified_gmt":"2019-03-29T14:06:16","slug":"deposer-un-projet","status":"publish","type":"page","link":"https:\/\/triton.iplesp.upmc.fr\/hepather_ANRS\/espace-chercheur\/deposer-un-projet\/","title":{"rendered":"D\u00e9poser un projet"},"content":{"rendered":"<div id=\"pl-203\" class=\"panel-layout\">\n<div id=\"pg-203-0\" class=\"panel-grid panel-no-style\" data-style=\"{&quot;background_image_attachment&quot;:false,&quot;background_display&quot;:&quot;tile&quot;,&quot;cell_alignment&quot;:&quot;flex-start&quot;}\" data-ratio=\"1\" data-ratio-direction=\"right\">\n<div id=\"pgc-203-0-0\" class=\"panel-grid-cell\" data-weight=\"1\">\n<div id=\"panel-203-0-0-0\" class=\"so-panel widget widget_text panel-first-child panel-last-child\" data-index=\"0\" data-style=\"{&quot;background_image_attachment&quot;:false,&quot;background_display&quot;:&quot;tile&quot;}\">\n<h3 class=\"widget-title\">D\u00e9marches \u00e0 suivre pour le d\u00e9p\u00f4t de projets acad\u00e9miques :<\/h3>\n<div class=\"textwidget\">\n<p>La cohorte ANRS CO22 HEPATHER est une plateforme de recherche ouverte \u00e0 la communaut\u00e9. Tout chercheur peut proposer un projet nich\u00e9 sur des patients inclus dans la cohorte.<\/p>\n<p>La 1\u00e8re \u00e9tape consiste \u00e0 compl\u00e9ter et soumettre le formulaire de soumission de Projet de Recherche Sp\u00e9cifique \u2013 PRS.<\/p>\n<p>Les projets soumis sous examin\u00e9s par le Comit\u00e9 Ex\u00e9cutif de la cohorte qui propose des rapporteurs sp\u00e9cialistes du domaine de recherche soumis. Ces experts sont charg\u00e9s de la r\u00e9alisation d\u2019une \u00e9valuation scientifique approfondie du projet.<\/p>\n<p>Les projets sont ensuite \u00e9valu\u00e9s au fil de l\u2019eau par le Conseil Scientifique de la cohorte.\u00a0A l\u2019aide des expertises r\u00e9alis\u00e9es, les membres du Conseil Scientifiques discutent le projet et \u00e9mettent un avis favorable ou d\u00e9favorable \u00e0 sa r\u00e9alisation.<\/p>\n<p>Hepather ne finance pas les projets.<\/p>\n<\/div>\n<\/div>\n<\/div>\n<\/div>\n<div id=\"pg-203-1\" class=\"panel-grid panel-no-style\" data-style=\"{&quot;background_image_attachment&quot;:false,&quot;background_display&quot;:&quot;tile&quot;,&quot;cell_alignment&quot;:&quot;flex-start&quot;}\" data-ratio=\"1\" data-ratio-direction=\"right\">\n<div id=\"pgc-203-1-0\" class=\"panel-grid-cell\" data-weight=\"1\">\n<div id=\"panel-203-1-0-0\" class=\"so-panel widget widget_text panel-first-child panel-last-child\" data-index=\"1\" data-style=\"{&quot;background_image_attachment&quot;:false,&quot;background_display&quot;:&quot;tile&quot;}\">\n<h3 class=\"widget-title\">D\u00e9marches \u00e0 suivre pour le d\u00e9p\u00f4t de projets priv\u00e9s :<\/h3>\n<div class=\"textwidget\">\n<p>Les partenaires priv\u00e9s de la cohorte aussi toute entreprise priv\u00e9e peuvent proposer des projets. L\u2019\u00e9valuation sera faite en fonction du type de projet soit directement par le Comit\u00e9 Ex\u00e9cutif soit le Conseil Scientifique.<\/p>\n<p>Chaque projet fait l\u2019objet d\u2019un contrat sp\u00e9cifique<\/p>\n<p>Pour tout renseignement, merci de contacter INSERM Transfert en charge des relations avec les compagnies priv\u00e9es<\/p>\n<p>Alice Bousselet, <a href=\"mailto:alice.bousselet@inserm-transfert.fr\" target=\"_blank\" rel=\"noopener noreferrer\"><u>alice.bousselet@inserm-transfert.fr<\/u><\/a><\/p>\n<\/div>\n<\/div>\n<\/div>\n<\/div>\n<\/div>\n","protected":false},"excerpt":{"rendered":"<p>D\u00e9marches \u00e0 suivre pour le d\u00e9p\u00f4t de projets acad\u00e9miques : La cohorte ANRS CO22 HEPATHER est une plateforme de recherche ouverte \u00e0 la communaut\u00e9. Tout chercheur peut proposer un projet nich\u00e9 sur des patients inclus dans la cohorte. La 1\u00e8re \u00e9tape consiste \u00e0 compl\u00e9ter et soumettre le formulaire de soumission de Projet de Recherche Sp\u00e9cifique [&hellip;]<\/p>\n","protected":false},"author":3,"featured_media":0,"parent":162,"menu_order":1,"comment_status":"closed","ping_status":"closed","template":"","meta":{"_bbp_topic_count":0,"_bbp_reply_count":0,"_bbp_total_topic_count":0,"_bbp_total_reply_count":0,"_bbp_voice_count":0,"_bbp_anonymous_reply_count":0,"_bbp_topic_count_hidden":0,"_bbp_reply_count_hidden":0,"_bbp_forum_subforum_count":0,"jetpack_post_was_ever_published":false,"footnotes":""},"class_list":["post-203","page","type-page","status-publish","hentry"],"yoast_head":"<!-- This site is optimized with the Yoast SEO plugin v27.2 - https:\/\/yoast.com\/product\/yoast-seo-wordpress\/ -->\n<title>D\u00e9poser un projet - ANRS CO22 HEPATHER<\/title>\n<meta name=\"robots\" content=\"index, follow, max-snippet:-1, max-image-preview:large, max-video-preview:-1\" \/>\n<link rel=\"canonical\" href=\"https:\/\/triton.iplesp.upmc.fr\/hepather_ANRS\/espace-chercheur\/deposer-un-projet\/\" \/>\n<meta property=\"og:locale\" content=\"fr_FR\" \/>\n<meta property=\"og:type\" content=\"article\" \/>\n<meta property=\"og:title\" content=\"D\u00e9poser un projet - ANRS CO22 HEPATHER\" \/>\n<meta property=\"og:description\" content=\"D\u00e9marches \u00e0 suivre pour le d\u00e9p\u00f4t de projets acad\u00e9miques : La cohorte ANRS CO22 HEPATHER est une plateforme de recherche ouverte \u00e0 la communaut\u00e9. Tout chercheur peut proposer un projet nich\u00e9 sur des patients inclus dans la cohorte. La 1\u00e8re \u00e9tape consiste \u00e0 compl\u00e9ter et soumettre le formulaire de soumission de Projet de Recherche Sp\u00e9cifique [&hellip;]\" \/>\n<meta property=\"og:url\" content=\"https:\/\/triton.iplesp.upmc.fr\/hepather_ANRS\/espace-chercheur\/deposer-un-projet\/\" \/>\n<meta property=\"og:site_name\" content=\"ANRS CO22 HEPATHER\" \/>\n<meta property=\"article:modified_time\" content=\"2019-03-29T14:06:16+00:00\" \/>\n<meta name=\"twitter:card\" content=\"summary_large_image\" \/>\n<meta name=\"twitter:label1\" content=\"Dur\u00e9e de lecture estim\u00e9e\" \/>\n\t<meta name=\"twitter:data1\" content=\"1 minute\" \/>\n<script type=\"application\/ld+json\" class=\"yoast-schema-graph\">{\"@context\":\"https:\/\/schema.org\",\"@graph\":[{\"@type\":\"WebPage\",\"@id\":\"https:\/\/triton.iplesp.upmc.fr\/hepather_ANRS\/espace-chercheur\/deposer-un-projet\/\",\"url\":\"https:\/\/triton.iplesp.upmc.fr\/hepather_ANRS\/espace-chercheur\/deposer-un-projet\/\",\"name\":\"D\u00e9poser un projet - ANRS CO22 HEPATHER\",\"isPartOf\":{\"@id\":\"https:\/\/triton.iplesp.upmc.fr\/hepather_ANRS\/#website\"},\"datePublished\":\"2018-01-24T14:45:24+00:00\",\"dateModified\":\"2019-03-29T14:06:16+00:00\",\"breadcrumb\":{\"@id\":\"https:\/\/triton.iplesp.upmc.fr\/hepather_ANRS\/espace-chercheur\/deposer-un-projet\/#breadcrumb\"},\"inLanguage\":\"fr-FR\",\"potentialAction\":[{\"@type\":\"ReadAction\",\"target\":[\"https:\/\/triton.iplesp.upmc.fr\/hepather_ANRS\/espace-chercheur\/deposer-un-projet\/\"]}]},{\"@type\":\"BreadcrumbList\",\"@id\":\"https:\/\/triton.iplesp.upmc.fr\/hepather_ANRS\/espace-chercheur\/deposer-un-projet\/#breadcrumb\",\"itemListElement\":[{\"@type\":\"ListItem\",\"position\":1,\"name\":\"Accueil\",\"item\":\"https:\/\/triton.iplesp.upmc.fr\/hepather_ANRS\/\"},{\"@type\":\"ListItem\",\"position\":2,\"name\":\"Espace chercheur\",\"item\":\"https:\/\/triton.iplesp.upmc.fr\/hepather_ANRS\/espace-chercheur\/\"},{\"@type\":\"ListItem\",\"position\":3,\"name\":\"D\u00e9poser un projet\"}]},{\"@type\":\"WebSite\",\"@id\":\"https:\/\/triton.iplesp.upmc.fr\/hepather_ANRS\/#website\",\"url\":\"https:\/\/triton.iplesp.upmc.fr\/hepather_ANRS\/\",\"name\":\"ANRS CO22 HEPATHER\",\"description\":\"\",\"publisher\":{\"@id\":\"https:\/\/triton.iplesp.upmc.fr\/hepather_ANRS\/#organization\"},\"potentialAction\":[{\"@type\":\"SearchAction\",\"target\":{\"@type\":\"EntryPoint\",\"urlTemplate\":\"https:\/\/triton.iplesp.upmc.fr\/hepather_ANRS\/?s={search_term_string}\"},\"query-input\":{\"@type\":\"PropertyValueSpecification\",\"valueRequired\":true,\"valueName\":\"search_term_string\"}}],\"inLanguage\":\"fr-FR\"},{\"@type\":\"Organization\",\"@id\":\"https:\/\/triton.iplesp.upmc.fr\/hepather_ANRS\/#organization\",\"name\":\"IPLESP UMRS 1136\",\"url\":\"https:\/\/triton.iplesp.upmc.fr\/hepather_ANRS\/\",\"logo\":{\"@type\":\"ImageObject\",\"inLanguage\":\"fr-FR\",\"@id\":\"https:\/\/triton.iplesp.upmc.fr\/hepather_ANRS\/#\/schema\/logo\/image\/\",\"url\":\"https:\/\/i0.wp.com\/triton.iplesp.upmc.fr\/hepather_ANRS\/wp-content\/uploads\/2019\/02\/logoTagline_anrs_white.png?fit=464%2C175&ssl=1\",\"contentUrl\":\"https:\/\/i0.wp.com\/triton.iplesp.upmc.fr\/hepather_ANRS\/wp-content\/uploads\/2019\/02\/logoTagline_anrs_white.png?fit=464%2C175&ssl=1\",\"width\":464,\"height\":175,\"caption\":\"IPLESP UMRS 1136\"},\"image\":{\"@id\":\"https:\/\/triton.iplesp.upmc.fr\/hepather_ANRS\/#\/schema\/logo\/image\/\"}}]}<\/script>\n<!-- \/ Yoast SEO plugin. -->","yoast_head_json":{"title":"D\u00e9poser un projet - ANRS CO22 HEPATHER","robots":{"index":"index","follow":"follow","max-snippet":"max-snippet:-1","max-image-preview":"max-image-preview:large","max-video-preview":"max-video-preview:-1"},"canonical":"https:\/\/triton.iplesp.upmc.fr\/hepather_ANRS\/espace-chercheur\/deposer-un-projet\/","og_locale":"fr_FR","og_type":"article","og_title":"D\u00e9poser un projet - ANRS CO22 HEPATHER","og_description":"D\u00e9marches \u00e0 suivre pour le d\u00e9p\u00f4t de projets acad\u00e9miques : La cohorte ANRS CO22 HEPATHER est une plateforme de recherche ouverte \u00e0 la communaut\u00e9. Tout chercheur peut proposer un projet nich\u00e9 sur des patients inclus dans la cohorte. La 1\u00e8re \u00e9tape consiste \u00e0 compl\u00e9ter et soumettre le formulaire de soumission de Projet de Recherche Sp\u00e9cifique [&hellip;]","og_url":"https:\/\/triton.iplesp.upmc.fr\/hepather_ANRS\/espace-chercheur\/deposer-un-projet\/","og_site_name":"ANRS CO22 HEPATHER","article_modified_time":"2019-03-29T14:06:16+00:00","twitter_card":"summary_large_image","twitter_misc":{"Dur\u00e9e de lecture estim\u00e9e":"1 minute"},"schema":{"@context":"https:\/\/schema.org","@graph":[{"@type":"WebPage","@id":"https:\/\/triton.iplesp.upmc.fr\/hepather_ANRS\/espace-chercheur\/deposer-un-projet\/","url":"https:\/\/triton.iplesp.upmc.fr\/hepather_ANRS\/espace-chercheur\/deposer-un-projet\/","name":"D\u00e9poser un projet - ANRS CO22 HEPATHER","isPartOf":{"@id":"https:\/\/triton.iplesp.upmc.fr\/hepather_ANRS\/#website"},"datePublished":"2018-01-24T14:45:24+00:00","dateModified":"2019-03-29T14:06:16+00:00","breadcrumb":{"@id":"https:\/\/triton.iplesp.upmc.fr\/hepather_ANRS\/espace-chercheur\/deposer-un-projet\/#breadcrumb"},"inLanguage":"fr-FR","potentialAction":[{"@type":"ReadAction","target":["https:\/\/triton.iplesp.upmc.fr\/hepather_ANRS\/espace-chercheur\/deposer-un-projet\/"]}]},{"@type":"BreadcrumbList","@id":"https:\/\/triton.iplesp.upmc.fr\/hepather_ANRS\/espace-chercheur\/deposer-un-projet\/#breadcrumb","itemListElement":[{"@type":"ListItem","position":1,"name":"Accueil","item":"https:\/\/triton.iplesp.upmc.fr\/hepather_ANRS\/"},{"@type":"ListItem","position":2,"name":"Espace chercheur","item":"https:\/\/triton.iplesp.upmc.fr\/hepather_ANRS\/espace-chercheur\/"},{"@type":"ListItem","position":3,"name":"D\u00e9poser un projet"}]},{"@type":"WebSite","@id":"https:\/\/triton.iplesp.upmc.fr\/hepather_ANRS\/#website","url":"https:\/\/triton.iplesp.upmc.fr\/hepather_ANRS\/","name":"ANRS CO22 HEPATHER","description":"","publisher":{"@id":"https:\/\/triton.iplesp.upmc.fr\/hepather_ANRS\/#organization"},"potentialAction":[{"@type":"SearchAction","target":{"@type":"EntryPoint","urlTemplate":"https:\/\/triton.iplesp.upmc.fr\/hepather_ANRS\/?s={search_term_string}"},"query-input":{"@type":"PropertyValueSpecification","valueRequired":true,"valueName":"search_term_string"}}],"inLanguage":"fr-FR"},{"@type":"Organization","@id":"https:\/\/triton.iplesp.upmc.fr\/hepather_ANRS\/#organization","name":"IPLESP UMRS 1136","url":"https:\/\/triton.iplesp.upmc.fr\/hepather_ANRS\/","logo":{"@type":"ImageObject","inLanguage":"fr-FR","@id":"https:\/\/triton.iplesp.upmc.fr\/hepather_ANRS\/#\/schema\/logo\/image\/","url":"https:\/\/i0.wp.com\/triton.iplesp.upmc.fr\/hepather_ANRS\/wp-content\/uploads\/2019\/02\/logoTagline_anrs_white.png?fit=464%2C175&ssl=1","contentUrl":"https:\/\/i0.wp.com\/triton.iplesp.upmc.fr\/hepather_ANRS\/wp-content\/uploads\/2019\/02\/logoTagline_anrs_white.png?fit=464%2C175&ssl=1","width":464,"height":175,"caption":"IPLESP UMRS 1136"},"image":{"@id":"https:\/\/triton.iplesp.upmc.fr\/hepather_ANRS\/#\/schema\/logo\/image\/"}}]}},"jetpack_sharing_enabled":true,"jetpack_shortlink":"https:\/\/wp.me\/PaQKc4-3h","jetpack-related-posts":[{"id":1754,"url":"https:\/\/triton.iplesp.upmc.fr\/hepather_ANRS\/la-cohorte\/description-de-la-cohorte\/circuit-de-donnees\/","url_meta":{"origin":203,"position":0},"title":"Circuit de donn\u00e9es","author":"admin_ft","date":"8 novembre 2018","format":false,"excerpt":"Un formulaire \u00e9lectronique \u2013 eCRF - est d\u00e9velopp\u00e9 par l'Institut Pierre Louis d'Epid\u00e9miologie et de Sant\u00e9 Publique \u2013 iPLESP \u2013 UMRS 1136 et permet \u00e0 chaque centre clinique la saisie en ligne des donn\u00e9es d'inclusion et de suivi pour chaque patient. Ces donn\u00e9es sont centralis\u00e9es sur serveur conform\u00e9ment aux exigences\u2026","rel":"","context":"Article similaire","block_context":{"text":"Article similaire","link":""},"img":{"alt_text":"","src":"","width":0,"height":0},"classes":[]},{"id":1477,"url":"https:\/\/triton.iplesp.upmc.fr\/hepather_ANRS\/la-cohorte\/description-de-la-cohorte\/biobanque\/","url_meta":{"origin":203,"position":1},"title":"Biobanque","author":"admin_ft","date":"30 octobre 2018","format":false,"excerpt":"Une biobanque est r\u00e9alis\u00e9e chez tous les patients inclus au moment de la visite d'inclusion. Il n'y a pas de pr\u00e9l\u00e8vements centralis\u00e9s et mis en biobanque pendant le suivi du patient. Cependant, dans certains cas de projets sp\u00e9cifiques et avec les accords r\u00e9glementaires n\u00e9cessaires, une biobanque de suivi peut \u00eatre\u2026","rel":"","context":"Article similaire","block_context":{"text":"Article similaire","link":""},"img":{"alt_text":"","src":"https:\/\/i0.wp.com\/triton.iplesp.upmc.fr\/hepather_ANRS\/wp-content\/uploads\/2022\/03\/visite_inclusion-360x239-1.png?resize=350%2C200&ssl=1","width":350,"height":200},"classes":[]},{"id":186,"url":"https:\/\/triton.iplesp.upmc.fr\/hepather_ANRS\/espace-patients\/vos-droits\/","url_meta":{"origin":203,"position":2},"title":"Vos droits","author":"admin_fchau","date":"24 janvier 2018","format":false,"excerpt":"Information sur le RGPD (R\u00e8glement G\u00e9n\u00e9ral sur la Protection des Donn\u00e9es) Depuis le 25 mai 2018, une nouvelle r\u00e9glementation est entr\u00e9e en application dans l\u2019Union Europ\u00e9enne. Elle permet d\u2019harmoniser le cadre juridique de la protection de donn\u00e9es personnelles et de rendre le traitement des donn\u00e9es collect\u00e9es plus transparent \u00e0 l\u2019\u00e9gard\u2026","rel":"","context":"Article similaire","block_context":{"text":"Article similaire","link":""},"img":{"alt_text":"","src":"","width":0,"height":0},"classes":[]},{"id":1016,"url":"https:\/\/triton.iplesp.upmc.fr\/hepather_ANRS\/la-cohorte\/description-de-la-cohorte\/equipes-impliquees\/","url_meta":{"origin":203,"position":3},"title":"Les \u00e9quipes impliqu\u00e9es","author":"admin_ft","date":"23 octobre 2018","format":false,"excerpt":"Investigateur coordonnateur : Pr Stanislas POL, Unit\u00e9 d\u2019H\u00e9patologie M\u00e9dicale, H\u00f4pital Cochin Saint-Vincent de Paul, 75014 Paris Co-investigateur coordonnateur : Dr H\u00e9l\u00e8ne FONTAINE, Unit\u00e9 d\u2019H\u00e9patologie M\u00e9dicale, H\u00f4pital Cochin Saint-Vincent de Paul, 75014 Paris Responsable scientifique et responsable du Centre de M\u00e9thodologie et de Gestion : Pr Fabrice CARRAT, UMR-S 1136, H\u00f4pital\u2026","rel":"","context":"Article similaire","block_context":{"text":"Article similaire","link":""},"img":{"alt_text":"","src":"https:\/\/i0.wp.com\/triton.iplesp.upmc.fr\/hepather_ANRS\/wp-content\/uploads\/2019\/06\/logo_iplesp_couleurs-1-300x139.jpg?resize=350%2C200&ssl=1","width":350,"height":200},"classes":[]},{"id":165,"url":"https:\/\/triton.iplesp.upmc.fr\/hepather_ANRS\/la-cohorte\/description-de-la-cohorte\/","url_meta":{"origin":203,"position":4},"title":"Description de la cohorte","author":"admin_fchau","date":"24 janvier 2018","format":false,"excerpt":"La cohorte ANRS CO22 Hepather a \u00e9t\u00e9 lanc\u00e9e \u00e0 l\u2019initiative de l\u2019ANRS - France Recherche Nord & Sud Sida-hiv H\u00e9patites, de l\u2019Inserm - Institut national de la sant\u00e9 et de la recherche m\u00e9dicale et de l\u2019Afef - Association Fran\u00e7aise pour l\u2019\u00c9tude du Foie. Elle consiste \u00e0 \u00e9tudier les h\u00e9patites B\u2026","rel":"","context":"Article similaire","block_context":{"text":"Article similaire","link":""},"img":{"alt_text":"","src":"","width":0,"height":0},"classes":[]},{"id":1043,"url":"https:\/\/triton.iplesp.upmc.fr\/hepather_ANRS\/la-cohorte\/description-de-la-cohorte\/objectifs\/","url_meta":{"origin":203,"position":5},"title":"Objectifs","author":"admin_ft","date":"23 octobre 2018","format":false,"excerpt":"La cohorte ANRS CO22 Hepather a pour objectif de d\u00e9crire l'\u00e9volution \u00e0 long terme des infections chroniques par le Virus de l'H\u00e9patite C - VHC, et le virus de l'H\u00e9patite B - VHB, et identifier les facteurs de pronostic associ\u00e9s, y compris les biomarqueurs. Elle vise \u00e0 comparer l'efficacit\u00e9 clinique\u2026","rel":"","context":"Article similaire","block_context":{"text":"Article similaire","link":""},"img":{"alt_text":"","src":"","width":0,"height":0},"classes":[]}],"_links":{"self":[{"href":"https:\/\/triton.iplesp.upmc.fr\/hepather_ANRS\/wp-json\/wp\/v2\/pages\/203","targetHints":{"allow":["GET"]}}],"collection":[{"href":"https:\/\/triton.iplesp.upmc.fr\/hepather_ANRS\/wp-json\/wp\/v2\/pages"}],"about":[{"href":"https:\/\/triton.iplesp.upmc.fr\/hepather_ANRS\/wp-json\/wp\/v2\/types\/page"}],"author":[{"embeddable":true,"href":"https:\/\/triton.iplesp.upmc.fr\/hepather_ANRS\/wp-json\/wp\/v2\/users\/3"}],"replies":[{"embeddable":true,"href":"https:\/\/triton.iplesp.upmc.fr\/hepather_ANRS\/wp-json\/wp\/v2\/comments?post=203"}],"version-history":[{"count":2,"href":"https:\/\/triton.iplesp.upmc.fr\/hepather_ANRS\/wp-json\/wp\/v2\/pages\/203\/revisions"}],"predecessor-version":[{"id":3087,"href":"https:\/\/triton.iplesp.upmc.fr\/hepather_ANRS\/wp-json\/wp\/v2\/pages\/203\/revisions\/3087"}],"up":[{"embeddable":true,"href":"https:\/\/triton.iplesp.upmc.fr\/hepather_ANRS\/wp-json\/wp\/v2\/pages\/162"}],"wp:attachment":[{"href":"https:\/\/triton.iplesp.upmc.fr\/hepather_ANRS\/wp-json\/wp\/v2\/media?parent=203"}],"curies":[{"name":"wp","href":"https:\/\/api.w.org\/{rel}","templated":true}]}}