{"id":3146,"date":"2019-06-28T10:41:24","date_gmt":"2019-06-28T08:41:24","guid":{"rendered":"https:\/\/triton.iplesp.upmc.fr\/hepather_ANRS\/?page_id=3146"},"modified":"2019-06-28T10:41:24","modified_gmt":"2019-06-28T08:41:24","slug":"cahier-des-variables","status":"publish","type":"page","link":"https:\/\/triton.iplesp.upmc.fr\/hepather_ANRS\/cahier-des-variables\/","title":{"rendered":"Cahier des variables"},"content":{"rendered":"<p>Pour acc\u00e9der au cahier des variables, veuillez cliquer sur le lien suivant :<\/p>\n<p><a href=\"https:\/\/triton.iplesp.upmc.fr\/hepather_ANRS\/wp-content\/uploads\/2019\/05\/Cahier_des_variables_Hepather.xlsx\">Cahier_des_variables_Hepather<\/a><\/p>\n","protected":false},"excerpt":{"rendered":"<p>Pour acc\u00e9der au cahier des variables, veuillez cliquer sur le lien suivant : Cahier_des_variables_Hepather<\/p>\n","protected":false},"author":1,"featured_media":0,"parent":0,"menu_order":0,"comment_status":"closed","ping_status":"closed","template":"","meta":{"_bbp_topic_count":0,"_bbp_reply_count":0,"_bbp_total_topic_count":0,"_bbp_total_reply_count":0,"_bbp_voice_count":0,"_bbp_anonymous_reply_count":0,"_bbp_topic_count_hidden":0,"_bbp_reply_count_hidden":0,"_bbp_forum_subforum_count":0,"jetpack_post_was_ever_published":false,"footnotes":""},"class_list":["post-3146","page","type-page","status-publish","hentry"],"yoast_head":"<!-- This site is optimized with the Yoast SEO plugin v27.2 - https:\/\/yoast.com\/product\/yoast-seo-wordpress\/ -->\n<title>Cahier des variables - ANRS CO22 HEPATHER<\/title>\n<meta name=\"robots\" content=\"index, follow, max-snippet:-1, max-image-preview:large, max-video-preview:-1\" \/>\n<link rel=\"canonical\" href=\"https:\/\/triton.iplesp.upmc.fr\/hepather_ANRS\/cahier-des-variables\/\" \/>\n<meta property=\"og:locale\" content=\"fr_FR\" \/>\n<meta property=\"og:type\" content=\"article\" \/>\n<meta property=\"og:title\" content=\"Cahier des variables - ANRS CO22 HEPATHER\" \/>\n<meta property=\"og:description\" content=\"Pour acc\u00e9der au cahier des variables, veuillez cliquer sur le lien suivant : Cahier_des_variables_Hepather\" \/>\n<meta property=\"og:url\" content=\"https:\/\/triton.iplesp.upmc.fr\/hepather_ANRS\/cahier-des-variables\/\" \/>\n<meta property=\"og:site_name\" content=\"ANRS CO22 HEPATHER\" \/>\n<meta name=\"twitter:card\" content=\"summary_large_image\" \/>\n<script type=\"application\/ld+json\" class=\"yoast-schema-graph\">{\"@context\":\"https:\/\/schema.org\",\"@graph\":[{\"@type\":\"WebPage\",\"@id\":\"https:\/\/triton.iplesp.upmc.fr\/hepather_ANRS\/cahier-des-variables\/\",\"url\":\"https:\/\/triton.iplesp.upmc.fr\/hepather_ANRS\/cahier-des-variables\/\",\"name\":\"Cahier des variables - ANRS CO22 HEPATHER\",\"isPartOf\":{\"@id\":\"https:\/\/triton.iplesp.upmc.fr\/hepather_ANRS\/#website\"},\"datePublished\":\"2019-06-28T08:41:24+00:00\",\"breadcrumb\":{\"@id\":\"https:\/\/triton.iplesp.upmc.fr\/hepather_ANRS\/cahier-des-variables\/#breadcrumb\"},\"inLanguage\":\"fr-FR\",\"potentialAction\":[{\"@type\":\"ReadAction\",\"target\":[\"https:\/\/triton.iplesp.upmc.fr\/hepather_ANRS\/cahier-des-variables\/\"]}]},{\"@type\":\"BreadcrumbList\",\"@id\":\"https:\/\/triton.iplesp.upmc.fr\/hepather_ANRS\/cahier-des-variables\/#breadcrumb\",\"itemListElement\":[{\"@type\":\"ListItem\",\"position\":1,\"name\":\"Accueil\",\"item\":\"https:\/\/triton.iplesp.upmc.fr\/hepather_ANRS\/\"},{\"@type\":\"ListItem\",\"position\":2,\"name\":\"Cahier des variables\"}]},{\"@type\":\"WebSite\",\"@id\":\"https:\/\/triton.iplesp.upmc.fr\/hepather_ANRS\/#website\",\"url\":\"https:\/\/triton.iplesp.upmc.fr\/hepather_ANRS\/\",\"name\":\"ANRS CO22 HEPATHER\",\"description\":\"\",\"publisher\":{\"@id\":\"https:\/\/triton.iplesp.upmc.fr\/hepather_ANRS\/#organization\"},\"potentialAction\":[{\"@type\":\"SearchAction\",\"target\":{\"@type\":\"EntryPoint\",\"urlTemplate\":\"https:\/\/triton.iplesp.upmc.fr\/hepather_ANRS\/?s={search_term_string}\"},\"query-input\":{\"@type\":\"PropertyValueSpecification\",\"valueRequired\":true,\"valueName\":\"search_term_string\"}}],\"inLanguage\":\"fr-FR\"},{\"@type\":\"Organization\",\"@id\":\"https:\/\/triton.iplesp.upmc.fr\/hepather_ANRS\/#organization\",\"name\":\"IPLESP UMRS 1136\",\"url\":\"https:\/\/triton.iplesp.upmc.fr\/hepather_ANRS\/\",\"logo\":{\"@type\":\"ImageObject\",\"inLanguage\":\"fr-FR\",\"@id\":\"https:\/\/triton.iplesp.upmc.fr\/hepather_ANRS\/#\/schema\/logo\/image\/\",\"url\":\"https:\/\/i0.wp.com\/triton.iplesp.upmc.fr\/hepather_ANRS\/wp-content\/uploads\/2019\/02\/logoTagline_anrs_white.png?fit=464%2C175&ssl=1\",\"contentUrl\":\"https:\/\/i0.wp.com\/triton.iplesp.upmc.fr\/hepather_ANRS\/wp-content\/uploads\/2019\/02\/logoTagline_anrs_white.png?fit=464%2C175&ssl=1\",\"width\":464,\"height\":175,\"caption\":\"IPLESP UMRS 1136\"},\"image\":{\"@id\":\"https:\/\/triton.iplesp.upmc.fr\/hepather_ANRS\/#\/schema\/logo\/image\/\"}}]}<\/script>\n<!-- \/ Yoast SEO plugin. -->","yoast_head_json":{"title":"Cahier des variables - ANRS CO22 HEPATHER","robots":{"index":"index","follow":"follow","max-snippet":"max-snippet:-1","max-image-preview":"max-image-preview:large","max-video-preview":"max-video-preview:-1"},"canonical":"https:\/\/triton.iplesp.upmc.fr\/hepather_ANRS\/cahier-des-variables\/","og_locale":"fr_FR","og_type":"article","og_title":"Cahier des variables - ANRS CO22 HEPATHER","og_description":"Pour acc\u00e9der au cahier des variables, veuillez cliquer sur le lien suivant : Cahier_des_variables_Hepather","og_url":"https:\/\/triton.iplesp.upmc.fr\/hepather_ANRS\/cahier-des-variables\/","og_site_name":"ANRS CO22 HEPATHER","twitter_card":"summary_large_image","schema":{"@context":"https:\/\/schema.org","@graph":[{"@type":"WebPage","@id":"https:\/\/triton.iplesp.upmc.fr\/hepather_ANRS\/cahier-des-variables\/","url":"https:\/\/triton.iplesp.upmc.fr\/hepather_ANRS\/cahier-des-variables\/","name":"Cahier des variables - ANRS CO22 HEPATHER","isPartOf":{"@id":"https:\/\/triton.iplesp.upmc.fr\/hepather_ANRS\/#website"},"datePublished":"2019-06-28T08:41:24+00:00","breadcrumb":{"@id":"https:\/\/triton.iplesp.upmc.fr\/hepather_ANRS\/cahier-des-variables\/#breadcrumb"},"inLanguage":"fr-FR","potentialAction":[{"@type":"ReadAction","target":["https:\/\/triton.iplesp.upmc.fr\/hepather_ANRS\/cahier-des-variables\/"]}]},{"@type":"BreadcrumbList","@id":"https:\/\/triton.iplesp.upmc.fr\/hepather_ANRS\/cahier-des-variables\/#breadcrumb","itemListElement":[{"@type":"ListItem","position":1,"name":"Accueil","item":"https:\/\/triton.iplesp.upmc.fr\/hepather_ANRS\/"},{"@type":"ListItem","position":2,"name":"Cahier des variables"}]},{"@type":"WebSite","@id":"https:\/\/triton.iplesp.upmc.fr\/hepather_ANRS\/#website","url":"https:\/\/triton.iplesp.upmc.fr\/hepather_ANRS\/","name":"ANRS CO22 HEPATHER","description":"","publisher":{"@id":"https:\/\/triton.iplesp.upmc.fr\/hepather_ANRS\/#organization"},"potentialAction":[{"@type":"SearchAction","target":{"@type":"EntryPoint","urlTemplate":"https:\/\/triton.iplesp.upmc.fr\/hepather_ANRS\/?s={search_term_string}"},"query-input":{"@type":"PropertyValueSpecification","valueRequired":true,"valueName":"search_term_string"}}],"inLanguage":"fr-FR"},{"@type":"Organization","@id":"https:\/\/triton.iplesp.upmc.fr\/hepather_ANRS\/#organization","name":"IPLESP UMRS 1136","url":"https:\/\/triton.iplesp.upmc.fr\/hepather_ANRS\/","logo":{"@type":"ImageObject","inLanguage":"fr-FR","@id":"https:\/\/triton.iplesp.upmc.fr\/hepather_ANRS\/#\/schema\/logo\/image\/","url":"https:\/\/i0.wp.com\/triton.iplesp.upmc.fr\/hepather_ANRS\/wp-content\/uploads\/2019\/02\/logoTagline_anrs_white.png?fit=464%2C175&ssl=1","contentUrl":"https:\/\/i0.wp.com\/triton.iplesp.upmc.fr\/hepather_ANRS\/wp-content\/uploads\/2019\/02\/logoTagline_anrs_white.png?fit=464%2C175&ssl=1","width":464,"height":175,"caption":"IPLESP UMRS 1136"},"image":{"@id":"https:\/\/triton.iplesp.upmc.fr\/hepather_ANRS\/#\/schema\/logo\/image\/"}}]}},"jetpack_sharing_enabled":true,"jetpack_shortlink":"https:\/\/wp.me\/PaQKc4-OK","jetpack-related-posts":[{"id":3153,"url":"https:\/\/triton.iplesp.upmc.fr\/hepather_ANRS\/crf-annote\/","url_meta":{"origin":3146,"position":0},"title":"CRF annot\u00e9","author":"HPgestion","date":"28 juin 2019","format":false,"excerpt":"Pour acc\u00e9der au CRF annot\u00e9, veuillez cliquer sur le lien suivant : CRF annot\u00e9","rel":"","context":"Article similaire","block_context":{"text":"Article similaire","link":""},"img":{"alt_text":"","src":"","width":0,"height":0},"classes":[]},{"id":2432,"url":"https:\/\/triton.iplesp.upmc.fr\/hepather_ANRS\/la-cohorte\/documentation\/","url_meta":{"origin":3146,"position":1},"title":"Documentation","author":"admin_ft","date":"17 d\u00e9cembre 2018","format":false,"excerpt":"Protocole : Protocole ANRS CO22 Hepather du 04\/12\/2018 Comit\u00e9 consultatif sur le traitement de l'information en mati\u00e8re de recherche dans le domaine de la sant\u00e9 : Avis initial Autorisation de la CNIL : D\u00e9cision DR-2013-611 Autorisation de la CNIL : D\u00e9lib\u00e9ration n\u00b0 2018-300 du 19 juillet 2018 Cahier des variables\u2026","rel":"","context":"Article similaire","block_context":{"text":"Article similaire","link":""},"img":{"alt_text":"","src":"","width":0,"height":0},"classes":[]},{"id":1477,"url":"https:\/\/triton.iplesp.upmc.fr\/hepather_ANRS\/la-cohorte\/description-de-la-cohorte\/biobanque\/","url_meta":{"origin":3146,"position":2},"title":"Biobanque","author":"admin_ft","date":"30 octobre 2018","format":false,"excerpt":"Une biobanque est r\u00e9alis\u00e9e chez tous les patients inclus au moment de la visite d'inclusion. Il n'y a pas de pr\u00e9l\u00e8vements centralis\u00e9s et mis en biobanque pendant le suivi du patient. Cependant, dans certains cas de projets sp\u00e9cifiques et avec les accords r\u00e9glementaires n\u00e9cessaires, une biobanque de suivi peut \u00eatre\u2026","rel":"","context":"Article similaire","block_context":{"text":"Article similaire","link":""},"img":{"alt_text":"","src":"https:\/\/i0.wp.com\/triton.iplesp.upmc.fr\/hepather_ANRS\/wp-content\/uploads\/2022\/03\/visite_inclusion-360x239-1.png?resize=350%2C200&ssl=1","width":350,"height":200},"classes":[]},{"id":1058,"url":"https:\/\/triton.iplesp.upmc.fr\/hepather_ANRS\/la-cohorte\/description-de-la-cohorte\/ethique\/","url_meta":{"origin":3146,"position":3},"title":"Ethique","author":"admin_ft","date":"23 octobre 2018","format":false,"excerpt":"Le suivi clinique est r\u00e9alis\u00e9 dans le cadre du soin et articul\u00e9 avec le dossier m\u00e9dical du patient. Un recueil actif des \u00e9v\u00e9nements cliniques ou des modifications th\u00e9rapeutiques sera effectu\u00e9. Un syst\u00e8me d'information s\u00e9curis\u00e9 et r\u00e9pondant aux exigences r\u00e8glementaires de la CNIL sera d\u00e9ploy\u00e9 \u00e0 cet effet. Par ailleurs, sont\u2026","rel":"","context":"Article similaire","block_context":{"text":"Article similaire","link":""},"img":{"alt_text":"","src":"","width":0,"height":0},"classes":[]},{"id":184,"url":"https:\/\/triton.iplesp.upmc.fr\/hepather_ANRS\/espace-patients\/comment-est-organise-le-suivi\/","url_meta":{"origin":3146,"position":4},"title":"Comment est organis\u00e9 le suivi","author":"admin_fchau","date":"24 janvier 2018","format":false,"excerpt":"Apr\u00e8s la visite d\u2019inclusion le rythme des visites de suivi dans la cohorte ANRS CO22 Hepather est annuel. Cependant, chez les patients initiant un traitement contre leur h\u00e9patite C apr\u00e8s l\u2019inclusion, une visite suppl\u00e9mentaire est ajout\u00e9e 6 mois apr\u00e8s l\u2019initiation du traitement. Ces visites de suivi se calquent sur le\u2026","rel":"","context":"Article similaire","block_context":{"text":"Article similaire","link":""},"img":{"alt_text":"","src":"","width":0,"height":0},"classes":[]},{"id":1045,"url":"https:\/\/triton.iplesp.upmc.fr\/hepather_ANRS\/la-cohorte\/description-de-la-cohorte\/etapes\/","url_meta":{"origin":3146,"position":5},"title":"Etapes","author":"admin_ft","date":"23 octobre 2018","format":false,"excerpt":"Calendrier pr\u00e9visionnel La premi\u00e8re inclusion a eu lieu le 06 ao\u00fbt 2012. Les inclusions ont \u00e9t\u00e9 suspendu le 31\/12\/2015 puis une reprise depuis l\u2019accord favorable de l\u2019amendement 5 du CPP jusqu\u2019au 30\/06\/2017. Les centres ont \u00e9t\u00e9 ouverts de fa\u00e7on s\u00e9quentielle et la fin de leurs inclusions sera d\u00e9cid\u00e9e en fonction\u2026","rel":"","context":"Article similaire","block_context":{"text":"Article similaire","link":""},"img":{"alt_text":"","src":"","width":0,"height":0},"classes":[]}],"_links":{"self":[{"href":"https:\/\/triton.iplesp.upmc.fr\/hepather_ANRS\/wp-json\/wp\/v2\/pages\/3146","targetHints":{"allow":["GET"]}}],"collection":[{"href":"https:\/\/triton.iplesp.upmc.fr\/hepather_ANRS\/wp-json\/wp\/v2\/pages"}],"about":[{"href":"https:\/\/triton.iplesp.upmc.fr\/hepather_ANRS\/wp-json\/wp\/v2\/types\/page"}],"author":[{"embeddable":true,"href":"https:\/\/triton.iplesp.upmc.fr\/hepather_ANRS\/wp-json\/wp\/v2\/users\/1"}],"replies":[{"embeddable":true,"href":"https:\/\/triton.iplesp.upmc.fr\/hepather_ANRS\/wp-json\/wp\/v2\/comments?post=3146"}],"version-history":[{"count":1,"href":"https:\/\/triton.iplesp.upmc.fr\/hepather_ANRS\/wp-json\/wp\/v2\/pages\/3146\/revisions"}],"predecessor-version":[{"id":3147,"href":"https:\/\/triton.iplesp.upmc.fr\/hepather_ANRS\/wp-json\/wp\/v2\/pages\/3146\/revisions\/3147"}],"wp:attachment":[{"href":"https:\/\/triton.iplesp.upmc.fr\/hepather_ANRS\/wp-json\/wp\/v2\/media?parent=3146"}],"curies":[{"name":"wp","href":"https:\/\/api.w.org\/{rel}","templated":true}]}}