{"id":793,"date":"2018-10-18T14:02:50","date_gmt":"2018-10-18T12:02:50","guid":{"rendered":"https:\/\/triton.u707.jussieu.fr\/hepatherWP_test\/?page_id=793"},"modified":"2021-09-07T14:34:50","modified_gmt":"2021-09-07T12:34:50","slug":"articles","status":"publish","type":"page","link":"https:\/\/triton.iplesp.upmc.fr\/hepather_ANRS\/articles\/","title":{"rendered":"Articles"},"content":{"rendered":"\n<p><\/p>\n\n\n\n<p><a href=\"https:\/\/triton.iplesp.upmc.fr\/hepather_ANRS\/actu-b\">\u00ab\u00a0HEPATHER : premi\u00e8re cohorte de l\u2019INSERM \u00e0 obtenir l\u2019autorisation de la commission nationale informatique et libert\u00e9 (CNIL) pour le cha\u00eenage avec le Syst\u00e8me National des Donn\u00e9es de Sant\u00e9 (SNDS)\u00a0\u00bb<\/a><\/p>\n\n\n\n<p><\/p>\n\n\n\n<p><a href=\"https:\/\/triton.iplesp.upmc.fr\/hepather_ANRS\/actu-a\">\u00ab\u00a0HEPATHER, source de donn\u00e9es pour une \u00e9tude command\u00e9e par la Haute Autorit\u00e9 de Sant\u00e9 concernant l\u2019efficacit\u00e9 virologique et la s\u00e9curit\u00e9 des antiviraux \u00e0<br>action directe dans le traitement de l\u2019h\u00e9patite C chronique chez les patients avec fibrose h\u00e9patique absente \u00e0 mod\u00e9r\u00e9e (F0\/F1)\u00a0\u00bb<\/a><\/p>\n\n\n\n<p><\/p>\n","protected":false},"excerpt":{"rendered":"<p>\u00ab\u00a0HEPATHER : premi\u00e8re cohorte de l\u2019INSERM \u00e0 obtenir l\u2019autorisation de la commission nationale informatique et libert\u00e9 (CNIL) pour le cha\u00eenage avec le Syst\u00e8me National des Donn\u00e9es de Sant\u00e9 (SNDS)\u00a0\u00bb \u00ab\u00a0HEPATHER, source de donn\u00e9es pour une \u00e9tude command\u00e9e par la Haute Autorit\u00e9 de Sant\u00e9 concernant l\u2019efficacit\u00e9 virologique et la s\u00e9curit\u00e9 des antiviraux \u00e0action directe dans le [&hellip;]<\/p>\n","protected":false},"author":2,"featured_media":0,"parent":0,"menu_order":2,"comment_status":"closed","ping_status":"closed","template":"","meta":{"_bbp_topic_count":0,"_bbp_reply_count":0,"_bbp_total_topic_count":0,"_bbp_total_reply_count":0,"_bbp_voice_count":0,"_bbp_anonymous_reply_count":0,"_bbp_topic_count_hidden":0,"_bbp_reply_count_hidden":0,"_bbp_forum_subforum_count":0,"jetpack_post_was_ever_published":false,"footnotes":""},"class_list":["post-793","page","type-page","status-publish","hentry"],"yoast_head":"<!-- This site is optimized with the Yoast SEO plugin v27.2 - https:\/\/yoast.com\/product\/yoast-seo-wordpress\/ -->\n<title>Articles - ANRS CO22 HEPATHER<\/title>\n<meta name=\"robots\" content=\"index, follow, max-snippet:-1, max-image-preview:large, max-video-preview:-1\" \/>\n<link rel=\"canonical\" href=\"https:\/\/triton.iplesp.upmc.fr\/hepather_ANRS\/articles\/\" \/>\n<meta property=\"og:locale\" content=\"fr_FR\" \/>\n<meta property=\"og:type\" content=\"article\" \/>\n<meta property=\"og:title\" content=\"Articles - ANRS CO22 HEPATHER\" \/>\n<meta property=\"og:description\" content=\"\u00ab\u00a0HEPATHER : premi\u00e8re cohorte de l\u2019INSERM \u00e0 obtenir l\u2019autorisation de la commission nationale informatique et libert\u00e9 (CNIL) pour le cha\u00eenage avec le Syst\u00e8me National des Donn\u00e9es de Sant\u00e9 (SNDS)\u00a0\u00bb \u00ab\u00a0HEPATHER, source de donn\u00e9es pour une \u00e9tude command\u00e9e par la Haute Autorit\u00e9 de Sant\u00e9 concernant l\u2019efficacit\u00e9 virologique et la s\u00e9curit\u00e9 des antiviraux \u00e0action directe dans le [&hellip;]\" \/>\n<meta property=\"og:url\" content=\"https:\/\/triton.iplesp.upmc.fr\/hepather_ANRS\/articles\/\" \/>\n<meta property=\"og:site_name\" content=\"ANRS CO22 HEPATHER\" \/>\n<meta property=\"article:modified_time\" content=\"2021-09-07T12:34:50+00:00\" \/>\n<meta name=\"twitter:card\" content=\"summary_large_image\" \/>\n<meta name=\"twitter:label1\" content=\"Dur\u00e9e de lecture estim\u00e9e\" \/>\n\t<meta name=\"twitter:data1\" content=\"1 minute\" \/>\n<script type=\"application\/ld+json\" class=\"yoast-schema-graph\">{\"@context\":\"https:\/\/schema.org\",\"@graph\":[{\"@type\":\"WebPage\",\"@id\":\"https:\/\/triton.iplesp.upmc.fr\/hepather_ANRS\/articles\/\",\"url\":\"https:\/\/triton.iplesp.upmc.fr\/hepather_ANRS\/articles\/\",\"name\":\"Articles - ANRS CO22 HEPATHER\",\"isPartOf\":{\"@id\":\"https:\/\/triton.iplesp.upmc.fr\/hepather_ANRS\/#website\"},\"datePublished\":\"2018-10-18T12:02:50+00:00\",\"dateModified\":\"2021-09-07T12:34:50+00:00\",\"breadcrumb\":{\"@id\":\"https:\/\/triton.iplesp.upmc.fr\/hepather_ANRS\/articles\/#breadcrumb\"},\"inLanguage\":\"fr-FR\",\"potentialAction\":[{\"@type\":\"ReadAction\",\"target\":[\"https:\/\/triton.iplesp.upmc.fr\/hepather_ANRS\/articles\/\"]}]},{\"@type\":\"BreadcrumbList\",\"@id\":\"https:\/\/triton.iplesp.upmc.fr\/hepather_ANRS\/articles\/#breadcrumb\",\"itemListElement\":[{\"@type\":\"ListItem\",\"position\":1,\"name\":\"Accueil\",\"item\":\"https:\/\/triton.iplesp.upmc.fr\/hepather_ANRS\/\"},{\"@type\":\"ListItem\",\"position\":2,\"name\":\"Articles\"}]},{\"@type\":\"WebSite\",\"@id\":\"https:\/\/triton.iplesp.upmc.fr\/hepather_ANRS\/#website\",\"url\":\"https:\/\/triton.iplesp.upmc.fr\/hepather_ANRS\/\",\"name\":\"ANRS CO22 HEPATHER\",\"description\":\"\",\"publisher\":{\"@id\":\"https:\/\/triton.iplesp.upmc.fr\/hepather_ANRS\/#organization\"},\"potentialAction\":[{\"@type\":\"SearchAction\",\"target\":{\"@type\":\"EntryPoint\",\"urlTemplate\":\"https:\/\/triton.iplesp.upmc.fr\/hepather_ANRS\/?s={search_term_string}\"},\"query-input\":{\"@type\":\"PropertyValueSpecification\",\"valueRequired\":true,\"valueName\":\"search_term_string\"}}],\"inLanguage\":\"fr-FR\"},{\"@type\":\"Organization\",\"@id\":\"https:\/\/triton.iplesp.upmc.fr\/hepather_ANRS\/#organization\",\"name\":\"IPLESP UMRS 1136\",\"url\":\"https:\/\/triton.iplesp.upmc.fr\/hepather_ANRS\/\",\"logo\":{\"@type\":\"ImageObject\",\"inLanguage\":\"fr-FR\",\"@id\":\"https:\/\/triton.iplesp.upmc.fr\/hepather_ANRS\/#\/schema\/logo\/image\/\",\"url\":\"https:\/\/i0.wp.com\/triton.iplesp.upmc.fr\/hepather_ANRS\/wp-content\/uploads\/2019\/02\/logoTagline_anrs_white.png?fit=464%2C175&ssl=1\",\"contentUrl\":\"https:\/\/i0.wp.com\/triton.iplesp.upmc.fr\/hepather_ANRS\/wp-content\/uploads\/2019\/02\/logoTagline_anrs_white.png?fit=464%2C175&ssl=1\",\"width\":464,\"height\":175,\"caption\":\"IPLESP UMRS 1136\"},\"image\":{\"@id\":\"https:\/\/triton.iplesp.upmc.fr\/hepather_ANRS\/#\/schema\/logo\/image\/\"}}]}<\/script>\n<!-- \/ Yoast SEO plugin. -->","yoast_head_json":{"title":"Articles - ANRS CO22 HEPATHER","robots":{"index":"index","follow":"follow","max-snippet":"max-snippet:-1","max-image-preview":"max-image-preview:large","max-video-preview":"max-video-preview:-1"},"canonical":"https:\/\/triton.iplesp.upmc.fr\/hepather_ANRS\/articles\/","og_locale":"fr_FR","og_type":"article","og_title":"Articles - ANRS CO22 HEPATHER","og_description":"\u00ab\u00a0HEPATHER : premi\u00e8re cohorte de l\u2019INSERM \u00e0 obtenir l\u2019autorisation de la commission nationale informatique et libert\u00e9 (CNIL) pour le cha\u00eenage avec le Syst\u00e8me National des Donn\u00e9es de Sant\u00e9 (SNDS)\u00a0\u00bb \u00ab\u00a0HEPATHER, source de donn\u00e9es pour une \u00e9tude command\u00e9e par la Haute Autorit\u00e9 de Sant\u00e9 concernant l\u2019efficacit\u00e9 virologique et la s\u00e9curit\u00e9 des antiviraux \u00e0action directe dans le [&hellip;]","og_url":"https:\/\/triton.iplesp.upmc.fr\/hepather_ANRS\/articles\/","og_site_name":"ANRS CO22 HEPATHER","article_modified_time":"2021-09-07T12:34:50+00:00","twitter_card":"summary_large_image","twitter_misc":{"Dur\u00e9e de lecture estim\u00e9e":"1 minute"},"schema":{"@context":"https:\/\/schema.org","@graph":[{"@type":"WebPage","@id":"https:\/\/triton.iplesp.upmc.fr\/hepather_ANRS\/articles\/","url":"https:\/\/triton.iplesp.upmc.fr\/hepather_ANRS\/articles\/","name":"Articles - ANRS CO22 HEPATHER","isPartOf":{"@id":"https:\/\/triton.iplesp.upmc.fr\/hepather_ANRS\/#website"},"datePublished":"2018-10-18T12:02:50+00:00","dateModified":"2021-09-07T12:34:50+00:00","breadcrumb":{"@id":"https:\/\/triton.iplesp.upmc.fr\/hepather_ANRS\/articles\/#breadcrumb"},"inLanguage":"fr-FR","potentialAction":[{"@type":"ReadAction","target":["https:\/\/triton.iplesp.upmc.fr\/hepather_ANRS\/articles\/"]}]},{"@type":"BreadcrumbList","@id":"https:\/\/triton.iplesp.upmc.fr\/hepather_ANRS\/articles\/#breadcrumb","itemListElement":[{"@type":"ListItem","position":1,"name":"Accueil","item":"https:\/\/triton.iplesp.upmc.fr\/hepather_ANRS\/"},{"@type":"ListItem","position":2,"name":"Articles"}]},{"@type":"WebSite","@id":"https:\/\/triton.iplesp.upmc.fr\/hepather_ANRS\/#website","url":"https:\/\/triton.iplesp.upmc.fr\/hepather_ANRS\/","name":"ANRS CO22 HEPATHER","description":"","publisher":{"@id":"https:\/\/triton.iplesp.upmc.fr\/hepather_ANRS\/#organization"},"potentialAction":[{"@type":"SearchAction","target":{"@type":"EntryPoint","urlTemplate":"https:\/\/triton.iplesp.upmc.fr\/hepather_ANRS\/?s={search_term_string}"},"query-input":{"@type":"PropertyValueSpecification","valueRequired":true,"valueName":"search_term_string"}}],"inLanguage":"fr-FR"},{"@type":"Organization","@id":"https:\/\/triton.iplesp.upmc.fr\/hepather_ANRS\/#organization","name":"IPLESP UMRS 1136","url":"https:\/\/triton.iplesp.upmc.fr\/hepather_ANRS\/","logo":{"@type":"ImageObject","inLanguage":"fr-FR","@id":"https:\/\/triton.iplesp.upmc.fr\/hepather_ANRS\/#\/schema\/logo\/image\/","url":"https:\/\/i0.wp.com\/triton.iplesp.upmc.fr\/hepather_ANRS\/wp-content\/uploads\/2019\/02\/logoTagline_anrs_white.png?fit=464%2C175&ssl=1","contentUrl":"https:\/\/i0.wp.com\/triton.iplesp.upmc.fr\/hepather_ANRS\/wp-content\/uploads\/2019\/02\/logoTagline_anrs_white.png?fit=464%2C175&ssl=1","width":464,"height":175,"caption":"IPLESP UMRS 1136"},"image":{"@id":"https:\/\/triton.iplesp.upmc.fr\/hepather_ANRS\/#\/schema\/logo\/image\/"}}]}},"jetpack_sharing_enabled":true,"jetpack_shortlink":"https:\/\/wp.me\/PaQKc4-cN","jetpack-related-posts":[{"id":1049,"url":"https:\/\/triton.iplesp.upmc.fr\/hepather_ANRS\/la-cohorte\/description-de-la-cohorte\/methodologie\/","url_meta":{"origin":793,"position":0},"title":"M\u00e9thodologie","author":"admin_ft","date":"23 octobre 2018","format":false,"excerpt":"La cohorte ANRS CO22 Hepather est constitu\u00e9e de patients atteints du virus de l'h\u00e9patite B \u2013 VHB et\/ou du virus de l'h\u00e9patite C chronique, aig\u00fce ou gu\u00e9rie. Il s'agit d'une \u00e9tude observationnelle multicentrique sous forme de partenariat public et priv\u00e9 avec un recueil prospectif de donn\u00e9es et la constitution de\u2026","rel":"","context":"Article similaire","block_context":{"text":"Article similaire","link":""},"img":{"alt_text":"","src":"","width":0,"height":0},"classes":[]},{"id":186,"url":"https:\/\/triton.iplesp.upmc.fr\/hepather_ANRS\/espace-patients\/vos-droits\/","url_meta":{"origin":793,"position":1},"title":"Vos droits","author":"admin_fchau","date":"24 janvier 2018","format":false,"excerpt":"Information sur le RGPD (R\u00e8glement G\u00e9n\u00e9ral sur la Protection des Donn\u00e9es) Depuis le 25 mai 2018, une nouvelle r\u00e9glementation est entr\u00e9e en application dans l\u2019Union Europ\u00e9enne. Elle permet d\u2019harmoniser le cadre juridique de la protection de donn\u00e9es personnelles et de rendre le traitement des donn\u00e9es collect\u00e9es plus transparent \u00e0 l\u2019\u00e9gard\u2026","rel":"","context":"Article similaire","block_context":{"text":"Article similaire","link":""},"img":{"alt_text":"","src":"","width":0,"height":0},"classes":[]},{"id":1598,"url":"https:\/\/triton.iplesp.upmc.fr\/hepather_ANRS\/la-cohorte\/description-de-la-cohorte\/interets-de-la-cohorte\/","url_meta":{"origin":793,"position":2},"title":"Int\u00e9r\u00eats de la cohorte","author":"admin_ft","date":"5 novembre 2018","format":false,"excerpt":"HEPATHER, en interaction principalement avec les acteurs de sant\u00e9 publique : \u203a en interactions permanentes avec les autorit\u00e9s de sant\u00e9 \u203a Autorit\u00e9 Nationale de la Sant\u00e9 (HAS) \u203a Agence Nationale de la S\u00e9curit\u00e9 du M\u00e9dicament et des Produits de Sant\u00e9 (ANSM) \u203a Direction de la sant\u00e9 - Minist\u00e8re de la\u2026","rel":"","context":"Article similaire","block_context":{"text":"Article similaire","link":""},"img":{"alt_text":"","src":"","width":0,"height":0},"classes":[]},{"id":165,"url":"https:\/\/triton.iplesp.upmc.fr\/hepather_ANRS\/la-cohorte\/description-de-la-cohorte\/","url_meta":{"origin":793,"position":3},"title":"Description de la cohorte","author":"admin_fchau","date":"24 janvier 2018","format":false,"excerpt":"La cohorte ANRS CO22 Hepather a \u00e9t\u00e9 lanc\u00e9e \u00e0 l\u2019initiative de l\u2019ANRS - France Recherche Nord & Sud Sida-hiv H\u00e9patites, de l\u2019Inserm - Institut national de la sant\u00e9 et de la recherche m\u00e9dicale et de l\u2019Afef - Association Fran\u00e7aise pour l\u2019\u00c9tude du Foie. Elle consiste \u00e0 \u00e9tudier les h\u00e9patites B\u2026","rel":"","context":"Article similaire","block_context":{"text":"Article similaire","link":""},"img":{"alt_text":"","src":"","width":0,"height":0},"classes":[]},{"id":2432,"url":"https:\/\/triton.iplesp.upmc.fr\/hepather_ANRS\/la-cohorte\/documentation\/","url_meta":{"origin":793,"position":4},"title":"Documentation","author":"admin_ft","date":"17 d\u00e9cembre 2018","format":false,"excerpt":"Protocole : Protocole ANRS CO22 Hepather du 04\/12\/2018 Comit\u00e9 consultatif sur le traitement de l'information en mati\u00e8re de recherche dans le domaine de la sant\u00e9 : Avis initial Autorisation de la CNIL : D\u00e9cision DR-2013-611 Autorisation de la CNIL : D\u00e9lib\u00e9ration n\u00b0 2018-300 du 19 juillet 2018 Cahier des variables\u2026","rel":"","context":"Article similaire","block_context":{"text":"Article similaire","link":""},"img":{"alt_text":"","src":"","width":0,"height":0},"classes":[]},{"id":182,"url":"https:\/\/triton.iplesp.upmc.fr\/hepather_ANRS\/espace-patients\/comment-est-organisee-linclusion\/","url_meta":{"origin":793,"position":5},"title":"Comment est organis\u00e9e l\u2019inclusion","author":"admin_fchau","date":"24 janvier 2018","format":false,"excerpt":"Pour participer \u00e0 la cohorte ANRS CO22 Hepather, un patient doit respecter les crit\u00e8res d\u2019\u00e9ligibilit\u00e9 suivant\u00a0: Crit\u00e8res d'inclusion : Patients ayant ou ayant eu une h\u00e9patite B : - h\u00e9patite B chronique d\u00e9finie par un HBsAg, antig\u00e8ne de surface du virus de l\u2019h\u00e9patite B, positif pendant au moins 6 mois,\u2026","rel":"","context":"Article similaire","block_context":{"text":"Article similaire","link":""},"img":{"alt_text":"","src":"","width":0,"height":0},"classes":[]}],"_links":{"self":[{"href":"https:\/\/triton.iplesp.upmc.fr\/hepather_ANRS\/wp-json\/wp\/v2\/pages\/793","targetHints":{"allow":["GET"]}}],"collection":[{"href":"https:\/\/triton.iplesp.upmc.fr\/hepather_ANRS\/wp-json\/wp\/v2\/pages"}],"about":[{"href":"https:\/\/triton.iplesp.upmc.fr\/hepather_ANRS\/wp-json\/wp\/v2\/types\/page"}],"author":[{"embeddable":true,"href":"https:\/\/triton.iplesp.upmc.fr\/hepather_ANRS\/wp-json\/wp\/v2\/users\/2"}],"replies":[{"embeddable":true,"href":"https:\/\/triton.iplesp.upmc.fr\/hepather_ANRS\/wp-json\/wp\/v2\/comments?post=793"}],"version-history":[{"count":7,"href":"https:\/\/triton.iplesp.upmc.fr\/hepather_ANRS\/wp-json\/wp\/v2\/pages\/793\/revisions"}],"predecessor-version":[{"id":3232,"href":"https:\/\/triton.iplesp.upmc.fr\/hepather_ANRS\/wp-json\/wp\/v2\/pages\/793\/revisions\/3232"}],"wp:attachment":[{"href":"https:\/\/triton.iplesp.upmc.fr\/hepather_ANRS\/wp-json\/wp\/v2\/media?parent=793"}],"curies":[{"name":"wp","href":"https:\/\/api.w.org\/{rel}","templated":true}]}}